{"id":87161,"date":"2023-12-01T05:12:35","date_gmt":"2023-12-01T04:12:35","guid":{"rendered":"https:\/\/power-shift.de\/?post_type=product&#038;p=87161"},"modified":"2025-09-25T12:23:04","modified_gmt":"2025-09-25T10:23:04","slug":"global-gerechte-gruene-transformation","status":"publish","type":"product","link":"https:\/\/archiv.power-shift.de\/fr\/produit\/global-gerechte-gruene-transformation\/","title":{"rendered":"Guide de voyage: Une transition \u00e9cologique juste \u00e0 l'\u00e9chelle mondiale?"},"content":{"rendered":"<p><a class=\"button\" href=\"https:\/\/archiv.power-shift.de\/fr\/global-gerechte-gruene-transformation\/\">Zur Publikation<\/a><\/p>","protected":false},"excerpt":{"rendered":"<p>Die Rolle von Handelsabkommen f\u00fcr die europ\u00e4ische Rohstoffsicherung<\/p>","protected":false},"featured_media":87152,"template":"","meta":{"episode_type":"","audio_file":"","cover_image":"","cover_image_id":"","duration":"","filesize":"","date_recorded":"","explicit":"","block":"","itunes_episode_number":"","itunes_title":"","itunes_season_number":"","itunes_episode_type":"","filesize_raw":""},"product_brand":[],"product_cat":[321,38],"product_tag":[],"class_list":{"0":"post-87161","1":"product","2":"type-product","3":"status-publish","4":"has-post-thumbnail","6":"product_cat-handels-und-investitionspolitik","7":"product_cat-sonstiges","9":"first","10":"outofstock","11":"shipping-taxable","12":"purchasable","13":"product-type-simple"},"_links":{"self":[{"href":"https:\/\/archiv.power-shift.de\/fr\/wp-json\/wp\/v2\/product\/87161","targetHints":{"allow":["GET"]}}],"collection":[{"href":"https:\/\/archiv.power-shift.de\/fr\/wp-json\/wp\/v2\/product"}],"about":[{"href":"https:\/\/archiv.power-shift.de\/fr\/wp-json\/wp\/v2\/types\/product"}],"wp:featuredmedia":[{"embeddable":true,"href":"https:\/\/archiv.power-shift.de\/fr\/wp-json\/wp\/v2\/media\/87152"}],"wp:attachment":[{"href":"https:\/\/archiv.power-shift.de\/fr\/wp-json\/wp\/v2\/media?parent=87161"}],"wp:term":[{"taxonomy":"product_brand","embeddable":true,"href":"https:\/\/archiv.power-shift.de\/fr\/wp-json\/wp\/v2\/product_brand?post=87161"},{"taxonomy":"product_cat","embeddable":true,"href":"https:\/\/archiv.power-shift.de\/fr\/wp-json\/wp\/v2\/product_cat?post=87161"},{"taxonomy":"product_tag","embeddable":true,"href":"https:\/\/archiv.power-shift.de\/fr\/wp-json\/wp\/v2\/product_tag?post=87161"}],"curies":[{"name":"wp","href":"https:\/\/api.w.org\/{rel}","templated":true}]}}