{"id":82973,"date":"2023-02-28T10:00:43","date_gmt":"2023-02-28T09:00:43","guid":{"rendered":"https:\/\/power-shift.de\/?post_type=product&#038;p=82973"},"modified":"2025-09-25T12:23:05","modified_gmt":"2025-09-25T10:23:05","slug":"infoposter-for-export-only","status":"publish","type":"product","link":"https:\/\/archiv.power-shift.de\/fr\/produit\/infoposter-for-export-only\/","title":{"rendered":"Affiche d'information: Accords commerciaux de l'UE et agriculture \u00e0 petite \u00e9chelle en Am\u00e9rique latine"},"content":{"rendered":"<p><a class=\"button\" href=\"https:\/\/archiv.power-shift.de\/fr\/infoposter-for-export-only\/\">Zur Publikation<\/a><\/p>","protected":false},"excerpt":{"rendered":"<p>For Export Only: Wie sich EU-Handelsabkommen auf die lokale Landwirtschaft und Ern\u00e4hrung in Chile, Mexiko und den Mercosur auswirken<\/p>\n<p>Poster mit Informationen zum Agrarhandel der EU mit Mexiko, Chile und dem Mercosur sowie den erwarteten Folgen der geplanten Handelsabkommen. Gr\u00f6\u00dfe DIN A2 (zusammengeklappt DIN A5). <\/p>","protected":false},"featured_media":82975,"template":"","meta":{"episode_type":"","audio_file":"","cover_image":"","cover_image_id":"","duration":"","filesize":"","date_recorded":"","explicit":"","block":"","itunes_episode_number":"","itunes_title":"","itunes_season_number":"","itunes_episode_type":"","filesize_raw":""},"product_brand":[],"product_cat":[405,377,321,38],"product_tag":[],"class_list":{"0":"post-82973","1":"product","2":"type-product","3":"status-publish","4":"has-post-thumbnail","6":"product_cat-infographik","7":"product_cat-produkt","8":"product_cat-handels-und-investitionspolitik","9":"product_cat-sonstiges","11":"first","12":"outofstock","13":"shipping-taxable","14":"purchasable","15":"product-type-simple"},"_links":{"self":[{"href":"https:\/\/archiv.power-shift.de\/fr\/wp-json\/wp\/v2\/product\/82973","targetHints":{"allow":["GET"]}}],"collection":[{"href":"https:\/\/archiv.power-shift.de\/fr\/wp-json\/wp\/v2\/product"}],"about":[{"href":"https:\/\/archiv.power-shift.de\/fr\/wp-json\/wp\/v2\/types\/product"}],"wp:featuredmedia":[{"embeddable":true,"href":"https:\/\/archiv.power-shift.de\/fr\/wp-json\/wp\/v2\/media\/82975"}],"wp:attachment":[{"href":"https:\/\/archiv.power-shift.de\/fr\/wp-json\/wp\/v2\/media?parent=82973"}],"wp:term":[{"taxonomy":"product_brand","embeddable":true,"href":"https:\/\/archiv.power-shift.de\/fr\/wp-json\/wp\/v2\/product_brand?post=82973"},{"taxonomy":"product_cat","embeddable":true,"href":"https:\/\/archiv.power-shift.de\/fr\/wp-json\/wp\/v2\/product_cat?post=82973"},{"taxonomy":"product_tag","embeddable":true,"href":"https:\/\/archiv.power-shift.de\/fr\/wp-json\/wp\/v2\/product_tag?post=82973"}],"curies":[{"name":"wp","href":"https:\/\/api.w.org\/{rel}","templated":true}]}}