{"id":77879,"date":"2021-11-16T14:53:25","date_gmt":"2021-11-16T13:53:25","guid":{"rendered":"https:\/\/power-shift.de\/?post_type=product&#038;p=77879"},"modified":"2025-09-25T12:23:13","modified_gmt":"2025-09-25T10:23:13","slug":"veraenderungsurkunde-design-2","status":"publish","type":"product","link":"https:\/\/archiv.power-shift.de\/fr\/produit\/veraenderungsurkunde-design-2\/","title":{"rendered":"Ver\u00e4nderungsurkunde"},"content":{"rendered":"<p>Globale Ungleichheit, Klimakatastrophe, Ausbeutung von Mensch und Natur \u2013 die Probleme sind gro\u00df. PowerShift ist ein gemeinn\u00fctziger Verein. Wir k\u00e4mpfen seit 2010 f\u00fcr eine \u00f6kologisch und sozial gerechtere Weltwirtschaft. Mit einer Spende oder einer Mitgliedschaft k\u00f6nnen auch Sie unser Engagement f\u00fcr eine gerechtere Weltwirtschaft unterst\u00fctzen. Tragen Sie dazu bei, dass wir den Kampf fortf\u00fchren k\u00f6nnen.<\/p>\n<p>F\u00fcr Ihre Spende erhalten Sie eine Urkunde im PDF-Format zum selbst ausdrucken oder versenden.<\/p>","protected":false},"excerpt":{"rendered":"<p>Globale Ungleichheit, Klimakatastrophe, Ausbeutung von Mensch und Natur \u2013 die Probleme sind gro\u00df. PowerShift ist ein gemeinn\u00fctziger Verein. Wir k\u00e4mpfen seit 2010 f\u00fcr eine \u00f6kologisch und sozial gerechtere Weltwirtschaft. Mit [&hellip;]<\/p>","protected":false},"featured_media":77873,"template":"","meta":{"episode_type":"","audio_file":"","cover_image":"","cover_image_id":"","duration":"","filesize":"","date_recorded":"","explicit":"","block":"","itunes_episode_number":"","itunes_title":"","itunes_season_number":"","itunes_episode_type":"","filesize_raw":""},"product_brand":[],"product_cat":[424],"product_tag":[],"class_list":{"0":"post-77879","1":"product","2":"type-product","3":"status-publish","4":"has-post-thumbnail","6":"product_cat-spende","8":"first","9":"outofstock","10":"shipping-taxable","11":"purchasable","12":"product-type-variable"},"_links":{"self":[{"href":"https:\/\/archiv.power-shift.de\/fr\/wp-json\/wp\/v2\/product\/77879","targetHints":{"allow":["GET"]}}],"collection":[{"href":"https:\/\/archiv.power-shift.de\/fr\/wp-json\/wp\/v2\/product"}],"about":[{"href":"https:\/\/archiv.power-shift.de\/fr\/wp-json\/wp\/v2\/types\/product"}],"wp:featuredmedia":[{"embeddable":true,"href":"https:\/\/archiv.power-shift.de\/fr\/wp-json\/wp\/v2\/media\/77873"}],"wp:attachment":[{"href":"https:\/\/archiv.power-shift.de\/fr\/wp-json\/wp\/v2\/media?parent=77879"}],"wp:term":[{"taxonomy":"product_brand","embeddable":true,"href":"https:\/\/archiv.power-shift.de\/fr\/wp-json\/wp\/v2\/product_brand?post=77879"},{"taxonomy":"product_cat","embeddable":true,"href":"https:\/\/archiv.power-shift.de\/fr\/wp-json\/wp\/v2\/product_cat?post=77879"},{"taxonomy":"product_tag","embeddable":true,"href":"https:\/\/archiv.power-shift.de\/fr\/wp-json\/wp\/v2\/product_tag?post=77879"}],"curies":[{"name":"wp","href":"https:\/\/api.w.org\/{rel}","templated":true}]}}