{"id":77011,"date":"2021-09-14T09:58:10","date_gmt":"2021-09-14T07:58:10","guid":{"rendered":"https:\/\/power-shift.de\/?post_type=product&#038;p=77011"},"modified":"2025-09-25T12:23:09","modified_gmt":"2025-09-25T10:23:09","slug":"die-vergessenen-batterierohstoffe-bauxit-und-aluminium-staub-in-den-lungen-batterien-in-den-autos","status":"publish","type":"product","link":"https:\/\/archiv.power-shift.de\/fr\/produit\/die-vergessenen-batterierohstoffe-bauxit-und-aluminium-staub-in-den-lungen-batterien-in-den-autos\/","title":{"rendered":"Die vergessenen Batterierohstoffe: Bauxit und Aluminium \u2013 Staub in den Lungen, Batterien in den Autos"},"content":{"rendered":"<p><a class=\"button\" href=\"https:\/\/archiv.power-shift.de\/fr\/die-vergessenen-batterierohstoffe-bauxit-und-aluminium\/\">Zur Publikation<\/a><\/p>","protected":false},"excerpt":{"rendered":"<p>Aluminium spielt bei der Herstellung von Batterien in zwei Bereichen eine wichtige Rolle: Zum einen kommt der Rohstoff neben Stahl regelm\u00e4\u00dfig bei der Fertigung des Batteriegeh\u00e4uses zum Einsatz. Zum anderen wird er als Kathoden-Kollektorfolie verwendet.<\/p>","protected":false},"featured_media":76738,"template":"","meta":{"episode_type":"","audio_file":"","cover_image":"","cover_image_id":"","duration":"","filesize":"","date_recorded":"","explicit":"","block":"","itunes_episode_number":"","itunes_title":"","itunes_season_number":"","itunes_episode_type":"","filesize_raw":""},"product_brand":[],"product_cat":[412,322,323],"product_tag":[],"class_list":{"0":"post-77011","1":"product","2":"type-product","3":"status-publish","4":"has-post-thumbnail","6":"product_cat-steckbrief","7":"product_cat-klimapolitik","8":"product_cat-rohstoffpolitik","10":"first","11":"outofstock","12":"shipping-taxable","13":"purchasable","14":"product-type-simple"},"_links":{"self":[{"href":"https:\/\/archiv.power-shift.de\/fr\/wp-json\/wp\/v2\/product\/77011","targetHints":{"allow":["GET"]}}],"collection":[{"href":"https:\/\/archiv.power-shift.de\/fr\/wp-json\/wp\/v2\/product"}],"about":[{"href":"https:\/\/archiv.power-shift.de\/fr\/wp-json\/wp\/v2\/types\/product"}],"wp:featuredmedia":[{"embeddable":true,"href":"https:\/\/archiv.power-shift.de\/fr\/wp-json\/wp\/v2\/media\/76738"}],"wp:attachment":[{"href":"https:\/\/archiv.power-shift.de\/fr\/wp-json\/wp\/v2\/media?parent=77011"}],"wp:term":[{"taxonomy":"product_brand","embeddable":true,"href":"https:\/\/archiv.power-shift.de\/fr\/wp-json\/wp\/v2\/product_brand?post=77011"},{"taxonomy":"product_cat","embeddable":true,"href":"https:\/\/archiv.power-shift.de\/fr\/wp-json\/wp\/v2\/product_cat?post=77011"},{"taxonomy":"product_tag","embeddable":true,"href":"https:\/\/archiv.power-shift.de\/fr\/wp-json\/wp\/v2\/product_tag?post=77011"}],"curies":[{"name":"wp","href":"https:\/\/api.w.org\/{rel}","templated":true}]}}