{"id":22589,"date":"2020-03-09T13:24:04","date_gmt":"2020-03-09T12:24:04","guid":{"rendered":"https:\/\/power-shift.de\/?post_type=product&#038;p=22589"},"modified":"2025-09-25T12:23:11","modified_gmt":"2025-09-25T10:23:11","slug":"autos-sind-boese-sticker","status":"publish","type":"product","link":"https:\/\/archiv.power-shift.de\/fr\/produit\/autos-sind-boese-sticker\/","title":{"rendered":"&#8220;Autos sind b\u00f6se&#8221; &#8211; Sticker Berliner Stra\u00dfen f\u00fcr alle!"},"content":{"rendered":"<p><a class=\"button\"\nhref=\"https:\/\/archiv.power-shift.de\/fr\/campaign\/berliner-strassen-fuer-alle\/\">Zur Kampagne<\/a><\/p>","protected":false},"excerpt":{"rendered":"<p>Zur Kampagne<\/p>","protected":false},"featured_media":22590,"template":"","meta":{"episode_type":"","audio_file":"","cover_image":"","cover_image_id":"","duration":"","filesize":"","date_recorded":"","explicit":"","block":"","itunes_episode_number":"","itunes_title":"","itunes_season_number":"","itunes_episode_type":"","filesize_raw":""},"product_brand":[],"product_cat":[377,378,322,38],"product_tag":[],"class_list":{"0":"post-22589","1":"product","2":"type-product","3":"status-publish","4":"has-post-thumbnail","6":"product_cat-produkt","7":"product_cat-sticker","8":"product_cat-klimapolitik","9":"product_cat-sonstiges","11":"first","12":"outofstock","13":"shipping-taxable","14":"purchasable","15":"product-type-simple"},"_links":{"self":[{"href":"https:\/\/archiv.power-shift.de\/fr\/wp-json\/wp\/v2\/product\/22589","targetHints":{"allow":["GET"]}}],"collection":[{"href":"https:\/\/archiv.power-shift.de\/fr\/wp-json\/wp\/v2\/product"}],"about":[{"href":"https:\/\/archiv.power-shift.de\/fr\/wp-json\/wp\/v2\/types\/product"}],"wp:featuredmedia":[{"embeddable":true,"href":"https:\/\/archiv.power-shift.de\/fr\/wp-json\/wp\/v2\/media\/22590"}],"wp:attachment":[{"href":"https:\/\/archiv.power-shift.de\/fr\/wp-json\/wp\/v2\/media?parent=22589"}],"wp:term":[{"taxonomy":"product_brand","embeddable":true,"href":"https:\/\/archiv.power-shift.de\/fr\/wp-json\/wp\/v2\/product_brand?post=22589"},{"taxonomy":"product_cat","embeddable":true,"href":"https:\/\/archiv.power-shift.de\/fr\/wp-json\/wp\/v2\/product_cat?post=22589"},{"taxonomy":"product_tag","embeddable":true,"href":"https:\/\/archiv.power-shift.de\/fr\/wp-json\/wp\/v2\/product_tag?post=22589"}],"curies":[{"name":"wp","href":"https:\/\/api.w.org\/{rel}","templated":true}]}}