{"id":22175,"date":"2019-08-29T12:03:34","date_gmt":"2019-08-29T10:03:34","guid":{"rendered":"https:\/\/power-shift.de\/?post_type=product&#038;p=22175"},"modified":"2025-09-25T12:23:12","modified_gmt":"2025-09-25T10:23:12","slug":"regulatorische-kooperation-in-ceta","status":"publish","type":"product","link":"https:\/\/archiv.power-shift.de\/fr\/produit\/regulatorische-kooperation-in-ceta\/","title":{"rendered":"Coop\u00e9ration r\u00e9glementaire dans le cadre du CETA"},"content":{"rendered":"","protected":false},"excerpt":{"rendered":"<h4>Gefahr f\u00fcr Umwelt und VerbraucherInnen?<\/h4>","protected":false},"featured_media":22169,"template":"","meta":{"episode_type":"","audio_file":"","cover_image":"","cover_image_id":"","duration":"","filesize":"","date_recorded":"","explicit":"","block":"","itunes_episode_number":"","itunes_title":"","itunes_season_number":"","itunes_episode_type":"","filesize_raw":""},"product_brand":[],"product_cat":[377,321,293],"product_tag":[318,320,299,319],"class_list":{"0":"post-22175","1":"product","2":"type-product","3":"status-publish","4":"has-post-thumbnail","6":"product_cat-produkt","7":"product_cat-handels-und-investitionspolitik","8":"product_cat-factsheet","9":"product_tag-ceta","10":"product_tag-regulatorische-kooperation","11":"product_tag-umwelt","12":"product_tag-verbraucherinnen","14":"first","15":"outofstock","16":"shipping-taxable","17":"purchasable","18":"product-type-simple"},"_links":{"self":[{"href":"https:\/\/archiv.power-shift.de\/fr\/wp-json\/wp\/v2\/product\/22175","targetHints":{"allow":["GET"]}}],"collection":[{"href":"https:\/\/archiv.power-shift.de\/fr\/wp-json\/wp\/v2\/product"}],"about":[{"href":"https:\/\/archiv.power-shift.de\/fr\/wp-json\/wp\/v2\/types\/product"}],"wp:featuredmedia":[{"embeddable":true,"href":"https:\/\/archiv.power-shift.de\/fr\/wp-json\/wp\/v2\/media\/22169"}],"wp:attachment":[{"href":"https:\/\/archiv.power-shift.de\/fr\/wp-json\/wp\/v2\/media?parent=22175"}],"wp:term":[{"taxonomy":"product_brand","embeddable":true,"href":"https:\/\/archiv.power-shift.de\/fr\/wp-json\/wp\/v2\/product_brand?post=22175"},{"taxonomy":"product_cat","embeddable":true,"href":"https:\/\/archiv.power-shift.de\/fr\/wp-json\/wp\/v2\/product_cat?post=22175"},{"taxonomy":"product_tag","embeddable":true,"href":"https:\/\/archiv.power-shift.de\/fr\/wp-json\/wp\/v2\/product_tag?post=22175"}],"curies":[{"name":"wp","href":"https:\/\/api.w.org\/{rel}","templated":true}]}}