{"id":84239,"date":"2023-04-19T09:50:52","date_gmt":"2023-04-19T07:50:52","guid":{"rendered":"https:\/\/power-shift.de\/?page_id=84239"},"modified":"2024-04-26T12:53:58","modified_gmt":"2024-04-26T10:53:58","slug":"ceta-ueberblick","status":"publish","type":"page","link":"https:\/\/archiv.power-shift.de\/fr\/ceta-ueberblick\/","title":{"rendered":"Tout ce que vous devez savoir sur le CETA"},"content":{"rendered":"<div id=\"pl-84239\"  class=\"panel-layout\" ><div id=\"pg-84239-0\"  class=\"panel-grid panel-no-style\" ><div id=\"pgc-84239-0-0\"  class=\"panel-grid-cell\" ><div id=\"panel-84239-0-0-0\" class=\"so-panel widget widget_sow-editor panel-first-child\" data-index=\"0\" ><div\n\t\t\t\n\t\t\tclass=\"so-widget-sow-editor so-widget-sow-editor-base\"\n\t\t\t\n\t\t>\n<div class=\"siteorigin-widget-tinymce textwidget\">\n\t<p>En 2015\/16, des centaines de milliers de citoyens sont descendus dans la rue pour manifester contre les accords commerciaux n\u00e9olib\u00e9raux TTIP et CETA. \u00c0 l'\u00e9poque, il semblait que la politique avait \u00e9cout\u00e9 et promis des am\u00e9liorations. Mais les gouvernements se sont \u00e0 nouveau effondr\u00e9s. L\u2019accord commercial UE-Canada (AECG) est en grande partie appliqu\u00e9 \u00e0 titre provisoire depuis 2017. Les <strong>Les tribunaux arbitraux controvers\u00e9s<\/strong>, qui conf\u00e8rent aux groupes d\u2019entreprises des droits d\u2019action sp\u00e9ciaux, <strong>sont jusqu'\u00e0 pr\u00e9sent<\/strong> toutefois: <strong>pas en vigueur. <\/strong>Toutefois,<strong> Cela pourrait bient\u00f4t changer<\/strong>: Les <strong>Gouvernement f\u00e9d\u00e9ral<\/strong>\u00a0Le CETA doit \u00eatre ratifi\u00e9 dans son int\u00e9gralit\u00e9, et <strong>Les droits d'action sp\u00e9ciale ouvrent la voie<\/strong>. L'homme et l'environnement n'ont aucune contre-valeur pour cette complaisance vis-\u00e0-vis des int\u00e9r\u00eats du groupe. En ces temps de crises et de catastrophes sociales et \u00e9cologiques, ce projet est irresponsable. Les <strong>La ratification d\u00e9finitive de l\u2019AECG renforcera, entre autres, la protection des investissements dans les \u00e9nergies fossiles et entravera davantage la transition \u00e9nerg\u00e9tique<\/strong>. Une \u00ab d\u00e9claration d'interpr\u00e9tation \u00bb qui, selon les plans du gouvernement f\u00e9d\u00e9ral, doit encore \u00eatre annex\u00e9e \u00e0 l'AECG n'y change rien.<\/p>\n<\/div>\n<\/div><\/div><div id=\"panel-84239-0-0-1\" class=\"so-panel widget widget_lsow-portfolio\" data-index=\"1\" ><div\n\t\t\t\n\t\t\tclass=\"so-widget-lsow-portfolio so-widget-lsow-portfolio-default-1398c7c9e37b-84239\"\n\t\t\t\n\t\t><h3 class=\"widget-title\">Nos publications CETA<\/h3><div class=\"lsow-portfolio-wrap lsow-gapless-grid\"><div id=\"lsow-portfolio-69fea30df2cd6\" class=\"lsow-portfolio js-isotope lsow-fitRows lsow-grid-container  lsow-grid-desktop-4 lsow-grid-tablet-2 lsow-grid-mobile-1\" data-isotope-options='{ \"itemSelector\": \".lsow-portfolio-item\", \"layoutMode\": \"fitRows\"}'><div data-id=\"id-88410\" class=\"lsow-grid-item lsow-portfolio-item  term-199\"><article id=\"post-88410\" class=\"post-88410 post type-post status-publish format-standard has-post-thumbnail hentry category-publication\"><div class=\"lsow-project-image\"><a href=\"https:\/\/archiv.power-shift.de\/fr\/ceta-climate-impact\/\" target=\"_self\"><img fetchpriority=\"high\" decoding=\"async\" width=\"550\" height=\"400\" src=\"https:\/\/archiv.power-shift.de\/wp-content\/uploads\/2024\/03\/PowerShift_CETA_Oilsands_Kris-Krueg_CClicense-550x400.jpg\" class=\"lsow-image skip-lazy no-lazyload exclude-me a3-notlazy wp-post-image\" alt=\"Raffinerie de sable bitumineux dans le nord de l&#039;Alberta, Canada\" data-no-lazy=\"1\" loading=\"eager\" \/><\/a><div class=\"lsow-image-info\"><div class=\"lsow-entry-info\"><h3 class=\"lsow-post-title\"><a href=\"https:\/\/archiv.power-shift.de\/fr\/ceta-climate-impact\/\" title=\"CETA Climate Impact Analysis\" target=\"_self\" rel=\"bookmark\">CETA Climate Impact Analysis<\/a><\/h3><\/div><\/div><!-- .lsow-image-info --><\/div><div class=\"lsow-entry-text-wrap\"><h3 class=\"entry-title\"><a href=\"https:\/\/archiv.power-shift.de\/fr\/ceta-climate-impact\/\" title=\"CETA Climate Impact Analysis\" target=\"_self\" rel=\"bookmark\">CETA Climate Impact Analysis<\/a><\/h3><\/div><\/article><!-- .hentry --><\/div><div data-id=\"id-85919\" class=\"lsow-grid-item lsow-portfolio-item  term-84 term-87 term-379\"><article id=\"post-85919\" class=\"post-85919 post type-post status-publish format-standard has-post-thumbnail hentry category-alle category-handels-u-investitionspolitik category-publikation\"><div class=\"lsow-project-image\"><a href=\"https:\/\/archiv.power-shift.de\/fr\/ceta-interpretationserklaerung\/\" target=\"_self\"><img decoding=\"async\" width=\"550\" height=\"400\" src=\"https:\/\/archiv.power-shift.de\/wp-content\/uploads\/2023\/09\/Kein-Titel-Praesentation-1-550x400.jpg\" class=\"lsow-image skip-lazy no-lazyload exclude-me a3-notlazy wp-post-image\" alt=\"\" data-no-lazy=\"1\" loading=\"eager\" \/><\/a><div class=\"lsow-image-info\"><div class=\"lsow-entry-info\"><h3 class=\"lsow-post-title\"><a href=\"https:\/\/archiv.power-shift.de\/fr\/ceta-interpretationserklaerung\/\" title=\"CETA: Le greenwashing au d\u00e9triment de la d\u00e9mocratie et de l&#039;environnement\" target=\"_self\" rel=\"bookmark\">CETA: Le greenwashing au d\u00e9triment de la d\u00e9mocratie et de l'environnement<\/a><\/h3><\/div><\/div><!-- .lsow-image-info --><\/div><div class=\"lsow-entry-text-wrap\"><h3 class=\"entry-title\"><a href=\"https:\/\/archiv.power-shift.de\/fr\/ceta-interpretationserklaerung\/\" title=\"CETA: Le greenwashing au d\u00e9triment de la d\u00e9mocratie et de l&#039;environnement\" target=\"_self\" rel=\"bookmark\">CETA: Le greenwashing au d\u00e9triment de la d\u00e9mocratie et de l'environnement<\/a><\/h3><\/div><\/article><!-- .hentry --><\/div><div data-id=\"id-81036\" class=\"lsow-grid-item lsow-portfolio-item  term-84 term-87 term-186 term-379\"><article id=\"post-81036\" class=\"post-81036 post type-post status-publish format-standard has-post-thumbnail hentry category-alle category-handels-u-investitionspolitik category-klimapolitik category-publikation\"><div class=\"lsow-project-image\"><a href=\"https:\/\/archiv.power-shift.de\/fr\/ceta-gutachten-2022\/\" target=\"_self\"><img decoding=\"async\" width=\"550\" height=\"371\" src=\"https:\/\/archiv.power-shift.de\/wp-content\/uploads\/2022\/09\/06072022-ceta-ratifizierung-stoppen_52198108960_o-scaled.jpg\" class=\"lsow-image skip-lazy no-lazyload exclude-me a3-notlazy wp-post-image\" alt=\"Des personnes de diff\u00e9rentes ONG se tiennent devant le Bundestag avec des banderoles. Sur une banni\u00e8re il est \u00e9crit: Halte \u00e0 la ratification du CETA! Pas de justice parall\u00e8le pour les entreprises\" data-no-lazy=\"1\" loading=\"eager\" srcset=\"https:\/\/archiv.power-shift.de\/wp-content\/uploads\/2022\/09\/06072022-ceta-ratifizierung-stoppen_52198108960_o-scaled.jpg 2560w, https:\/\/archiv.power-shift.de\/wp-content\/uploads\/2022\/09\/06072022-ceta-ratifizierung-stoppen_52198108960_o-scaled-600x405.jpg 600w\" sizes=\"(max-width: 550px) 100vw, 550px\" \/><\/a><div class=\"lsow-image-info\"><div class=\"lsow-entry-info\"><h3 class=\"lsow-post-title\"><a href=\"https:\/\/archiv.power-shift.de\/fr\/ceta-gutachten-2022\/\" title=\"Avis de l\u2019AECG: Les plaintes des multinationales contre la transition \u00e9nerg\u00e9tique restent possibles\" target=\"_self\" rel=\"bookmark\">Avis de l\u2019AECG: Les plaintes des multinationales contre la transition \u00e9nerg\u00e9tique restent possibles<\/a><\/h3><\/div><\/div><!-- .lsow-image-info --><\/div><div class=\"lsow-entry-text-wrap\"><h3 class=\"entry-title\"><a href=\"https:\/\/archiv.power-shift.de\/fr\/ceta-gutachten-2022\/\" title=\"Avis de l\u2019AECG: Les plaintes des multinationales contre la transition \u00e9nerg\u00e9tique restent possibles\" target=\"_self\" rel=\"bookmark\">Avis de l\u2019AECG: Les plaintes des multinationales contre la transition \u00e9nerg\u00e9tique restent possibles<\/a><\/h3><\/div><\/article><!-- .hentry --><\/div><div data-id=\"id-80770\" class=\"lsow-grid-item lsow-portfolio-item  term-84 term-87 term-379\"><article id=\"post-80770\" class=\"post-80770 post type-post status-publish format-standard has-post-thumbnail hentry category-alle category-handels-u-investitionspolitik category-publikation\"><div class=\"lsow-project-image\"><a href=\"https:\/\/archiv.power-shift.de\/fr\/10-dinge-die-du-ueber-ceta-wissen-solltest\/\" target=\"_self\"><img decoding=\"async\" width=\"550\" height=\"400\" src=\"https:\/\/archiv.power-shift.de\/wp-content\/uploads\/2022\/09\/Flyer-ohne-Logos-1-550x400.jpg\" class=\"lsow-image skip-lazy no-lazyload exclude-me a3-notlazy wp-post-image\" alt=\"Couverture jaune du flyer avec l&#039;inscription: 10 Dinfes que vous devez savoir sur le CETA\" data-no-lazy=\"1\" loading=\"eager\" \/><\/a><div class=\"lsow-image-info\"><div class=\"lsow-entry-info\"><h3 class=\"lsow-post-title\"><a href=\"https:\/\/archiv.power-shift.de\/fr\/10-dinge-die-du-ueber-ceta-wissen-solltest\/\" title=\"10 choses \u00e0 savoir sur le CETA\" target=\"_self\" rel=\"bookmark\">10 choses \u00e0 savoir sur le CETA<\/a><\/h3><\/div><\/div><!-- .lsow-image-info --><\/div><div class=\"lsow-entry-text-wrap\"><h3 class=\"entry-title\"><a href=\"https:\/\/archiv.power-shift.de\/fr\/10-dinge-die-du-ueber-ceta-wissen-solltest\/\" title=\"10 choses \u00e0 savoir sur le CETA\" target=\"_self\" rel=\"bookmark\">10 choses \u00e0 savoir sur le CETA<\/a><\/h3><\/div><\/article><!-- .hentry --><\/div><div data-id=\"id-80484\" class=\"lsow-grid-item lsow-portfolio-item  term-87\"><article id=\"post-80484\" class=\"post-80484 post type-post status-publish format-standard has-post-thumbnail hentry category-handels-u-investitionspolitik tag-ceta\"><div class=\"lsow-project-image\"><a href=\"https:\/\/archiv.power-shift.de\/fr\/gemeinsame-erklaerung-gegen-ceta\/\" target=\"_self\"><img decoding=\"async\" width=\"550\" height=\"400\" src=\"https:\/\/archiv.power-shift.de\/wp-content\/uploads\/2022\/08\/CETA-Foto2-e1695209486906-550x400.jpg\" class=\"lsow-image skip-lazy no-lazyload exclude-me a3-notlazy wp-post-image\" alt=\"Image de protestation du CETA\" data-no-lazy=\"1\" loading=\"eager\" \/><\/a><div class=\"lsow-image-info\"><div class=\"lsow-entry-info\"><h3 class=\"lsow-post-title\"><a href=\"https:\/\/archiv.power-shift.de\/fr\/gemeinsame-erklaerung-gegen-ceta\/\" title=\"D\u00e9claration commune contre le CETA\" target=\"_self\" rel=\"bookmark\">D\u00e9claration commune contre le CETA<\/a><\/h3><\/div><\/div><!-- .lsow-image-info --><\/div><div class=\"lsow-entry-text-wrap\"><h3 class=\"entry-title\"><a href=\"https:\/\/archiv.power-shift.de\/fr\/gemeinsame-erklaerung-gegen-ceta\/\" title=\"D\u00e9claration commune contre le CETA\" target=\"_self\" rel=\"bookmark\">D\u00e9claration commune contre le CETA<\/a><\/h3><\/div><\/article><!-- .hentry --><\/div><div data-id=\"id-80232\" class=\"lsow-grid-item lsow-portfolio-item  term-216 term-87\"><article id=\"post-80232\" class=\"post-80232 post type-post status-publish format-standard has-post-thumbnail hentry category-artikel-und-stellungnahmen category-handels-u-investitionspolitik tag-ceta tag-handelsabkommen tag-handelspolitik-de tag-konzernklagerechte\"><div class=\"lsow-project-image\"><a href=\"https:\/\/archiv.power-shift.de\/fr\/stellungnahme-zum-entwurf-des-bundesministeriums-fuer-wirtschaft-und-klimaschutz-bmwk-fuer-ein-ceta-ratifizierungsgesetz\/\" target=\"_self\"><img decoding=\"async\" width=\"550\" height=\"367\" src=\"https:\/\/archiv.power-shift.de\/wp-content\/uploads\/2022\/06\/ian-taylor-jOqJbvo1P9g-unsplash-scaled.jpg\" class=\"lsow-image skip-lazy no-lazyload exclude-me a3-notlazy wp-post-image\" alt=\"Navire porte-conteneurs en pleine mer\" data-no-lazy=\"1\" loading=\"eager\" srcset=\"https:\/\/archiv.power-shift.de\/wp-content\/uploads\/2022\/06\/ian-taylor-jOqJbvo1P9g-unsplash-scaled.jpg 2560w, https:\/\/archiv.power-shift.de\/wp-content\/uploads\/2022\/06\/ian-taylor-jOqJbvo1P9g-unsplash-scaled-600x400.jpg 600w, https:\/\/archiv.power-shift.de\/wp-content\/uploads\/2022\/06\/ian-taylor-jOqJbvo1P9g-unsplash-550x367.jpg 550w, https:\/\/archiv.power-shift.de\/wp-content\/uploads\/2022\/06\/ian-taylor-jOqJbvo1P9g-unsplash-1024x683.jpg 1024w, https:\/\/archiv.power-shift.de\/wp-content\/uploads\/2022\/06\/ian-taylor-jOqJbvo1P9g-unsplash-768x512.jpg 768w\" sizes=\"(max-width: 550px) 100vw, 550px\" \/><\/a><div class=\"lsow-image-info\"><div class=\"lsow-entry-info\"><h3 class=\"lsow-post-title\"><a href=\"https:\/\/archiv.power-shift.de\/fr\/stellungnahme-zum-entwurf-des-bundesministeriums-fuer-wirtschaft-und-klimaschutz-bmwk-fuer-ein-ceta-ratifizierungsgesetz\/\" title=\"Avis: Loi de ratification de l\u2019AECG\" target=\"_self\" rel=\"bookmark\">Avis: Loi de ratification de l\u2019AECG<\/a><\/h3><\/div><\/div><!-- .lsow-image-info --><\/div><div class=\"lsow-entry-text-wrap\"><h3 class=\"entry-title\"><a href=\"https:\/\/archiv.power-shift.de\/fr\/stellungnahme-zum-entwurf-des-bundesministeriums-fuer-wirtschaft-und-klimaschutz-bmwk-fuer-ein-ceta-ratifizierungsgesetz\/\" title=\"Avis: Loi de ratification de l\u2019AECG\" target=\"_self\" rel=\"bookmark\">Avis: Loi de ratification de l\u2019AECG<\/a><\/h3><\/div><\/article><!-- .hentry --><\/div><div data-id=\"id-77161\" class=\"lsow-grid-item lsow-portfolio-item  term-84 term-87 term-186\"><article id=\"post-77161\" class=\"post-77161 post type-post status-publish format-standard has-post-thumbnail hentry category-alle category-handels-u-investitionspolitik category-klimapolitik\"><div class=\"lsow-project-image\"><a href=\"https:\/\/archiv.power-shift.de\/fr\/investorenschutz-und-konzernklagerechte-trotz-klimakrise-ceta-ect-und-umwelt-sind-sich-nicht-gruen\/\" target=\"_self\"><img decoding=\"async\" width=\"550\" height=\"400\" src=\"https:\/\/archiv.power-shift.de\/wp-content\/uploads\/2021\/09\/28271987108_4651113f8a_c-550x400.jpg\" class=\"lsow-image skip-lazy no-lazyload exclude-me a3-notlazy wp-post-image\" alt=\"\" data-no-lazy=\"1\" loading=\"eager\" \/><\/a><div class=\"lsow-image-info\"><div class=\"lsow-entry-info\"><h3 class=\"lsow-post-title\"><a href=\"https:\/\/archiv.power-shift.de\/fr\/investorenschutz-und-konzernklagerechte-trotz-klimakrise-ceta-ect-und-umwelt-sind-sich-nicht-gruen\/\" title=\"Protection des investisseurs et droits d&#039;action des entreprises malgr\u00e9 la crise climatique?\" target=\"_self\" rel=\"bookmark\">Protection des investisseurs et droits d'action des entreprises malgr\u00e9 la crise climatique?<\/a><\/h3><\/div><\/div><!-- .lsow-image-info --><\/div><div class=\"lsow-entry-text-wrap\"><h3 class=\"entry-title\"><a href=\"https:\/\/archiv.power-shift.de\/fr\/investorenschutz-und-konzernklagerechte-trotz-klimakrise-ceta-ect-und-umwelt-sind-sich-nicht-gruen\/\" title=\"Protection des investisseurs et droits d&#039;action des entreprises malgr\u00e9 la crise climatique?\" target=\"_self\" rel=\"bookmark\">Protection des investisseurs et droits d'action des entreprises malgr\u00e9 la crise climatique?<\/a><\/h3><\/div><\/article><!-- .hentry --><\/div><div data-id=\"id-20223\" class=\"lsow-grid-item lsow-portfolio-item  term-84 term-87 term-186 term-379\"><article id=\"post-20223\" class=\"post-20223 post type-post status-publish format-standard has-post-thumbnail hentry category-alle category-handels-u-investitionspolitik category-klimapolitik category-publikation tag-ceta tag-regulatorische-kooperation tag-umwelt tag-verbraucherinnen\"><div class=\"lsow-project-image\"><a href=\"https:\/\/archiv.power-shift.de\/fr\/regulatorische-kooperation-in-ceta\/\" target=\"_self\"><img decoding=\"async\" width=\"550\" height=\"400\" src=\"https:\/\/archiv.power-shift.de\/wp-content\/uploads\/2020\/02\/banter-snaps-dBnHBccZikY-unsplash-1920x2880-Kopie2-550x400.jpg\" class=\"lsow-image skip-lazy no-lazyload exclude-me a3-notlazy wp-post-image\" alt=\"\" data-no-lazy=\"1\" loading=\"eager\" \/><\/a><div class=\"lsow-image-info\"><div class=\"lsow-entry-info\"><h3 class=\"lsow-post-title\"><a href=\"https:\/\/archiv.power-shift.de\/fr\/regulatorische-kooperation-in-ceta\/\" title=\"Coop\u00e9ration r\u00e9glementaire dans le cadre du CETA\" target=\"_self\" rel=\"bookmark\">Coop\u00e9ration r\u00e9glementaire dans le cadre du CETA<\/a><\/h3><\/div><\/div><!-- .lsow-image-info --><\/div><div class=\"lsow-entry-text-wrap\"><h3 class=\"entry-title\"><a href=\"https:\/\/archiv.power-shift.de\/fr\/regulatorische-kooperation-in-ceta\/\" title=\"Coop\u00e9ration r\u00e9glementaire dans le cadre du CETA\" target=\"_self\" rel=\"bookmark\">Coop\u00e9ration r\u00e9glementaire dans le cadre du CETA<\/a><\/h3><\/div><\/article><!-- .hentry --><\/div><div data-id=\"id-19082\" class=\"lsow-grid-item lsow-portfolio-item  term-84 term-87 term-379\"><article id=\"post-19082\" class=\"post-19082 post type-post status-publish format-standard has-post-thumbnail hentry category-alle category-handels-u-investitionspolitik category-publikation\"><div class=\"lsow-project-image\"><a href=\"https:\/\/archiv.power-shift.de\/fr\/wie-regulatorische-kooperation-den-verbraucher-und-umweltschutz-gefaehrdet\/\" target=\"_self\"><img decoding=\"async\" width=\"550\" height=\"400\" src=\"https:\/\/archiv.power-shift.de\/wp-content\/uploads\/2019\/05\/international-regulatory-cooperation-550x400.jpg\" class=\"lsow-image skip-lazy no-lazyload exclude-me a3-notlazy wp-post-image\" alt=\"\" data-no-lazy=\"1\" loading=\"eager\" \/><\/a><div class=\"lsow-image-info\"><div class=\"lsow-entry-info\"><h3 class=\"lsow-post-title\"><a href=\"https:\/\/archiv.power-shift.de\/fr\/wie-regulatorische-kooperation-den-verbraucher-und-umweltschutz-gefaehrdet\/\" title=\"Coop\u00e9ration r\u00e9glementaire internationale et bien commun\" target=\"_self\" rel=\"bookmark\">Coop\u00e9ration r\u00e9glementaire internationale et bien commun<\/a><\/h3><\/div><\/div><!-- .lsow-image-info --><\/div><div class=\"lsow-entry-text-wrap\"><h3 class=\"entry-title\"><a href=\"https:\/\/archiv.power-shift.de\/fr\/wie-regulatorische-kooperation-den-verbraucher-und-umweltschutz-gefaehrdet\/\" title=\"Coop\u00e9ration r\u00e9glementaire internationale et bien commun\" target=\"_self\" rel=\"bookmark\">Coop\u00e9ration r\u00e9glementaire internationale et bien commun<\/a><\/h3><\/div><\/article><!-- .hentry --><\/div><div data-id=\"id-8251\" class=\"lsow-grid-item lsow-portfolio-item  term-84 term-87\"><article id=\"post-8251\" class=\"post-8251 post type-post status-publish format-standard hentry category-alle category-handels-u-investitionspolitik\"><div class=\"lsow-entry-text-wrap  nothumbnail\"><h3 class=\"entry-title\"><a href=\"https:\/\/archiv.power-shift.de\/fr\/ceta-und-die-oeffentliche-gesundheit-ceta-risiken-und-nebenwirkungen\/\" title=\"CETA: Risques et effets secondaires\" target=\"_self\" rel=\"bookmark\">CETA: Risques et effets secondaires<\/a><\/h3><\/div><\/article><!-- .hentry --><\/div><\/div><!-- .lsow-portfolio --><\/div><!-- .lsow-portfolio-wrap --><\/div><\/div><div id=\"panel-84239-0-0-2\" class=\"so-panel widget widget_lsow-portfolio panel-last-child\" data-index=\"2\" ><div\n\t\t\t\n\t\t\tclass=\"so-widget-lsow-portfolio so-widget-lsow-portfolio-default-1398c7c9e37b-8251\"\n\t\t\t\n\t\t><h3 class=\"widget-title\">Nos podcasts<\/h3><div class=\"lsow-portfolio-wrap lsow-gapless-grid\"><div id=\"lsow-portfolio-69fea30e1134e\" class=\"lsow-portfolio js-isotope lsow-fitRows lsow-grid-container  lsow-grid-desktop-3 lsow-grid-tablet-2 lsow-grid-mobile-1\" data-isotope-options='{ \"itemSelector\": \".lsow-portfolio-item\", \"layoutMode\": \"fitRows\"}'><div data-id=\"id-88337\" class=\"lsow-grid-item lsow-portfolio-item\"><article id=\"post-88337\" class=\"post-88337 beitrag_medien type-beitrag_medien status-publish has-post-thumbnail hentry media_kategorie-handels-und-investitionspolitik media_kategorie-podcasts\"><div class=\"lsow-project-image\"><a href=\"https:\/\/archiv.power-shift.de\/fr\/media\/ceta-bilanz\/\" target=\"_self\"><img decoding=\"async\" width=\"550\" height=\"400\" src=\"https:\/\/archiv.power-shift.de\/wp-content\/uploads\/2024\/04\/PowerShift-Podcast-Handelspolitik-CETA-550x400.png\" class=\"lsow-image skip-lazy no-lazyload exclude-me a3-notlazy wp-post-image\" alt=\"Politique commerciale du podcast PowerShift\" data-no-lazy=\"1\" loading=\"eager\" \/><\/a><div class=\"lsow-image-info\"><div class=\"lsow-entry-info\"><h3 class=\"lsow-post-title\"><a href=\"https:\/\/archiv.power-shift.de\/fr\/media\/ceta-bilanz\/\" title=\"Bilan de l\u2019AECG: Comment l&#039;accord stimule les \u00e9changes commerciaux n\u00e9fastes pour le climat\" target=\"_self\" rel=\"bookmark\">Bilan de l\u2019AECG: Comment l'accord stimule les \u00e9changes commerciaux n\u00e9fastes pour le climat<\/a><\/h3><\/div><\/div><!-- .lsow-image-info --><\/div><div class=\"lsow-entry-text-wrap\"><h3 class=\"entry-title\"><a href=\"https:\/\/archiv.power-shift.de\/fr\/media\/ceta-bilanz\/\" title=\"Bilan de l\u2019AECG: Comment l&#039;accord stimule les \u00e9changes commerciaux n\u00e9fastes pour le climat\" target=\"_self\" rel=\"bookmark\">Bilan de l\u2019AECG: Comment l'accord stimule les \u00e9changes commerciaux n\u00e9fastes pour le climat<\/a><\/h3><\/div><\/article><!-- .hentry --><\/div><div data-id=\"id-21399\" class=\"lsow-grid-item lsow-portfolio-item  term-84 term-87\"><article id=\"post-21399\" class=\"post-21399 beitrag_medien type-beitrag_medien status-publish has-post-thumbnail hentry media_kategorie-handels-und-investitionspolitik media_kategorie-podcasts\"><div class=\"lsow-project-image\"><a href=\"https:\/\/archiv.power-shift.de\/fr\/media\/podcast-folge-2-klimakrise-konzernklagen-ausbeutung-die-negativen-folgen-der-eu-handelspolitik\/\" target=\"_self\"><img decoding=\"async\" width=\"550\" height=\"400\" src=\"https:\/\/archiv.power-shift.de\/wp-content\/uploads\/2020\/01\/Design-ohne-Titel1-550x400.png\" class=\"lsow-image skip-lazy no-lazyload exclude-me a3-notlazy wp-post-image\" alt=\"\" data-no-lazy=\"1\" loading=\"eager\" \/><\/a><div class=\"lsow-image-info\"><div class=\"lsow-entry-info\"><h3 class=\"lsow-post-title\"><a href=\"https:\/\/archiv.power-shift.de\/fr\/media\/podcast-folge-2-klimakrise-konzernklagen-ausbeutung-die-negativen-folgen-der-eu-handelspolitik\/\" title=\"Podcast &#8211; Folge 2: Klimakrise, Konzernklagen, Ausbeutung &#8211; Die negativen Folgen der EU-Handelspolitik\" target=\"_self\" rel=\"bookmark\">Podcast - \u00c9pisode 2: Crise climatique, poursuites collectives, exploitation \u2013 Les cons\u00e9quences n\u00e9gatives de la politique commerciale de l\u2019UE<\/a><\/h3><\/div><\/div><!-- .lsow-image-info --><\/div><div class=\"lsow-entry-text-wrap\"><h3 class=\"entry-title\"><a href=\"https:\/\/archiv.power-shift.de\/fr\/media\/podcast-folge-2-klimakrise-konzernklagen-ausbeutung-die-negativen-folgen-der-eu-handelspolitik\/\" title=\"Podcast &#8211; Folge 2: Klimakrise, Konzernklagen, Ausbeutung &#8211; Die negativen Folgen der EU-Handelspolitik\" target=\"_self\" rel=\"bookmark\">Podcast - \u00c9pisode 2: Crise climatique, poursuites collectives, exploitation \u2013 Les cons\u00e9quences n\u00e9gatives de la politique commerciale de l\u2019UE<\/a><\/h3><\/div><\/article><!-- .hentry --><\/div><\/div><!-- .lsow-portfolio --><\/div><!-- .lsow-portfolio-wrap --><\/div><\/div><\/div><\/div><\/div>","protected":false},"excerpt":{"rendered":"<p>2015\/16 sind Hunderttausende B\u00fcrger*innen auf die Stra\u00dfe gegangen, um gegen die neoliberalen Handelsabkommen TTIP und CETA zu demonstrieren. Damals, so schien es, hatte die Politik zugeh\u00f6rt und versprach Verbesserungen. Doch [&hellip;]<\/p>","protected":false},"author":11,"featured_media":80492,"parent":0,"menu_order":0,"comment_status":"closed","ping_status":"closed","template":"","meta":{"episode_type":"","audio_file":"","cover_image":"","cover_image_id":"","duration":"","filesize":"","date_recorded":"","explicit":"","block":"","itunes_episode_number":"","itunes_title":"","itunes_season_number":"","itunes_episode_type":"","filesize_raw":"","footnotes":""},"ppma_author":[235],"class_list":["post-84239","page","type-page","status-publish","has-post-thumbnail","hentry"],"_links":{"self":[{"href":"https:\/\/archiv.power-shift.de\/fr\/wp-json\/wp\/v2\/pages\/84239","targetHints":{"allow":["GET"]}}],"collection":[{"href":"https:\/\/archiv.power-shift.de\/fr\/wp-json\/wp\/v2\/pages"}],"about":[{"href":"https:\/\/archiv.power-shift.de\/fr\/wp-json\/wp\/v2\/types\/page"}],"author":[{"embeddable":true,"href":"https:\/\/archiv.power-shift.de\/fr\/wp-json\/wp\/v2\/users\/11"}],"replies":[{"embeddable":true,"href":"https:\/\/archiv.power-shift.de\/fr\/wp-json\/wp\/v2\/comments?post=84239"}],"version-history":[{"count":0,"href":"https:\/\/archiv.power-shift.de\/fr\/wp-json\/wp\/v2\/pages\/84239\/revisions"}],"wp:featuredmedia":[{"embeddable":true,"href":"https:\/\/archiv.power-shift.de\/fr\/wp-json\/wp\/v2\/media\/80492"}],"wp:attachment":[{"href":"https:\/\/archiv.power-shift.de\/fr\/wp-json\/wp\/v2\/media?parent=84239"}],"wp:term":[{"taxonomy":"author","embeddable":true,"href":"https:\/\/archiv.power-shift.de\/fr\/wp-json\/wp\/v2\/ppma_author?post=84239"}],"curies":[{"name":"wp","href":"https:\/\/api.w.org\/{rel}","templated":true}]}}