{"id":76492,"date":"2021-06-03T15:49:06","date_gmt":"2021-06-03T13:49:06","guid":{"rendered":"https:\/\/power-shift.de\/?page_id=76492"},"modified":"2021-06-14T17:23:13","modified_gmt":"2021-06-14T15:23:13","slug":"eu-mercosur-abkommen-der-weg-in-die-umweltkatastrophe","status":"publish","type":"page","link":"https:\/\/archiv.power-shift.de\/fr\/eu-mercosur-abkommen-der-weg-in-die-umweltkatastrophe\/","title":{"rendered":"EU-Mercosur-Abkommen &#8211; Der Weg in die Umweltkatastrophe"},"content":{"rendered":"<div id=\"pl-76492\"  class=\"panel-layout\" ><div id=\"pg-76492-0\"  class=\"panel-grid panel-no-style\" ><div id=\"pgc-76492-0-0\"  class=\"panel-grid-cell\" ><div id=\"panel-76492-0-0-0\" class=\"so-panel widget widget_sow-editor panel-first-child\" data-index=\"0\" ><div\n\t\t\t\n\t\t\tclass=\"so-widget-sow-editor so-widget-sow-editor-base\"\n\t\t\t\n\t\t>\n<div class=\"siteorigin-widget-tinymce textwidget\">\n\t<p>\tDas EU-Mercosur Handelsabkommen mit Argentinien, Brasilien, Paraguay und Uruguay steht f\u00fcr eine Handelspolitik aus dem letzten Jahrhundert, die uns an den Rand der Klimakrise getrieben hat. <strong>Im letzten Jahr konnten wir, dank der vielf\u00e4ltigen und \u00fcberw\u00e4ltigenden Kritik aus der Zivilgesellschaft, die Unterzeichnung des Abkommens im EU-Rat verhindern.<\/strong> Doch die EU-Kommission, und auch die deutsche Bundesregierung, halten an dem Abkommen trotz aller Kritik fest. Derzeit wird an einem Zusatzdokument gearbeitet, das Einigkeit unter den Mitgliedsstaaten herstellen soll. Aber aus einem schlechten Abkommen wird nicht pl\u00f6tzlich ein gutes, nur weil ein paar Stellschrauben angezogen werden. Es bleibt ein schlechtes Abkommen, das wir verhindern m\u00fcssen. <strong>Seien Sie Teil einer breiten internationalen Bewegung, stoppen Sie gemeinsam mit uns das Handelsabkommen zwischen der EU und dem Mercosur.<\/strong> Unterst\u00fctzen Sie unsere Arbeit noch heute!<\/p>\n<\/div>\n<\/div><\/div><div id=\"panel-76492-0-0-1\" class=\"so-panel widget widget_mo-button\" data-index=\"1\" ><div\n\t\t\t\n\t\t\tclass=\"so-widget-mo-button so-widget-mo-button-default-d75171398898-76492\"\n\t\t\t\n\t\t><div class=\"button-wrap\" style=\"text-align:center;float:center;\"><a class= \"button  default large\" href=\"https:\/\/archiv.power-shift.de\/fr\/spende\/\" target=\"_blank\">Spenden Sie jetzt!<\/a><\/div><\/div><\/div><div id=\"panel-76492-0-0-2\" class=\"so-panel widget widget_sow-editor\" data-index=\"2\" ><div\n\t\t\t\n\t\t\tclass=\"so-widget-sow-editor so-widget-sow-editor-base\"\n\t\t\t\n\t\t>\n<div class=\"siteorigin-widget-tinymce textwidget\">\n\t<p><strong>Unsere Arbeit wirkt<\/strong><\/p>\n<p>Der Schutz der Umwelt sowie des Klimas und deren Bedeutung f\u00fcr ein gesundes Miteinander sind durch die Corona-Pandemie noch einmal \u00fcberdeutlich geworden. Trotzdem und\u00a0 trotz vollmundiger Versprechungen schlie\u00dfen die EU-Staaten nach wie vor Handelsabkommen ab, die der Umwelt und dem Klima schaden. PowerShift hat im M\u00e4rz 2021 gemeinsam mit 450 anderen zivilgesellschaftlichen Organisationen aus der EU und S\u00fcdamerika ein transatlantisches B\u00fcndnis gegen das EU-Mercosur-Abkommen ins Leben gerufen. Insgesamt <strong>mehr als zwei Millionen Menschen haben bereits die <a href=\"https:\/\/stopeumercosur.org\/\">Petitionen<\/a> des B\u00fcndnisses unterschrieben.<\/strong> Der Druck auf die Verantwortlichen w\u00e4chst. Gemeinsam haben wir die M\u00f6glichkeit, <strong>das Abkommen<\/strong> <strong>in diesem Jahr vollst\u00e4ndig zu stoppen. Daf\u00fcr m\u00fcssen wir unsere B\u00fcndnisarbeit ausbauen und noch mehr \u00d6ffentlichkeit generieren!<\/strong> Dazu sind wir auf ihre Mithilfe angewiesen!<\/p>\n<\/div>\n<\/div><\/div><div id=\"panel-76492-0-0-3\" class=\"so-panel widget widget_mo-button\" data-index=\"3\" ><div\n\t\t\t\n\t\t\tclass=\"so-widget-mo-button so-widget-mo-button-default-d75171398898-76492\"\n\t\t\t\n\t\t><div class=\"button-wrap\" style=\"text-align:center;float:center;\"><a class= \"button  default large\" href=\"https:\/\/archiv.power-shift.de\/fr\/spende\/\" target=\"_blank\">Spenden Sie jetzt!<\/a><\/div><\/div><\/div><div id=\"panel-76492-0-0-4\" class=\"so-panel widget widget_sow-editor\" data-index=\"4\" ><div\n\t\t\t\n\t\t\tclass=\"so-widget-sow-editor so-widget-sow-editor-base\"\n\t\t\t\n\t\t>\n<div class=\"siteorigin-widget-tinymce textwidget\">\n\t<p><strong>Reine Lippenbekenntnisse<\/strong><\/p>\n<p>W\u00e4hrend die EU-Kommission mit ihrem Green Deal weitreichende Versprechungen f\u00fcr eine klimaneutrale Zukunft und die Verminderung von Pestizidnutzung in der Landwirtschaft macht, treibt sie gleichzeitig ein Handelsabkommen voran, das diese Pl\u00e4ne konterkariert. Dieses Abkommen ist ein schlechtes Gesch\u00e4ft f\u00fcr die B\u00e4uer*innen und das weltweite Klima. Europ\u00e4ische Landwirt*innen werden einem verst\u00e4rkten Preisdruck ausgesetzt. Sie k\u00f6nnen mit den auf riesigen Fl\u00e4chen und unter geringen Umweltauflagen produzierten landwirtschaftlichen Produkten aus dem Mercosur, preislich nicht mithalten. Umweltprobleme nehmen so zu und nicht ab und werden in andere L\u00e4nder verlagert. <strong>Anstatt mehr landwirtschaftlichen Betrieben, die unter \u00f6kologischen Standards und im Sinne des Tierwohls produzieren, h\u00e4tten wir noch weniger. <\/strong>Helfen Sie uns dabei das Abkommen zu stoppen.<strong><br \/>\n<\/strong><\/p>\n<\/div>\n<\/div><\/div><div id=\"panel-76492-0-0-5\" class=\"so-panel widget widget_mo-button\" data-index=\"5\" ><div\n\t\t\t\n\t\t\tclass=\"so-widget-mo-button so-widget-mo-button-default-d75171398898-76492\"\n\t\t\t\n\t\t><div class=\"button-wrap\" style=\"text-align:center;float:center;\"><a class= \"button  default large\" href=\"https:\/\/archiv.power-shift.de\/fr\/spende\/\" target=\"_blank\">Spenden Sie jetzt!<\/a><\/div><\/div><\/div><div id=\"panel-76492-0-0-6\" class=\"so-panel widget widget_sow-editor\" data-index=\"6\" ><div\n\t\t\t\n\t\t\tclass=\"so-widget-sow-editor so-widget-sow-editor-base\"\n\t\t\t\n\t\t>\n<div class=\"siteorigin-widget-tinymce textwidget\">\n\t<p><strong>EU-Mercosur \u2013 volle Fahrt voraus in die Umweltkatastrophe<\/strong><\/p>\n<p>Das Handelsabkommen mit dem Mercosur wird zu <strong>Menschenrechtsverletzungen, zur Zerst\u00f6rung des Regenwalds im Amazonas, zum Ausbau pestizidbelasteter Monokulturen sowie zur Nichteinhaltung der Klimaziele<\/strong> f\u00fchren.<\/p>\n<p>Die Vertreibung von Indigenen und Kleinb\u00e4uer*innen stehen in Brasilien auf der Tagesordnung. Umweltaktivist*innen und Landverteidiger*innen werden umgebracht. Das Verlangen nach immer mehr Fl\u00e4che f\u00fcr die Landwirtschaft wird zu noch mehr Gewalt f\u00fchren. Die Anbaufl\u00e4chen von Monokulturen, wie Soja und Zuckerrohr sowie die Weidefl\u00e4chen f\u00fcr die Viehzucht im Mercosur sind bereits jetzt immens. Das EU-Mercosur-Handelsabkommen w\u00fcrde den Ausbau der Agrarfl\u00e4chen und die oftmals illegale Abholzung weiter beschleunigen.<\/p>\n<p>Mit dem EU-Mercosur-Abkommen signalisiert die EU, dass ein: \u201eWeiter-So\u201c kein Problem sei. <strong>Wir finden, ein Handelsabkommen, das Menschen gef\u00e4hrdet und unsere Umwelt und das Klima aufs Spiel setzt, darf nicht unterzeichnet werden!<\/strong><\/p>\n<p>Deswegen m\u00fcssen wir <strong>unsere Kampagnen- und Lobbyarbeit intensivieren und unseren <a href=\"https:\/\/archiv.power-shift.de\/fr\/campaign\/stopp-eu-mercosur\/\">Forderungen<\/a> Geh\u00f6r verschaffen<\/strong>. Noch ist es nicht zu sp\u00e4t, das EU-Mercosur-Abkommen zu stoppen. Doch daf\u00fcr brauchen wir Ihre Hilfe.<\/p>\n<\/div>\n<\/div><\/div><div id=\"panel-76492-0-0-7\" class=\"so-panel widget widget_mo-button\" data-index=\"7\" ><div\n\t\t\t\n\t\t\tclass=\"so-widget-mo-button so-widget-mo-button-default-d75171398898-76492\"\n\t\t\t\n\t\t><div class=\"button-wrap\" style=\"text-align:center;float:center;\"><a class= \"button  default large\" href=\"https:\/\/archiv.power-shift.de\/fr\/spende\/\" target=\"_blank\">Spenden Sie jetzt!<\/a><\/div><\/div><\/div><div id=\"panel-76492-0-0-8\" class=\"so-panel widget widget_mo-button panel-last-child\" data-index=\"8\" ><div\n\t\t\t\n\t\t\tclass=\"so-widget-mo-button so-widget-mo-button-default-d75171398898-76492\"\n\t\t\t\n\t\t><div class=\"button-wrap\" style=\"text-align:center;float:center;\"><a class= \"button  default large\" href=\"https:\/\/archiv.power-shift.de\/fr\/campaign\/stopp-eu-mercosur\/\" target=\"_blank\">Informations g\u00e9n\u00e9rales<\/a><\/div><\/div><\/div><\/div><\/div><\/div>","protected":false},"excerpt":{"rendered":"<p>Das EU-Mercosur Handelsabkommen mit Argentinien, Brasilien, Paraguay und Uruguay steht f\u00fcr eine Handelspolitik aus dem letzten Jahrhundert, die uns an den Rand der Klimakrise getrieben hat. Im letzten Jahr konnten [&hellip;]<\/p>","protected":false},"author":11,"featured_media":76497,"parent":0,"menu_order":26,"comment_status":"closed","ping_status":"closed","template":"","meta":{"episode_type":"","audio_file":"","cover_image":"","cover_image_id":"","duration":"","filesize":"","date_recorded":"","explicit":"","block":"","itunes_episode_number":"","itunes_title":"","itunes_season_number":"","itunes_episode_type":"","filesize_raw":"","footnotes":""},"ppma_author":[235],"class_list":["post-76492","page","type-page","status-publish","has-post-thumbnail","hentry"],"_links":{"self":[{"href":"https:\/\/archiv.power-shift.de\/fr\/wp-json\/wp\/v2\/pages\/76492","targetHints":{"allow":["GET"]}}],"collection":[{"href":"https:\/\/archiv.power-shift.de\/fr\/wp-json\/wp\/v2\/pages"}],"about":[{"href":"https:\/\/archiv.power-shift.de\/fr\/wp-json\/wp\/v2\/types\/page"}],"author":[{"embeddable":true,"href":"https:\/\/archiv.power-shift.de\/fr\/wp-json\/wp\/v2\/users\/11"}],"replies":[{"embeddable":true,"href":"https:\/\/archiv.power-shift.de\/fr\/wp-json\/wp\/v2\/comments?post=76492"}],"version-history":[{"count":0,"href":"https:\/\/archiv.power-shift.de\/fr\/wp-json\/wp\/v2\/pages\/76492\/revisions"}],"wp:featuredmedia":[{"embeddable":true,"href":"https:\/\/archiv.power-shift.de\/fr\/wp-json\/wp\/v2\/media\/76497"}],"wp:attachment":[{"href":"https:\/\/archiv.power-shift.de\/fr\/wp-json\/wp\/v2\/media?parent=76492"}],"wp:term":[{"taxonomy":"author","embeddable":true,"href":"https:\/\/archiv.power-shift.de\/fr\/wp-json\/wp\/v2\/ppma_author?post=76492"}],"curies":[{"name":"wp","href":"https:\/\/api.w.org\/{rel}","templated":true}]}}