{"id":13174,"date":"2016-02-18T05:50:20","date_gmt":"2016-02-18T05:50:20","guid":{"rendered":"http:\/\/localhost\/wp32dev\/peak\/?page_id=13174"},"modified":"2025-09-25T15:44:14","modified_gmt":"2025-09-25T13:44:14","slug":"home-1-2-2","status":"publish","type":"page","link":"https:\/\/archiv.power-shift.de\/fr\/","title":{"rendered":"PowerShift"},"content":{"rendered":"<div id=\"pl-13174\"  class=\"panel-layout\" ><div id=\"pg-13174-0\"  class=\"panel-grid panel-no-style\" ><div id=\"pgc-13174-0-0\"  class=\"panel-grid-cell\" ><div id=\"panel-13174-0-0-0\" class=\"so-panel widget widget_mo-heading panel-first-child panel-last-child\" data-index=\"0\" ><div\n\t\t\t\n\t\t\tclass=\"so-widget-mo-heading so-widget-mo-heading-default-d75171398898-13174\"\n\t\t\t\n\t\t>\n<div class=\"heading center\"><h3 class=\"title\">Gr\u00e2ce \u00e0 notre expertise en mati\u00e8re de politique commerciale, de mati\u00e8res premi\u00e8res et d'\u00e9nergie, nous montrons comment sortir de la crise climatique<\/h3><\/div><\/div><\/div><\/div><\/div><div id=\"pg-13174-1\"  class=\"panel-grid panel-no-style\" ><div id=\"pgc-13174-1-0\"  class=\"panel-grid-cell\" ><div id=\"panel-13174-1-0-0\" class=\"so-panel widget widget_sow-image panel-first-child\" data-index=\"1\" ><div\n\t\t\t\n\t\t\tclass=\"so-widget-sow-image so-widget-sow-image-default-1b8513c5f0f2-13174\"\n\t\t\t\n\t\t>\n<div class=\"sow-image-container\">\n\t\t\t<a href=\"https:\/\/archiv.power-shift.de\/fr\/handels-und-investitionspolitik\/\"\n\t\t\t\t\t>\n\t\t\t<img \n\tsrc=\"https:\/\/archiv.power-shift.de\/wp-content\/uploads\/2024\/10\/PowerShift-Handelspolitik-550x367.webp\" width=\"360\" height=\"240\" srcset=\"https:\/\/archiv.power-shift.de\/wp-content\/uploads\/2024\/10\/PowerShift-Handelspolitik-550x367.webp 550w, https:\/\/archiv.power-shift.de\/wp-content\/uploads\/2024\/10\/PowerShift-Handelspolitik-1024x682.webp 1024w, https:\/\/archiv.power-shift.de\/wp-content\/uploads\/2024\/10\/PowerShift-Handelspolitik-768x512.webp 768w, https:\/\/archiv.power-shift.de\/wp-content\/uploads\/2024\/10\/PowerShift-Handelspolitik-1536x1024.webp 1536w, https:\/\/archiv.power-shift.de\/wp-content\/uploads\/2024\/10\/PowerShift-Handelspolitik-2048x1365.webp 2048w, https:\/\/archiv.power-shift.de\/wp-content\/uploads\/2024\/10\/PowerShift-Handelspolitik-1920x1280.webp 1920w, https:\/\/archiv.power-shift.de\/wp-content\/uploads\/2024\/10\/PowerShift-Handelspolitik-600x400.webp 600w, https:\/\/archiv.power-shift.de\/wp-content\/uploads\/2024\/10\/PowerShift-Handelspolitik-272x182.webp 272w\" sizes=\"(max-width: 360px) 100vw, 360px\" style=\"width: 360px; height: 240px;\" title=\"Politique commerciale de PowerShift\" alt=\"Terminal de conteneurs\" \t\tclass=\"so-widget-image\"\/>\n\t\t\t<\/a><\/div>\n\n<\/div><\/div><div id=\"panel-13174-1-0-1\" class=\"so-panel widget widget_sow-editor panel-last-child\" data-index=\"2\" ><div\n\t\t\t\n\t\t\tclass=\"so-widget-sow-editor so-widget-sow-editor-base\"\n\t\t\t\n\t\t><h3 class=\"widget-title\">Politique commerciale et d'investissement<\/h3>\n<div class=\"siteorigin-widget-tinymce textwidget\">\n\t<p>Les politiques mondiales de commerce et d'investissement ont une grande influence sur l'apparence de notre monde. Trop souvent, la politique n\u00e9gocie de mani\u00e8re opaque et dans l'int\u00e9r\u00eat des multinationales. Elle ignore les groupes d'int\u00e9r\u00eats sociaux et place l'augmentation des exportations au-dessus des normes en mati\u00e8re d'environnement et de droits de l'homme. Nous nous engageons pour un commerce mondial solidaire et \u00e9cologique et pour la justice climatique. Pour limiter la crise climatique, nous devons nous battre pour une politique de commerce et d'investissement plus \u00e9quitable sur le plan environnemental et social.<\/p>\n<p><a href=\"https:\/\/archiv.power-shift.de\/fr\/handels-und-investitionspolitik\/\">En savoir plus sur notre travail sur la politique commerciale<\/a><\/p>\n<\/div>\n<\/div><\/div><\/div><div id=\"pgc-13174-1-1\"  class=\"panel-grid-cell\" ><div id=\"panel-13174-1-1-0\" class=\"so-panel widget widget_sow-image panel-first-child\" data-index=\"3\" ><div\n\t\t\t\n\t\t\tclass=\"so-widget-sow-image so-widget-sow-image-default-1b8513c5f0f2-13174\"\n\t\t\t\n\t\t>\n<div class=\"sow-image-container\">\n\t\t\t<a href=\"https:\/\/archiv.power-shift.de\/fr\/rohstoffpolitik\/\"\n\t\t\t\t\t>\n\t\t\t<img \n\tsrc=\"https:\/\/archiv.power-shift.de\/wp-content\/uploads\/2019\/05\/Rohstoffbild-e1676898043703-550x389.jpg\" width=\"360\" height=\"240\" srcset=\"https:\/\/archiv.power-shift.de\/wp-content\/uploads\/2019\/05\/Rohstoffbild-e1676898043703-550x389.jpg 550w, https:\/\/archiv.power-shift.de\/wp-content\/uploads\/2019\/05\/Rohstoffbild-e1676898043703-768x543.jpg 768w, https:\/\/archiv.power-shift.de\/wp-content\/uploads\/2019\/05\/Rohstoffbild-e1676898043703-600x424.jpg 600w, https:\/\/archiv.power-shift.de\/wp-content\/uploads\/2019\/05\/Rohstoffbild-e1676898043703.jpg 899w\" sizes=\"(max-width: 339px) 100vw, 339px\" style=\"width: 360px; height: 240px;\" title=\"Regard sur les mines \u00e0 ciel ouvert\" alt=\"Regard sur les mines \u00e0 ciel ouvert\" \t\tclass=\"so-widget-image\"\/>\n\t\t\t<\/a><\/div>\n\n<\/div><\/div><div id=\"panel-13174-1-1-1\" class=\"so-panel widget widget_sow-editor panel-last-child\" data-index=\"4\" ><div\n\t\t\t\n\t\t\tclass=\"so-widget-sow-editor so-widget-sow-editor-base\"\n\t\t\t\n\t\t><h3 class=\"widget-title\">Politique des mati\u00e8res premi\u00e8res<\/h3>\n<div class=\"siteorigin-widget-tinymce textwidget\">\n\t<p>L'extraction et le traitement des m\u00e9taux et des min\u00e9raux posent d'\u00e9normes probl\u00e8mes en mati\u00e8re d'environnement et de droits de l'homme. Alors que les risques et les probl\u00e8mes li\u00e9s \u00e0 l'extraction des mati\u00e8res premi\u00e8res se produisent souvent dans les pays du Sud, la plupart des produits et des b\u00e9n\u00e9fices vont au Nord. Au-del\u00e0 du discours industriel sur la \u00abs\u00e9curit\u00e9 d\u2019approvisionnement\u00bb, nous pla\u00e7ons la question des mati\u00e8res premi\u00e8res \u00e0 l\u2019ordre du jour politique. Pour prot\u00e9ger l'environnement, le climat et les droits de l'homme, nous devons entamer une transition vers les mati\u00e8res premi\u00e8res.<\/p>\n<p><a href=\"https:\/\/archiv.power-shift.de\/fr\/rohstoffpolitik\/\">En savoir plus sur notre travail sur la politique des mati\u00e8res premi\u00e8res<\/a><\/p>\n<\/div>\n<\/div><\/div><\/div><div id=\"pgc-13174-1-2\"  class=\"panel-grid-cell\" ><div id=\"panel-13174-1-2-0\" class=\"so-panel widget widget_sow-image panel-first-child\" data-index=\"5\" ><div\n\t\t\t\n\t\t\tclass=\"so-widget-sow-image so-widget-sow-image-default-1b8513c5f0f2-13174\"\n\t\t\t\n\t\t>\n<div class=\"sow-image-container\">\n\t\t\t<a href=\"https:\/\/archiv.power-shift.de\/fr\/klimapolitik\/\"\n\t\t\t\t\t>\n\t\t\t<img \n\tsrc=\"https:\/\/archiv.power-shift.de\/wp-content\/uploads\/2022\/12\/SLS_Liquid_Hydrogen_Fuel_Tank-550x367.jpg\" width=\"360\" height=\"240\" srcset=\"https:\/\/archiv.power-shift.de\/wp-content\/uploads\/2022\/12\/SLS_Liquid_Hydrogen_Fuel_Tank-550x367.jpg 550w, https:\/\/archiv.power-shift.de\/wp-content\/uploads\/2022\/12\/SLS_Liquid_Hydrogen_Fuel_Tank-600x400.jpg 600w, https:\/\/archiv.power-shift.de\/wp-content\/uploads\/2022\/12\/SLS_Liquid_Hydrogen_Fuel_Tank-768x512.jpg 768w, https:\/\/archiv.power-shift.de\/wp-content\/uploads\/2022\/12\/SLS_Liquid_Hydrogen_Fuel_Tank-272x182.jpg 272w, https:\/\/archiv.power-shift.de\/wp-content\/uploads\/2022\/12\/SLS_Liquid_Hydrogen_Fuel_Tank.jpg 1024w\" sizes=\"(max-width: 360px) 100vw, 360px\" style=\"width: 360px; height: 240px;\" title=\"Ici, un \u00e9norme r\u00e9servoir d&#039;hydrog\u00e8ne liquide est d\u00e9plac\u00e9 \u00e0 travers un hall industriel. \" alt=\"R\u00e9servoir d&#039;hydrog\u00e8ne\" \t\tclass=\"so-widget-image\"\/>\n\t\t\t<\/a><\/div>\n\n<\/div><\/div><div id=\"panel-13174-1-2-1\" class=\"so-panel widget widget_sow-editor panel-last-child\" data-index=\"6\" ><div\n\t\t\t\n\t\t\tclass=\"so-widget-sow-editor so-widget-sow-editor-base\"\n\t\t\t\n\t\t><h3 class=\"widget-title\">Politique \u00e9nerg\u00e9tique<\/h3>\n<div class=\"siteorigin-widget-tinymce textwidget\">\n\t<p>Notre mobilit\u00e9 et notre consommation d'\u00e9nergie ont une dimension de d\u00e9veloppement. Par exemple, les mati\u00e8res premi\u00e8res pour les processus de changement n\u00e9cessaires dans le Nord mondial sont souvent extraites selon de mauvaises normes en mati\u00e8re de droits de l'homme et d'\u00e9cologie dans le Sud mondial. Nous nous penchons sur les besoins beaucoup trop \u00e9lev\u00e9s en mati\u00e8res premi\u00e8res et montrons comment le changement peut au contraire r\u00e9ussir durablement. Nous suivons de mani\u00e8re critique le d\u00e9veloppement de l'infrastructure de l'hydrog\u00e8ne. Pour la justice climatique, nous devons lancer une transition \u00e9nerg\u00e9tique et de mobilit\u00e9.<\/p>\n<p><a href=\"https:\/\/archiv.power-shift.de\/fr\/klimapolitik\/\">En savoir plus sur notre travail sur la politique \u00e9nerg\u00e9tique<\/a><\/p>\n<\/div>\n<\/div><\/div><\/div><\/div><div id=\"pg-13174-2\"  class=\"panel-grid panel-has-style\" ><div class=\"lsow-row panel-row-style panel-row-style-for-13174-2\" id=\"charity-intro\" ><div id=\"pgc-13174-2-0\"  class=\"panel-grid-cell\" ><div id=\"panel-13174-2-0-0\" class=\"so-panel widget widget_mo-heading panel-first-child\" data-index=\"7\" ><div class=\"panel-widget-style panel-widget-style-for-13174-2-0-0\" ><div\n\t\t\t\n\t\t\tclass=\"so-widget-mo-heading so-widget-mo-heading-default-d75171398898-13174\"\n\t\t\t\n\t\t>\n<div class=\"heading center dashed\"><h3 class=\"title\">Qu'y a-t-il de nouveau dans la politique commerciale, la politique des mati\u00e8res premi\u00e8res et la politique \u00e9nerg\u00e9tique?<\/h3><\/div><\/div><\/div><\/div><div id=\"panel-13174-2-0-1\" class=\"so-panel widget widget_mo-button\" data-index=\"8\" ><div\n\t\t\t\n\t\t\tclass=\"so-widget-mo-button so-widget-mo-button-default-d75171398898-13174\"\n\t\t\t\n\t\t><div class=\"button-wrap\" style=\"text-align:center;float:center;\"><a class= \"button  default large\" href=\"https:\/\/archiv.power-shift.de\/fr\/webserie-basta-feministische-stimmen-zu-eu-handelsabkommen-mit-lateinamerika\/\" target=\"_blank\">S\u00e9rie web: \u00a1BASTA! \u2013 Voix f\u00e9ministes sur les accords commerciaux de l\u2019UE avec l\u2019Am\u00e9rique latine<\/a><\/div><\/div><\/div><div id=\"panel-13174-2-0-2\" class=\"so-panel widget widget_lsow-portfolio\" data-index=\"9\" ><div\n\t\t\t\n\t\t\tclass=\"so-widget-lsow-portfolio so-widget-lsow-portfolio-default-f15dd5c1a211-13174\"\n\t\t\t\n\t\t><div class=\"lsow-portfolio-wrap lsow-gapless-grid\"><div id=\"lsow-portfolio-69fb08116e33b\" class=\"lsow-portfolio js-isotope lsow-fitRows lsow-grid-container  lsow-grid-desktop-4 lsow-grid-tablet-2 lsow-grid-mobile-1\" data-isotope-options='{ \"itemSelector\": \".lsow-portfolio-item\", \"layoutMode\": \"fitRows\"}'><div data-id=\"id-94359\" class=\"lsow-grid-item lsow-portfolio-item  term-87 term-379\"><article id=\"post-94359\" class=\"post-94359 post type-post status-publish format-standard has-post-thumbnail hentry category-handels-u-investitionspolitik category-publikation tag-investitionsschutz tag-isds tag-konzernklagen tag-schiedsklagen\"><div class=\"lsow-project-image\"><a href=\"https:\/\/archiv.power-shift.de\/fr\/konzernklagen_hebeln_demokratien_aus\/\" target=\"_self\"><img fetchpriority=\"high\" decoding=\"async\" width=\"550\" height=\"400\" src=\"https:\/\/archiv.power-shift.de\/wp-content\/uploads\/2025\/09\/Oel_Raffinerie-550x400.jpg\" class=\"lsow-image skip-lazy no-lazyload exclude-me a3-notlazy wp-post-image\" alt=\"\u00d6l Raffinerie\" data-no-lazy=\"1\" loading=\"eager\" srcset=\"https:\/\/archiv.power-shift.de\/wp-content\/uploads\/2025\/09\/Oel_Raffinerie-550x400.jpg 550w, https:\/\/archiv.power-shift.de\/wp-content\/uploads\/2025\/09\/Oel_Raffinerie-18x12.jpg 18w\" sizes=\"(max-width: 550px) 100vw, 550px\" \/><\/a><div class=\"lsow-image-info\"><div class=\"lsow-entry-info\"><h3 class=\"lsow-post-title\"><a href=\"https:\/\/archiv.power-shift.de\/fr\/konzernklagen_hebeln_demokratien_aus\/\" title=\"Neue Studie: 10 Beispiele wie Konzernklagen die Demokratie aushebeln\" target=\"_self\" rel=\"bookmark\">Neue Studie: 10 Beispiele wie Konzernklagen die Demokratie aushebeln<\/a><\/h3><\/div><\/div><!-- .lsow-image-info --><\/div><div class=\"lsow-entry-text-wrap\"><h3 class=\"entry-title\"><a href=\"https:\/\/archiv.power-shift.de\/fr\/konzernklagen_hebeln_demokratien_aus\/\" title=\"Neue Studie: 10 Beispiele wie Konzernklagen die Demokratie aushebeln\" target=\"_self\" rel=\"bookmark\">Neue Studie: 10 Beispiele wie Konzernklagen die Demokratie aushebeln<\/a><\/h3><\/div><\/article><!-- .hentry --><\/div><div data-id=\"id-94349\" class=\"lsow-grid-item lsow-portfolio-item  term-196\"><article id=\"post-94349\" class=\"post-94349 post type-post status-publish format-standard has-post-thumbnail hentry category-pressemitteilung tag-investor-staat-schiedsverfahren tag-isds tag-konzernklagen tag-konzernmacht\"><div class=\"lsow-project-image\"><a href=\"https:\/\/archiv.power-shift.de\/fr\/isds_klagen_hebeln_demokratie_aus\/\" target=\"_self\"><img decoding=\"async\" width=\"550\" height=\"400\" src=\"https:\/\/archiv.power-shift.de\/wp-content\/uploads\/2025\/09\/Konzerne-550x400.jpg\" class=\"lsow-image skip-lazy no-lazyload exclude-me a3-notlazy wp-post-image\" alt=\"Konzerngeb\u00e4ude von au\u00dfen.\" data-no-lazy=\"1\" loading=\"eager\" \/><\/a><div class=\"lsow-image-info\"><div class=\"lsow-entry-info\"><h3 class=\"lsow-post-title\"><a href=\"https:\/\/archiv.power-shift.de\/fr\/isds_klagen_hebeln_demokratie_aus\/\" title=\"Neue Studie: 10 Beispiele wie Konzernklagen die Demokratie aushebeln\" target=\"_self\" rel=\"bookmark\">Neue Studie: 10 Beispiele wie Konzernklagen die Demokratie aushebeln<\/a><\/h3><\/div><\/div><!-- .lsow-image-info --><\/div><div class=\"lsow-entry-text-wrap\"><h3 class=\"entry-title\"><a href=\"https:\/\/archiv.power-shift.de\/fr\/isds_klagen_hebeln_demokratie_aus\/\" title=\"Neue Studie: 10 Beispiele wie Konzernklagen die Demokratie aushebeln\" target=\"_self\" rel=\"bookmark\">Neue Studie: 10 Beispiele wie Konzernklagen die Demokratie aushebeln<\/a><\/h3><\/div><\/article><!-- .hentry --><\/div><div data-id=\"id-94333\" class=\"lsow-grid-item lsow-portfolio-item  term-196\"><article id=\"post-94333\" class=\"post-94333 post type-post status-publish format-standard has-post-thumbnail hentry category-pressemitteilung tag-eu tag-handelsabkommen tag-mercosur tag-mexiko\"><div class=\"lsow-project-image\"><a href=\"https:\/\/archiv.power-shift.de\/fr\/kampagne_gegen_eu_lateinamerika_handelsabkommen\/\" target=\"_self\"><img decoding=\"async\" width=\"550\" height=\"400\" src=\"https:\/\/archiv.power-shift.de\/wp-content\/uploads\/2025\/09\/Wald_abgeholzt-550x400.jpg\" class=\"lsow-image skip-lazy no-lazyload exclude-me a3-notlazy wp-post-image\" alt=\"Abgeholzter Wald\" data-no-lazy=\"1\" loading=\"eager\" \/><\/a><div class=\"lsow-image-info\"><div class=\"lsow-entry-info\"><h3 class=\"lsow-post-title\"><a href=\"https:\/\/archiv.power-shift.de\/fr\/kampagne_gegen_eu_lateinamerika_handelsabkommen\/\" title=\"\u201eStoppt giftigen Handel!\u201c \u2013 \u00dcber 50 Organisationen starten Kampagne gegen Handelsabkommen zwischen EU &#038; Lateinamerika\" target=\"_self\" rel=\"bookmark\">\u201eStoppt giftigen Handel!\u201c \u2013 \u00dcber 50 Organisationen starten Kampagne gegen Handelsabkommen zwischen EU &#038; Lateinamerika<\/a><\/h3><\/div><\/div><!-- .lsow-image-info --><\/div><div class=\"lsow-entry-text-wrap\"><h3 class=\"entry-title\"><a href=\"https:\/\/archiv.power-shift.de\/fr\/kampagne_gegen_eu_lateinamerika_handelsabkommen\/\" title=\"\u201eStoppt giftigen Handel!\u201c \u2013 \u00dcber 50 Organisationen starten Kampagne gegen Handelsabkommen zwischen EU &#038; Lateinamerika\" target=\"_self\" rel=\"bookmark\">\u201eStoppt giftigen Handel!\u201c \u2013 \u00dcber 50 Organisationen starten Kampagne gegen Handelsabkommen zwischen EU &#038; Lateinamerika<\/a><\/h3><\/div><\/article><!-- .hentry --><\/div><div data-id=\"id-94322\" class=\"lsow-grid-item lsow-portfolio-item  term-196\"><article id=\"post-94322\" class=\"post-94322 post type-post status-publish format-standard has-post-thumbnail hentry category-pressemitteilung tag-ccs tag-kohlendioxid tag-kspg\"><div class=\"lsow-project-image\"><a href=\"https:\/\/archiv.power-shift.de\/fr\/powershift-kritisiert-kohlendioxidspeicherungsgesetz-entwurf\/\" target=\"_self\"><img decoding=\"async\" width=\"550\" height=\"400\" src=\"https:\/\/archiv.power-shift.de\/wp-content\/uploads\/2025\/09\/Pipelines-550x400.jpg\" class=\"lsow-image skip-lazy no-lazyload exclude-me a3-notlazy wp-post-image\" alt=\"Pipelines\" data-no-lazy=\"1\" loading=\"eager\" \/><\/a><div class=\"lsow-image-info\"><div class=\"lsow-entry-info\"><h3 class=\"lsow-post-title\"><a href=\"https:\/\/archiv.power-shift.de\/fr\/powershift-kritisiert-kohlendioxidspeicherungsgesetz-entwurf\/\" title=\"PowerShift kritisiert Kohlendioxidspeicherungsgesetz-Entwurf\" target=\"_self\" rel=\"bookmark\">PowerShift kritisiert Kohlendioxidspeicherungsgesetz-Entwurf<\/a><\/h3><\/div><\/div><!-- .lsow-image-info --><\/div><div class=\"lsow-entry-text-wrap\"><h3 class=\"entry-title\"><a href=\"https:\/\/archiv.power-shift.de\/fr\/powershift-kritisiert-kohlendioxidspeicherungsgesetz-entwurf\/\" title=\"PowerShift kritisiert Kohlendioxidspeicherungsgesetz-Entwurf\" target=\"_self\" rel=\"bookmark\">PowerShift kritisiert Kohlendioxidspeicherungsgesetz-Entwurf<\/a><\/h3><\/div><\/article><!-- .hentry --><\/div><\/div><!-- .lsow-portfolio --><\/div><!-- .lsow-portfolio-wrap --><\/div><\/div><div id=\"panel-13174-2-0-3\" class=\"so-panel widget widget_mo-button\" data-index=\"10\" ><div\n\t\t\t\n\t\t\tclass=\"so-widget-mo-button so-widget-mo-button-default-d75171398898-94322\"\n\t\t\t\n\t\t><div class=\"button-wrap\" style=\"text-align:center;float:center;\"><a class= \"button  default large\" style=\"text-align:center\" href=\"https:\/\/archiv.power-shift.de\/fr\/alle-beitraege\/\" target=\"_blank\">Tous les messages<\/a><\/div><\/div><\/div><div id=\"panel-13174-2-0-4\" class=\"so-panel widget widget_mo-heading\" data-index=\"11\" ><div class=\"panel-widget-style panel-widget-style-for-13174-2-0-4\" ><div\n\t\t\t\n\t\t\tclass=\"so-widget-mo-heading so-widget-mo-heading-default-d75171398898-94322\"\n\t\t\t\n\t\t>\n<div class=\"heading center dashed\"><h3 class=\"title\">Dates actuelles - l'heure des questions<\/h3><\/div><\/div><\/div><\/div><div id=\"panel-13174-2-0-5\" class=\"widget_text so-panel widget widget_custom_html\" data-index=\"12\" ><div class=\"widget_text homepage-events panel-widget-style panel-widget-style-for-13174-2-0-5\" ><div class=\"textwidget custom-html-widget\"><div id=\"ect-no-events\"><p>Keine kommenden Termine vorhanden<\/p><\/div><\/div><\/div><\/div><div id=\"panel-13174-2-0-6\" class=\"so-panel widget widget_mo-button panel-last-child\" data-index=\"13\" ><div\n\t\t\t\n\t\t\tclass=\"so-widget-mo-button so-widget-mo-button-default-d75171398898-94322\"\n\t\t\t\n\t\t><div class=\"button-wrap\" style=\"text-align:center;float:center;\"><a class= \"button  default large\" href=\"https:\/\/archiv.power-shift.de\/fr\/termine\/\" target=\"_blank\">Toutes les dates<\/a><\/div><\/div><\/div><\/div><\/div><\/div><div id=\"pg-13174-3\"  class=\"panel-grid panel-no-style\" ><div id=\"pgc-13174-3-0\"  class=\"panel-grid-cell\" ><div id=\"panel-13174-3-0-0\" class=\"so-panel widget widget_mo-heading panel-first-child panel-last-child\" data-index=\"14\" ><div class=\"panel-widget-style panel-widget-style-for-13174-3-0-0\" ><div\n\t\t\t\n\t\t\tclass=\"so-widget-mo-heading so-widget-mo-heading-default-d75171398898-94322\"\n\t\t\t\n\t\t>\n<div class=\"heading center dashed\"><h3 class=\"title\">Envie de nous soutenir? On cherche des renforts!<\/h3><\/div><\/div><\/div><\/div><\/div><\/div><div id=\"pg-13174-4\"  class=\"panel-grid panel-no-style\" ><div id=\"pgc-13174-4-0\"  class=\"panel-grid-cell\" ><div id=\"panel-13174-4-0-0\" class=\"so-panel widget widget_sow-editor panel-first-child\" data-index=\"15\" ><div\n\t\t\t\n\t\t\tclass=\"so-widget-sow-editor so-widget-sow-editor-base\"\n\t\t\t\n\t\t>\n<div class=\"siteorigin-widget-tinymce textwidget\">\n\t<p>Wir suchen ein*e Werkstudent*in f\u00fcr unser Klimateam ab dem 1. September. Wir freuen uns auf aussagekr\u00e4ftige Bewerbungen. Einfach auf die Ausschreibung schauen und bewerben.<\/p>\n<\/div>\n<\/div><\/div><div id=\"panel-13174-4-0-1\" class=\"so-panel widget widget_mo-button\" data-index=\"16\" ><div\n\t\t\t\n\t\t\tclass=\"so-widget-mo-button so-widget-mo-button-default-d75171398898-94322\"\n\t\t\t\n\t\t><div class=\"button-wrap\" style=\"text-align:center;float:center;\"><a class= \"button  default large\" href=\"https:\/\/archiv.power-shift.de\/fr\/ausschreibung-werkstudentin-bodengerechtigkeit\/\" target=\"_blank\">Werkstudent*in im Bereich Klimapolitik ab 1. September<\/a><\/div><\/div><\/div><div id=\"panel-13174-4-0-2\" class=\"so-panel widget widget_sow-editor\" data-index=\"17\" ><div\n\t\t\t\n\t\t\tclass=\"so-widget-sow-editor so-widget-sow-editor-base\"\n\t\t\t\n\t\t>\n<div class=\"siteorigin-widget-tinymce textwidget\">\n\t<p>Wir suchen ein*e Praktikant*in f\u00fcr unser Rohstoffteam ab dem 1. September. Wir freuen uns auf aussagekr\u00e4ftige Bewerbungen. Einfach auf die Ausschreibung schauen und bewerben.<\/p>\n<\/div>\n<\/div><\/div><div id=\"panel-13174-4-0-3\" class=\"so-panel widget widget_mo-button\" data-index=\"18\" ><div\n\t\t\t\n\t\t\tclass=\"so-widget-mo-button so-widget-mo-button-default-d75171398898-94322\"\n\t\t\t\n\t\t><div class=\"button-wrap\" style=\"text-align:center;float:center;\"><a class= \"button  default large\" href=\"https:\/\/archiv.power-shift.de\/fr\/ausschreibung-praktikum-rohstoffpolitik-september-2025\/\" target=\"_blank\">Praktikum im Bereich Rohstoffpolitik ab 1. September<\/a><\/div><\/div><\/div><div id=\"panel-13174-4-0-4\" class=\"so-panel widget widget_sow-editor\" data-index=\"19\" ><div\n\t\t\t\n\t\t\tclass=\"so-widget-sow-editor so-widget-sow-editor-base\"\n\t\t\t\n\t\t>\n<div class=\"siteorigin-widget-tinymce textwidget\">\n\t<p>Nous recherchons des stagiaires pour soutenir nos \u00e9quipes. Nous nous r\u00e9jouissons de recevoir des candidatures significatives. Il n'y a pas de date limite de d\u00e9p\u00f4t des candidatures. Il suffit de regarder l'appel d'offres et de postuler.<\/p>\n<\/div>\n<\/div><\/div><div id=\"panel-13174-4-0-5\" class=\"so-panel widget widget_mo-button\" data-index=\"20\" ><div\n\t\t\t\n\t\t\tclass=\"so-widget-mo-button so-widget-mo-button-default-d75171398898-94322\"\n\t\t\t\n\t\t><div class=\"button-wrap\" style=\"text-align:center;float:center;\"><a class= \"button  default large\" href=\"https:\/\/archiv.power-shift.de\/fr\/praktikum\/\" target=\"_blank\">Vers le stage PowerShift<\/a><\/div><\/div><\/div><div id=\"panel-13174-4-0-6\" class=\"so-panel widget widget_sow-editor\" data-index=\"21\" ><div\n\t\t\t\n\t\t\tclass=\"so-widget-sow-editor so-widget-sow-editor-base\"\n\t\t\t\n\t\t>\n<div class=\"siteorigin-widget-tinymce textwidget\">\n\t<p>Nous recherchons des personnes d\u00e9vou\u00e9es \u00e0 notre \u00e9quipe de b\u00e9n\u00e9voles des m\u00e9dias sociaux. Avec vous, nous annon\u00e7ons la lutte contre les fausses nouvelles climatiques! Il n'y a pas de date limite de d\u00e9p\u00f4t des candidatures. Il suffit de regarder l'appel d'offres et de postuler.<\/p>\n<\/div>\n<\/div><\/div><div id=\"panel-13174-4-0-7\" class=\"so-panel widget widget_mo-button panel-last-child\" data-index=\"22\" ><div\n\t\t\t\n\t\t\tclass=\"so-widget-mo-button so-widget-mo-button-default-d75171398898-94322\"\n\t\t\t\n\t\t><div class=\"button-wrap\" style=\"text-align:center;float:center;\"><a class= \"button  default large\" href=\"https:\/\/archiv.power-shift.de\/wp-content\/uploads\/2024\/07\/Freiwilligensuche_PowerShift.pdf\" target=\"_blank\">Postulez maintenant<\/a><\/div><\/div><\/div><\/div><\/div><div id=\"pg-13174-5\"  class=\"panel-grid panel-has-style\" ><div class=\"siteorigin-panels-stretch panel-row-style panel-row-style-for-13174-5\" data-stretch-type=\"full\" ><div id=\"pgc-13174-5-0\"  class=\"panel-grid-cell\" ><div id=\"panel-13174-5-0-0\" class=\"so-panel widget widget_sow-image panel-first-child panel-last-child\" data-index=\"23\" ><div\n\t\t\t\n\t\t\tclass=\"so-widget-sow-image so-widget-sow-image-default-8b5b6f678277-94322\"\n\t\t\t\n\t\t>\n<div class=\"sow-image-container\">\n\t\t\t<a href=\"https:\/\/archiv.power-shift.de\/fr\/newsletter-bestellen\/\"\n\t\t\t\t\t>\n\t\t\t<img \n\tsrc=\"https:\/\/archiv.power-shift.de\/wp-content\/uploads\/2024\/08\/PowerShift-Newsletter.png\" width=\"1366\" height=\"768\" srcset=\"https:\/\/archiv.power-shift.de\/wp-content\/uploads\/2024\/08\/PowerShift-Newsletter.png 1366w, https:\/\/archiv.power-shift.de\/wp-content\/uploads\/2024\/08\/PowerShift-Newsletter-550x309.png 550w, https:\/\/archiv.power-shift.de\/wp-content\/uploads\/2024\/08\/PowerShift-Newsletter-1024x576.png 1024w, https:\/\/archiv.power-shift.de\/wp-content\/uploads\/2024\/08\/PowerShift-Newsletter-768x432.png 768w, https:\/\/archiv.power-shift.de\/wp-content\/uploads\/2024\/08\/PowerShift-Newsletter-600x337.png 600w\" sizes=\"(max-width: 1366px) 100vw, 1366px\" title=\"Bulletin d&#039;information PowerShift\" alt=\"Publicit\u00e9 Newsletter PowerShift Inscription\" \t\tclass=\"so-widget-image\"\/>\n\t\t\t<\/a><\/div>\n\n<\/div><\/div><\/div><\/div><\/div><\/div>","protected":false},"excerpt":{"rendered":"<p>Unser Ziel ist eine \u00f6kologisch und sozial gerechtere Weltwirtschaft. Daf\u00fcr setzen wir unsere Expertise in Handels\u2010, Rohstoff\u2010 und Klimapolitik ein.<\/p>","protected":false},"author":2,"featured_media":0,"parent":0,"menu_order":8,"comment_status":"closed","ping_status":"closed","template":"","meta":{"episode_type":"","audio_file":"","cover_image":"","cover_image_id":"","duration":"","filesize":"","date_recorded":"","explicit":"","block":"","itunes_episode_number":"","itunes_title":"","itunes_season_number":"","itunes_episode_type":"","filesize_raw":"","footnotes":""},"ppma_author":[264],"class_list":["post-13174","page","type-page","status-publish","hentry"],"_links":{"self":[{"href":"https:\/\/archiv.power-shift.de\/fr\/wp-json\/wp\/v2\/pages\/13174","targetHints":{"allow":["GET"]}}],"collection":[{"href":"https:\/\/archiv.power-shift.de\/fr\/wp-json\/wp\/v2\/pages"}],"about":[{"href":"https:\/\/archiv.power-shift.de\/fr\/wp-json\/wp\/v2\/types\/page"}],"author":[{"embeddable":true,"href":"https:\/\/archiv.power-shift.de\/fr\/wp-json\/wp\/v2\/users\/2"}],"replies":[{"embeddable":true,"href":"https:\/\/archiv.power-shift.de\/fr\/wp-json\/wp\/v2\/comments?post=13174"}],"version-history":[{"count":6,"href":"https:\/\/archiv.power-shift.de\/fr\/wp-json\/wp\/v2\/pages\/13174\/revisions"}],"predecessor-version":[{"id":93982,"href":"https:\/\/archiv.power-shift.de\/fr\/wp-json\/wp\/v2\/pages\/13174\/revisions\/93982"}],"wp:attachment":[{"href":"https:\/\/archiv.power-shift.de\/fr\/wp-json\/wp\/v2\/media?parent=13174"}],"wp:term":[{"taxonomy":"author","embeddable":true,"href":"https:\/\/archiv.power-shift.de\/fr\/wp-json\/wp\/v2\/ppma_author?post=13174"}],"curies":[{"name":"wp","href":"https:\/\/api.w.org\/{rel}","templated":true}]}}