{"id":78584,"date":"2022-02-10T06:15:20","date_gmt":"2022-02-10T05:15:20","guid":{"rendered":"https:\/\/power-shift.de\/?post_type=product&#038;p=78584"},"modified":"2025-09-25T12:23:07","modified_gmt":"2025-09-25T10:23:07","slug":"78584","status":"publish","type":"product","link":"https:\/\/archiv.power-shift.de\/es\/producto\/78584\/","title":{"rendered":"Tarjetas postales promocionales Tratado sobre la Carta de la Energ\u00eda"},"content":{"rendered":"<p><strong>2022 ser\u00e1 el a\u00f1o de la decisi\u00f3n del Tratado sobre la Carta de la Energ\u00eda:<\/strong> \u00bfSe completar\u00e1 el proceso de reforma o muchos pa\u00edses se retirar\u00e1n del tratado? El Gobierno Federal y, en particular, la <strong>El ministro de Asuntos Econ\u00f3micos y Cambio Clim\u00e1tico, Robert Habeck, tiene un papel crucial que desempe\u00f1ar en este sentido.<\/strong>. Aumentemos la presi\u00f3n y enviemos a Robert Habeck especialmente muchas postales con nuestras demandas. <strong>Recomendamos pedir 5, 10 o 30 postales.<\/strong> Tambi\u00e9n puede solicitar un n\u00famero individual.<strong> Cada voz cuenta, pregunte a sus amigos y familiares, llame a la participaci\u00f3n.<\/strong><\/p>","protected":false},"excerpt":{"rendered":"<p>2022 wird das Jahr der Entscheidung f\u00fcr den Energiecharta-Vertrag: Wird der Reformprozess abgeschlossen oder treten viele L\u00e4nder aus dem Vertrag aus? Der Bundesregierung und insbesondere dem Wirtschafts- und Klimaminister Robert [&hellip;]<\/p>","protected":false},"featured_media":78585,"template":"","meta":{"episode_type":"","audio_file":"","cover_image":"","cover_image_id":"","duration":"","filesize":"","date_recorded":"","explicit":"","block":"","itunes_episode_number":"","itunes_title":"","itunes_season_number":"","itunes_episode_type":"","filesize_raw":""},"product_brand":[],"product_cat":[321,322,38],"product_tag":[417,307,312,281,296,285,440],"class_list":{"0":"post-78584","1":"product","2":"type-product","3":"status-publish","4":"has-post-thumbnail","6":"product_cat-handels-und-investitionspolitik","7":"product_cat-klimapolitik","8":"product_cat-sonstiges","9":"product_tag-energiecharta","10":"product_tag-energiecharta-vertrag","11":"product_tag-energiewende","12":"product_tag-investitionsschutz","13":"product_tag-konzernklagerechte","14":"product_tag-schiedsgericht","15":"product_tag-sonderklagerechte","17":"first","18":"outofstock","19":"shipping-taxable","20":"purchasable","21":"product-type-simple"},"_links":{"self":[{"href":"https:\/\/archiv.power-shift.de\/es\/wp-json\/wp\/v2\/product\/78584","targetHints":{"allow":["GET"]}}],"collection":[{"href":"https:\/\/archiv.power-shift.de\/es\/wp-json\/wp\/v2\/product"}],"about":[{"href":"https:\/\/archiv.power-shift.de\/es\/wp-json\/wp\/v2\/types\/product"}],"wp:featuredmedia":[{"embeddable":true,"href":"https:\/\/archiv.power-shift.de\/es\/wp-json\/wp\/v2\/media\/78585"}],"wp:attachment":[{"href":"https:\/\/archiv.power-shift.de\/es\/wp-json\/wp\/v2\/media?parent=78584"}],"wp:term":[{"taxonomy":"product_brand","embeddable":true,"href":"https:\/\/archiv.power-shift.de\/es\/wp-json\/wp\/v2\/product_brand?post=78584"},{"taxonomy":"product_cat","embeddable":true,"href":"https:\/\/archiv.power-shift.de\/es\/wp-json\/wp\/v2\/product_cat?post=78584"},{"taxonomy":"product_tag","embeddable":true,"href":"https:\/\/archiv.power-shift.de\/es\/wp-json\/wp\/v2\/product_tag?post=78584"}],"curies":[{"name":"wp","href":"https:\/\/api.w.org\/{rel}","templated":true}]}}