{"id":77879,"date":"2021-11-16T14:53:25","date_gmt":"2021-11-16T13:53:25","guid":{"rendered":"https:\/\/power-shift.de\/?post_type=product&#038;p=77879"},"modified":"2025-09-25T12:23:13","modified_gmt":"2025-09-25T10:23:13","slug":"veraenderungsurkunde-design-2","status":"publish","type":"product","link":"https:\/\/archiv.power-shift.de\/es\/producto\/veraenderungsurkunde-design-2\/","title":{"rendered":"Documento de cambio"},"content":{"rendered":"<p>Desigualdad mundial, cat\u00e1strofe clim\u00e1tica, explotaci\u00f3n de las personas y de la naturaleza: los problemas son enormes. PowerShift es una asociaci\u00f3n sin \u00e1nimo de lucro. Hemos estado luchando por una econom\u00eda global m\u00e1s ecol\u00f3gica y socialmente justa desde 2010. Con una donaci\u00f3n o membres\u00eda, usted tambi\u00e9n puede apoyar nuestro compromiso con una econom\u00eda global m\u00e1s justa. Ay\u00fadanos a continuar la lucha.<\/p>\n<p>Para su donaci\u00f3n recibir\u00e1 un certificado en formato PDF para imprimir o enviar usted mismo.<\/p>","protected":false},"excerpt":{"rendered":"<p>Globale Ungleichheit, Klimakatastrophe, Ausbeutung von Mensch und Natur \u2013 die Probleme sind gro\u00df. PowerShift ist ein gemeinn\u00fctziger Verein. Wir k\u00e4mpfen seit 2010 f\u00fcr eine \u00f6kologisch und sozial gerechtere Weltwirtschaft. Mit [&hellip;]<\/p>","protected":false},"featured_media":77873,"template":"","meta":{"episode_type":"","audio_file":"","cover_image":"","cover_image_id":"","duration":"","filesize":"","date_recorded":"","explicit":"","block":"","itunes_episode_number":"","itunes_title":"","itunes_season_number":"","itunes_episode_type":"","filesize_raw":""},"product_brand":[],"product_cat":[424],"product_tag":[],"class_list":{"0":"post-77879","1":"product","2":"type-product","3":"status-publish","4":"has-post-thumbnail","6":"product_cat-spende","8":"first","9":"outofstock","10":"shipping-taxable","11":"purchasable","12":"product-type-variable"},"_links":{"self":[{"href":"https:\/\/archiv.power-shift.de\/es\/wp-json\/wp\/v2\/product\/77879","targetHints":{"allow":["GET"]}}],"collection":[{"href":"https:\/\/archiv.power-shift.de\/es\/wp-json\/wp\/v2\/product"}],"about":[{"href":"https:\/\/archiv.power-shift.de\/es\/wp-json\/wp\/v2\/types\/product"}],"wp:featuredmedia":[{"embeddable":true,"href":"https:\/\/archiv.power-shift.de\/es\/wp-json\/wp\/v2\/media\/77873"}],"wp:attachment":[{"href":"https:\/\/archiv.power-shift.de\/es\/wp-json\/wp\/v2\/media?parent=77879"}],"wp:term":[{"taxonomy":"product_brand","embeddable":true,"href":"https:\/\/archiv.power-shift.de\/es\/wp-json\/wp\/v2\/product_brand?post=77879"},{"taxonomy":"product_cat","embeddable":true,"href":"https:\/\/archiv.power-shift.de\/es\/wp-json\/wp\/v2\/product_cat?post=77879"},{"taxonomy":"product_tag","embeddable":true,"href":"https:\/\/archiv.power-shift.de\/es\/wp-json\/wp\/v2\/product_tag?post=77879"}],"curies":[{"name":"wp","href":"https:\/\/api.w.org\/{rel}","templated":true}]}}