{"id":77011,"date":"2021-09-14T09:58:10","date_gmt":"2021-09-14T07:58:10","guid":{"rendered":"https:\/\/power-shift.de\/?post_type=product&#038;p=77011"},"modified":"2025-09-25T12:23:09","modified_gmt":"2025-09-25T10:23:09","slug":"die-vergessenen-batterierohstoffe-bauxit-und-aluminium-staub-in-den-lungen-batterien-in-den-autos","status":"publish","type":"product","link":"https:\/\/archiv.power-shift.de\/es\/producto\/die-vergessenen-batterierohstoffe-bauxit-und-aluminium-staub-in-den-lungen-batterien-in-den-autos\/","title":{"rendered":"Las materias primas olvidadas de la bater\u00eda: bauxita y aluminio: polvo en los pulmones, bater\u00edas en los autom\u00f3viles"},"content":{"rendered":"<p><a class=\"button\" href=\"https:\/\/archiv.power-shift.de\/es\/die-vergessenen-batterierohstoffe-bauxit-und-aluminium\/\">A la publicaci\u00f3n<\/a><\/p>","protected":false},"excerpt":{"rendered":"<p>El aluminio juega un papel importante en la producci\u00f3n de bater\u00edas en dos \u00e1reas: Por un lado, adem\u00e1s del acero, la materia prima se utiliza regularmente en la producci\u00f3n de la carcasa de la bater\u00eda. Por otro lado, se utiliza como l\u00e1mina de colecci\u00f3n de c\u00e1todos.<\/p>","protected":false},"featured_media":76738,"template":"","meta":{"episode_type":"","audio_file":"","cover_image":"","cover_image_id":"","duration":"","filesize":"","date_recorded":"","explicit":"","block":"","itunes_episode_number":"","itunes_title":"","itunes_season_number":"","itunes_episode_type":"","filesize_raw":""},"product_brand":[],"product_cat":[412,322,323],"product_tag":[],"class_list":{"0":"post-77011","1":"product","2":"type-product","3":"status-publish","4":"has-post-thumbnail","6":"product_cat-steckbrief","7":"product_cat-klimapolitik","8":"product_cat-rohstoffpolitik","10":"first","11":"outofstock","12":"shipping-taxable","13":"purchasable","14":"product-type-simple"},"_links":{"self":[{"href":"https:\/\/archiv.power-shift.de\/es\/wp-json\/wp\/v2\/product\/77011","targetHints":{"allow":["GET"]}}],"collection":[{"href":"https:\/\/archiv.power-shift.de\/es\/wp-json\/wp\/v2\/product"}],"about":[{"href":"https:\/\/archiv.power-shift.de\/es\/wp-json\/wp\/v2\/types\/product"}],"wp:featuredmedia":[{"embeddable":true,"href":"https:\/\/archiv.power-shift.de\/es\/wp-json\/wp\/v2\/media\/76738"}],"wp:attachment":[{"href":"https:\/\/archiv.power-shift.de\/es\/wp-json\/wp\/v2\/media?parent=77011"}],"wp:term":[{"taxonomy":"product_brand","embeddable":true,"href":"https:\/\/archiv.power-shift.de\/es\/wp-json\/wp\/v2\/product_brand?post=77011"},{"taxonomy":"product_cat","embeddable":true,"href":"https:\/\/archiv.power-shift.de\/es\/wp-json\/wp\/v2\/product_cat?post=77011"},{"taxonomy":"product_tag","embeddable":true,"href":"https:\/\/archiv.power-shift.de\/es\/wp-json\/wp\/v2\/product_tag?post=77011"}],"curies":[{"name":"wp","href":"https:\/\/api.w.org\/{rel}","templated":true}]}}