{"id":75763,"date":"2021-04-28T06:00:09","date_gmt":"2021-04-28T04:00:09","guid":{"rendered":"https:\/\/power-shift.de\/?post_type=product&#038;p=75763"},"modified":"2025-09-25T12:23:09","modified_gmt":"2025-09-25T10:23:09","slug":"reisefuehrer-eu-mexiko-alle-macht-den-investoren","status":"publish","type":"product","link":"https:\/\/archiv.power-shift.de\/es\/producto\/reisefuehrer-eu-mexiko-alle-macht-den-investoren\/","title":{"rendered":"Gu\u00eda de viaje: UE-M\u00e9xico \u2013 \u00bfTodo el poder para...? inversores."},"content":{"rendered":"<p><a class=\"button\" href=\"https:\/\/archiv.power-shift.de\/es\/reisefuehrer-eu-mexiko\/\">A la publicaci\u00f3n<\/a><br \/>\nLa gu\u00eda de viaje est\u00e1 actualmente agotada. Utilice la opci\u00f3n de descarga de pdf.<\/p>","protected":false},"excerpt":{"rendered":"<p>La gu\u00eda de viaje est\u00e1 actualmente agotada. Utilice la opci\u00f3n de descarga de pdf.<\/p>","protected":false},"featured_media":75764,"template":"","meta":{"episode_type":"","audio_file":"","cover_image":"","cover_image_id":"","duration":"","filesize":"","date_recorded":"","explicit":"","block":"","itunes_episode_number":"","itunes_title":"","itunes_season_number":"","itunes_episode_type":"","filesize_raw":""},"product_brand":[],"product_cat":[321],"product_tag":[],"class_list":{"0":"post-75763","1":"product","2":"type-product","3":"status-publish","4":"has-post-thumbnail","6":"product_cat-handels-und-investitionspolitik","8":"first","9":"outofstock","10":"shipping-taxable","11":"purchasable","12":"product-type-simple"},"_links":{"self":[{"href":"https:\/\/archiv.power-shift.de\/es\/wp-json\/wp\/v2\/product\/75763","targetHints":{"allow":["GET"]}}],"collection":[{"href":"https:\/\/archiv.power-shift.de\/es\/wp-json\/wp\/v2\/product"}],"about":[{"href":"https:\/\/archiv.power-shift.de\/es\/wp-json\/wp\/v2\/types\/product"}],"wp:featuredmedia":[{"embeddable":true,"href":"https:\/\/archiv.power-shift.de\/es\/wp-json\/wp\/v2\/media\/75764"}],"wp:attachment":[{"href":"https:\/\/archiv.power-shift.de\/es\/wp-json\/wp\/v2\/media?parent=75763"}],"wp:term":[{"taxonomy":"product_brand","embeddable":true,"href":"https:\/\/archiv.power-shift.de\/es\/wp-json\/wp\/v2\/product_brand?post=75763"},{"taxonomy":"product_cat","embeddable":true,"href":"https:\/\/archiv.power-shift.de\/es\/wp-json\/wp\/v2\/product_cat?post=75763"},{"taxonomy":"product_tag","embeddable":true,"href":"https:\/\/archiv.power-shift.de\/es\/wp-json\/wp\/v2\/product_tag?post=75763"}],"curies":[{"name":"wp","href":"https:\/\/api.w.org\/{rel}","templated":true}]}}