{"id":74875,"date":"2020-12-03T11:04:21","date_gmt":"2020-12-03T10:04:21","guid":{"rendered":"https:\/\/power-shift.de\/?post_type=product&#038;p=74875"},"modified":"2025-09-25T12:23:09","modified_gmt":"2025-09-25T10:23:09","slug":"akku-leer-die-schwache-batterie-direktive-der-europaeischen-union","status":"publish","type":"product","link":"https:\/\/archiv.power-shift.de\/es\/producto\/akku-leer-die-schwache-batterie-direktive-der-europaeischen-union\/","title":{"rendered":"Bater\u00eda vac\u00eda: DIRECTIVA SOBRE BATER\u00cdAS DEBIDAS DE LA UNI\u00d3N EUROPEA"},"content":{"rendered":"<p><a class=\"button\" href=\"https:\/\/archiv.power-shift.de\/es\/eu-batterien-direktive\/\"> A la publicaci\u00f3n<\/a><\/p>","protected":false},"excerpt":{"rendered":"<p>A la publicaci\u00f3n<\/p>","protected":false},"featured_media":74876,"template":"","meta":{"episode_type":"","audio_file":"","cover_image":"","cover_image_id":"","duration":"","filesize":"","date_recorded":"","explicit":"","block":"","itunes_episode_number":"","itunes_title":"","itunes_season_number":"","itunes_episode_type":"","filesize_raw":""},"product_brand":[],"product_cat":[38],"product_tag":[],"class_list":{"0":"post-74875","1":"product","2":"type-product","3":"status-publish","4":"has-post-thumbnail","6":"product_cat-sonstiges","8":"first","9":"outofstock","10":"shipping-taxable","11":"purchasable","12":"product-type-simple"},"_links":{"self":[{"href":"https:\/\/archiv.power-shift.de\/es\/wp-json\/wp\/v2\/product\/74875","targetHints":{"allow":["GET"]}}],"collection":[{"href":"https:\/\/archiv.power-shift.de\/es\/wp-json\/wp\/v2\/product"}],"about":[{"href":"https:\/\/archiv.power-shift.de\/es\/wp-json\/wp\/v2\/types\/product"}],"wp:featuredmedia":[{"embeddable":true,"href":"https:\/\/archiv.power-shift.de\/es\/wp-json\/wp\/v2\/media\/74876"}],"wp:attachment":[{"href":"https:\/\/archiv.power-shift.de\/es\/wp-json\/wp\/v2\/media?parent=74875"}],"wp:term":[{"taxonomy":"product_brand","embeddable":true,"href":"https:\/\/archiv.power-shift.de\/es\/wp-json\/wp\/v2\/product_brand?post=74875"},{"taxonomy":"product_cat","embeddable":true,"href":"https:\/\/archiv.power-shift.de\/es\/wp-json\/wp\/v2\/product_cat?post=74875"},{"taxonomy":"product_tag","embeddable":true,"href":"https:\/\/archiv.power-shift.de\/es\/wp-json\/wp\/v2\/product_tag?post=74875"}],"curies":[{"name":"wp","href":"https:\/\/api.w.org\/{rel}","templated":true}]}}