{"id":74040,"date":"2020-10-13T12:05:07","date_gmt":"2020-10-13T10:05:07","guid":{"rendered":"https:\/\/power-shift.de\/?post_type=product&#038;p=74040"},"modified":"2025-09-25T12:23:10","modified_gmt":"2025-09-25T10:23:10","slug":"berliner-strassen-fuer-alle-positionspapier","status":"publish","type":"product","link":"https:\/\/archiv.power-shift.de\/es\/producto\/berliner-strassen-fuer-alle-positionspapier\/","title":{"rendered":"Calles de Berl\u00edn para todos: documento de posici\u00f3n"},"content":{"rendered":"<p>Con nuestras siete demandas, el cambio de transporte en Berl\u00edn puede tener \u00e9xito. La atenci\u00f3n se centra en la visi\u00f3n de una ciudad amigable con el clima y habitable. No es el tr\u00e1fico de autom\u00f3viles, sino las necesidades de las personas lo que determina el uso del espacio p\u00fablico. Puede leer sobre c\u00f3mo esto puede convertirse en una realidad en nuestro documento de posici\u00f3n.<\/p>\n<p><a class=\"button\"\nhref=\"https:\/\/archiv.power-shift.de\/es\/campaign\/berliner-strassen-fuer-alle\/\">A la campa\u00f1a<\/a><\/p>","protected":false},"excerpt":{"rendered":"<p>Mit unseren sieben Forderungen kann die Verkehrswende in Berlin gelingen. Im Zentrum steht die Vision einer klimafreundlichen und lebenswerten Stadt. Nicht der Autoverkehr, sondern die Bed\u00fcrfnisse der Menschen sollen die [&hellip;]<\/p>","protected":false},"featured_media":26193,"template":"","meta":{"episode_type":"","audio_file":"","cover_image":"","cover_image_id":"","duration":"","filesize":"","date_recorded":"","explicit":"","block":"","itunes_episode_number":"","itunes_title":"","itunes_season_number":"","itunes_episode_type":"","filesize_raw":""},"product_brand":[],"product_cat":[377,322,38],"product_tag":[],"class_list":{"0":"post-74040","1":"product","2":"type-product","3":"status-publish","4":"has-post-thumbnail","6":"product_cat-produkt","7":"product_cat-klimapolitik","8":"product_cat-sonstiges","10":"first","11":"outofstock","12":"shipping-taxable","13":"purchasable","14":"product-type-simple"},"_links":{"self":[{"href":"https:\/\/archiv.power-shift.de\/es\/wp-json\/wp\/v2\/product\/74040","targetHints":{"allow":["GET"]}}],"collection":[{"href":"https:\/\/archiv.power-shift.de\/es\/wp-json\/wp\/v2\/product"}],"about":[{"href":"https:\/\/archiv.power-shift.de\/es\/wp-json\/wp\/v2\/types\/product"}],"wp:featuredmedia":[{"embeddable":true,"href":"https:\/\/archiv.power-shift.de\/es\/wp-json\/wp\/v2\/media\/26193"}],"wp:attachment":[{"href":"https:\/\/archiv.power-shift.de\/es\/wp-json\/wp\/v2\/media?parent=74040"}],"wp:term":[{"taxonomy":"product_brand","embeddable":true,"href":"https:\/\/archiv.power-shift.de\/es\/wp-json\/wp\/v2\/product_brand?post=74040"},{"taxonomy":"product_cat","embeddable":true,"href":"https:\/\/archiv.power-shift.de\/es\/wp-json\/wp\/v2\/product_cat?post=74040"},{"taxonomy":"product_tag","embeddable":true,"href":"https:\/\/archiv.power-shift.de\/es\/wp-json\/wp\/v2\/product_tag?post=74040"}],"curies":[{"name":"wp","href":"https:\/\/api.w.org\/{rel}","templated":true}]}}