{"id":84239,"date":"2023-04-19T09:50:52","date_gmt":"2023-04-19T07:50:52","guid":{"rendered":"https:\/\/power-shift.de\/?page_id=84239"},"modified":"2024-04-26T12:53:58","modified_gmt":"2024-04-26T10:53:58","slug":"ceta-ueberblick","status":"publish","type":"page","link":"https:\/\/archiv.power-shift.de\/es\/ceta-ueberblick\/","title":{"rendered":"Todo lo que necesitas saber sobre el CETA"},"content":{"rendered":"<div id=\"pl-84239\"  class=\"panel-layout\" ><div id=\"pg-84239-0\"  class=\"panel-grid panel-no-style\" ><div id=\"pgc-84239-0-0\"  class=\"panel-grid-cell\" ><div id=\"panel-84239-0-0-0\" class=\"so-panel widget widget_sow-editor panel-first-child\" data-index=\"0\" ><div\n\t\t\t\n\t\t\tclass=\"so-widget-sow-editor so-widget-sow-editor-base\"\n\t\t\t\n\t\t>\n<div class=\"siteorigin-widget-tinymce textwidget\">\n\t<p>En 2015\/16, cientos de miles de ciudadanos salieron a las calles para manifestarse contra los acuerdos comerciales neoliberales TTIP y CETA. En ese momento, al parecer, la pol\u00edtica hab\u00eda escuchado y prometido mejoras. Los gobiernos, sin embargo, revirtieron. El Acuerdo Comercial UE-Canad\u00e1 (AECG) se aplica en gran medida de forma provisional desde 2017. El <strong>Tribunales Contenciosos de Arbitraje<\/strong>, que conceden a las sociedades derechos especiales de recurso, <strong>son hasta ahora<\/strong> sin embargo <strong>No est\u00e1 en vigor. <\/strong>Sin embargo,<strong> Eso podr\u00eda cambiar pronto<\/strong>: El <strong>Gobierno federal<\/strong>\u00a0El AECG se ratificar\u00e1 plenamente, y <strong>Despejar el camino para quejas especiales<\/strong>. Por esta concesi\u00f3n a los intereses corporativos, las personas y el medio ambiente no reciben ning\u00fan valor a cambio. En tiempos de crisis y desastres sociales y ecol\u00f3gicos, este proyecto es irresponsable. El <strong>La ratificaci\u00f3n final del CETA reforzar\u00e1, entre otras cosas, la protecci\u00f3n de las inversiones en combustibles f\u00f3siles y pondr\u00e1 m\u00e1s obst\u00e1culos en el camino de la transici\u00f3n energ\u00e9tica.<\/strong>. Una \"declaraci\u00f3n de interpretaci\u00f3n\" no cambia esto, que debe agregarse al CETA de acuerdo con los planes del Gobierno Federal.<\/p>\n<\/div>\n<\/div><\/div><div id=\"panel-84239-0-0-1\" class=\"so-panel widget widget_lsow-portfolio\" data-index=\"1\" ><div\n\t\t\t\n\t\t\tclass=\"so-widget-lsow-portfolio so-widget-lsow-portfolio-default-1398c7c9e37b-84239\"\n\t\t\t\n\t\t><h3 class=\"widget-title\">Nuestras publicaciones del CETA<\/h3><div class=\"lsow-portfolio-wrap lsow-gapless-grid\"><div id=\"lsow-portfolio-69ffcca36d885\" class=\"lsow-portfolio js-isotope lsow-fitRows lsow-grid-container  lsow-grid-desktop-4 lsow-grid-tablet-2 lsow-grid-mobile-1\" data-isotope-options='{ \"itemSelector\": \".lsow-portfolio-item\", \"layoutMode\": \"fitRows\"}'><div data-id=\"id-88410\" class=\"lsow-grid-item lsow-portfolio-item  term-199\"><article id=\"post-88410\" class=\"post-88410 post type-post status-publish format-standard has-post-thumbnail hentry category-publication\"><div class=\"lsow-project-image\"><a href=\"https:\/\/archiv.power-shift.de\/es\/ceta-climate-impact\/\" target=\"_self\"><img fetchpriority=\"high\" decoding=\"async\" width=\"550\" height=\"400\" src=\"https:\/\/archiv.power-shift.de\/wp-content\/uploads\/2024\/03\/PowerShift_CETA_Oilsands_Kris-Krueg_CClicense-550x400.jpg\" class=\"lsow-image skip-lazy no-lazyload exclude-me a3-notlazy wp-post-image\" alt=\"Refiner\u00eda de petr\u00f3leo de arenas alquitranadas en el norte de Alberta, Canad\u00e1\" data-no-lazy=\"1\" loading=\"eager\" \/><\/a><div class=\"lsow-image-info\"><div class=\"lsow-entry-info\"><h3 class=\"lsow-post-title\"><a href=\"https:\/\/archiv.power-shift.de\/es\/ceta-climate-impact\/\" title=\"An\u00e1lisis del impacto clim\u00e1tico del AECG\" target=\"_self\" rel=\"bookmark\">An\u00e1lisis del impacto clim\u00e1tico del AECG<\/a><\/h3><\/div><\/div><!-- .lsow-image-info --><\/div><div class=\"lsow-entry-text-wrap\"><h3 class=\"entry-title\"><a href=\"https:\/\/archiv.power-shift.de\/es\/ceta-climate-impact\/\" title=\"An\u00e1lisis del impacto clim\u00e1tico del AECG\" target=\"_self\" rel=\"bookmark\">An\u00e1lisis del impacto clim\u00e1tico del AECG<\/a><\/h3><\/div><\/article><!-- .hentry --><\/div><div data-id=\"id-85919\" class=\"lsow-grid-item lsow-portfolio-item  term-84 term-87 term-379\"><article id=\"post-85919\" class=\"post-85919 post type-post status-publish format-standard has-post-thumbnail hentry category-alle category-handels-u-investitionspolitik category-publikation\"><div class=\"lsow-project-image\"><a href=\"https:\/\/archiv.power-shift.de\/es\/ceta-interpretationserklaerung\/\" target=\"_self\"><img decoding=\"async\" width=\"550\" height=\"400\" src=\"https:\/\/archiv.power-shift.de\/wp-content\/uploads\/2023\/09\/Kein-Titel-Praesentation-1-550x400.jpg\" class=\"lsow-image skip-lazy no-lazyload exclude-me a3-notlazy wp-post-image\" alt=\"\" data-no-lazy=\"1\" loading=\"eager\" \/><\/a><div class=\"lsow-image-info\"><div class=\"lsow-entry-info\"><h3 class=\"lsow-post-title\"><a href=\"https:\/\/archiv.power-shift.de\/es\/ceta-interpretationserklaerung\/\" title=\"CETA: Lavado verde a expensas de la democracia y el medio ambiente\" target=\"_self\" rel=\"bookmark\">CETA: Lavado verde a expensas de la democracia y el medio ambiente<\/a><\/h3><\/div><\/div><!-- .lsow-image-info --><\/div><div class=\"lsow-entry-text-wrap\"><h3 class=\"entry-title\"><a href=\"https:\/\/archiv.power-shift.de\/es\/ceta-interpretationserklaerung\/\" title=\"CETA: Lavado verde a expensas de la democracia y el medio ambiente\" target=\"_self\" rel=\"bookmark\">CETA: Lavado verde a expensas de la democracia y el medio ambiente<\/a><\/h3><\/div><\/article><!-- .hentry --><\/div><div data-id=\"id-81036\" class=\"lsow-grid-item lsow-portfolio-item  term-84 term-87 term-186 term-379\"><article id=\"post-81036\" class=\"post-81036 post type-post status-publish format-standard has-post-thumbnail hentry category-alle category-handels-u-investitionspolitik category-klimapolitik category-publikation\"><div class=\"lsow-project-image\"><a href=\"https:\/\/archiv.power-shift.de\/es\/ceta-gutachten-2022\/\" target=\"_self\"><img decoding=\"async\" width=\"550\" height=\"371\" src=\"https:\/\/archiv.power-shift.de\/wp-content\/uploads\/2022\/09\/06072022-ceta-ratifizierung-stoppen_52198108960_o-scaled.jpg\" class=\"lsow-image skip-lazy no-lazyload exclude-me a3-notlazy wp-post-image\" alt=\"Personas de diferentes ONG se paran frente al Bundestag con pancartas. En una pancarta dice: \u00a1Detengan la ratificaci\u00f3n del CETA! No hay justicia paralela para las corporaciones\" data-no-lazy=\"1\" loading=\"eager\" srcset=\"https:\/\/archiv.power-shift.de\/wp-content\/uploads\/2022\/09\/06072022-ceta-ratifizierung-stoppen_52198108960_o-scaled.jpg 2560w, https:\/\/archiv.power-shift.de\/wp-content\/uploads\/2022\/09\/06072022-ceta-ratifizierung-stoppen_52198108960_o-scaled-600x405.jpg 600w\" sizes=\"(max-width: 550px) 100vw, 550px\" \/><\/a><div class=\"lsow-image-info\"><div class=\"lsow-entry-info\"><h3 class=\"lsow-post-title\"><a href=\"https:\/\/archiv.power-shift.de\/es\/ceta-gutachten-2022\/\" title=\"Asesoramiento del CETA: Las demandas colectivas contra la transici\u00f3n energ\u00e9tica siguen siendo posibles\" target=\"_self\" rel=\"bookmark\">Asesoramiento del CETA: Las demandas colectivas contra la transici\u00f3n energ\u00e9tica siguen siendo posibles<\/a><\/h3><\/div><\/div><!-- .lsow-image-info --><\/div><div class=\"lsow-entry-text-wrap\"><h3 class=\"entry-title\"><a href=\"https:\/\/archiv.power-shift.de\/es\/ceta-gutachten-2022\/\" title=\"Asesoramiento del CETA: Las demandas colectivas contra la transici\u00f3n energ\u00e9tica siguen siendo posibles\" target=\"_self\" rel=\"bookmark\">Asesoramiento del CETA: Las demandas colectivas contra la transici\u00f3n energ\u00e9tica siguen siendo posibles<\/a><\/h3><\/div><\/article><!-- .hentry --><\/div><div data-id=\"id-80770\" class=\"lsow-grid-item lsow-portfolio-item  term-84 term-87 term-379\"><article id=\"post-80770\" class=\"post-80770 post type-post status-publish format-standard has-post-thumbnail hentry category-alle category-handels-u-investitionspolitik category-publikation\"><div class=\"lsow-project-image\"><a href=\"https:\/\/archiv.power-shift.de\/es\/10-dinge-die-du-ueber-ceta-wissen-solltest\/\" target=\"_self\"><img decoding=\"async\" width=\"550\" height=\"400\" src=\"https:\/\/archiv.power-shift.de\/wp-content\/uploads\/2022\/09\/Flyer-ohne-Logos-1-550x400.jpg\" class=\"lsow-image skip-lazy no-lazyload exclude-me a3-notlazy wp-post-image\" alt=\"Imagen de portada amarilla del folleto con la inscripci\u00f3n: 10 Dinfe que debes conocer sobre el CETA\" data-no-lazy=\"1\" loading=\"eager\" \/><\/a><div class=\"lsow-image-info\"><div class=\"lsow-entry-info\"><h3 class=\"lsow-post-title\"><a href=\"https:\/\/archiv.power-shift.de\/es\/10-dinge-die-du-ueber-ceta-wissen-solltest\/\" title=\"10 cosas que debes saber sobre el CETA\" target=\"_self\" rel=\"bookmark\">10 cosas que debes saber sobre el CETA<\/a><\/h3><\/div><\/div><!-- .lsow-image-info --><\/div><div class=\"lsow-entry-text-wrap\"><h3 class=\"entry-title\"><a href=\"https:\/\/archiv.power-shift.de\/es\/10-dinge-die-du-ueber-ceta-wissen-solltest\/\" title=\"10 cosas que debes saber sobre el CETA\" target=\"_self\" rel=\"bookmark\">10 cosas que debes saber sobre el CETA<\/a><\/h3><\/div><\/article><!-- .hentry --><\/div><div data-id=\"id-80484\" class=\"lsow-grid-item lsow-portfolio-item  term-87\"><article id=\"post-80484\" class=\"post-80484 post type-post status-publish format-standard has-post-thumbnail hentry category-handels-u-investitionspolitik tag-ceta\"><div class=\"lsow-project-image\"><a href=\"https:\/\/archiv.power-shift.de\/es\/gemeinsame-erklaerung-gegen-ceta\/\" target=\"_self\"><img decoding=\"async\" width=\"550\" height=\"400\" src=\"https:\/\/archiv.power-shift.de\/wp-content\/uploads\/2022\/08\/CETA-Foto2-e1695209486906-550x400.jpg\" class=\"lsow-image skip-lazy no-lazyload exclude-me a3-notlazy wp-post-image\" alt=\"Imagen de protesta del AECG\" data-no-lazy=\"1\" loading=\"eager\" \/><\/a><div class=\"lsow-image-info\"><div class=\"lsow-entry-info\"><h3 class=\"lsow-post-title\"><a href=\"https:\/\/archiv.power-shift.de\/es\/gemeinsame-erklaerung-gegen-ceta\/\" title=\"Declaraci\u00f3n conjunta contra el CETA\" target=\"_self\" rel=\"bookmark\">Declaraci\u00f3n conjunta contra el CETA<\/a><\/h3><\/div><\/div><!-- .lsow-image-info --><\/div><div class=\"lsow-entry-text-wrap\"><h3 class=\"entry-title\"><a href=\"https:\/\/archiv.power-shift.de\/es\/gemeinsame-erklaerung-gegen-ceta\/\" title=\"Declaraci\u00f3n conjunta contra el CETA\" target=\"_self\" rel=\"bookmark\">Declaraci\u00f3n conjunta contra el CETA<\/a><\/h3><\/div><\/article><!-- .hentry --><\/div><div data-id=\"id-80232\" class=\"lsow-grid-item lsow-portfolio-item  term-216 term-87\"><article id=\"post-80232\" class=\"post-80232 post type-post status-publish format-standard has-post-thumbnail hentry category-artikel-und-stellungnahmen category-handels-u-investitionspolitik tag-ceta tag-handelsabkommen tag-handelspolitik-de tag-konzernklagerechte\"><div class=\"lsow-project-image\"><a href=\"https:\/\/archiv.power-shift.de\/es\/stellungnahme-zum-entwurf-des-bundesministeriums-fuer-wirtschaft-und-klimaschutz-bmwk-fuer-ein-ceta-ratifizierungsgesetz\/\" target=\"_self\"><img decoding=\"async\" width=\"550\" height=\"367\" src=\"https:\/\/archiv.power-shift.de\/wp-content\/uploads\/2022\/06\/ian-taylor-jOqJbvo1P9g-unsplash-scaled.jpg\" class=\"lsow-image skip-lazy no-lazyload exclude-me a3-notlazy wp-post-image\" alt=\"Buque portacontenedores en mar abierto\" data-no-lazy=\"1\" loading=\"eager\" srcset=\"https:\/\/archiv.power-shift.de\/wp-content\/uploads\/2022\/06\/ian-taylor-jOqJbvo1P9g-unsplash-scaled.jpg 2560w, https:\/\/archiv.power-shift.de\/wp-content\/uploads\/2022\/06\/ian-taylor-jOqJbvo1P9g-unsplash-scaled-600x400.jpg 600w, https:\/\/archiv.power-shift.de\/wp-content\/uploads\/2022\/06\/ian-taylor-jOqJbvo1P9g-unsplash-550x367.jpg 550w, https:\/\/archiv.power-shift.de\/wp-content\/uploads\/2022\/06\/ian-taylor-jOqJbvo1P9g-unsplash-1024x683.jpg 1024w, https:\/\/archiv.power-shift.de\/wp-content\/uploads\/2022\/06\/ian-taylor-jOqJbvo1P9g-unsplash-768x512.jpg 768w\" sizes=\"(max-width: 550px) 100vw, 550px\" \/><\/a><div class=\"lsow-image-info\"><div class=\"lsow-entry-info\"><h3 class=\"lsow-post-title\"><a href=\"https:\/\/archiv.power-shift.de\/es\/stellungnahme-zum-entwurf-des-bundesministeriums-fuer-wirtschaft-und-klimaschutz-bmwk-fuer-ein-ceta-ratifizierungsgesetz\/\" title=\"Dictamen: Ley de Ratificaci\u00f3n del CETA\" target=\"_self\" rel=\"bookmark\">Dictamen: Ley de Ratificaci\u00f3n del CETA<\/a><\/h3><\/div><\/div><!-- .lsow-image-info --><\/div><div class=\"lsow-entry-text-wrap\"><h3 class=\"entry-title\"><a href=\"https:\/\/archiv.power-shift.de\/es\/stellungnahme-zum-entwurf-des-bundesministeriums-fuer-wirtschaft-und-klimaschutz-bmwk-fuer-ein-ceta-ratifizierungsgesetz\/\" title=\"Dictamen: Ley de Ratificaci\u00f3n del CETA\" target=\"_self\" rel=\"bookmark\">Dictamen: Ley de Ratificaci\u00f3n del CETA<\/a><\/h3><\/div><\/article><!-- .hentry --><\/div><div data-id=\"id-77161\" class=\"lsow-grid-item lsow-portfolio-item  term-84 term-87 term-186\"><article id=\"post-77161\" class=\"post-77161 post type-post status-publish format-standard has-post-thumbnail hentry category-alle category-handels-u-investitionspolitik category-klimapolitik\"><div class=\"lsow-project-image\"><a href=\"https:\/\/archiv.power-shift.de\/es\/investorenschutz-und-konzernklagerechte-trotz-klimakrise-ceta-ect-und-umwelt-sind-sich-nicht-gruen\/\" target=\"_self\"><img decoding=\"async\" width=\"550\" height=\"400\" src=\"https:\/\/archiv.power-shift.de\/wp-content\/uploads\/2021\/09\/28271987108_4651113f8a_c-550x400.jpg\" class=\"lsow-image skip-lazy no-lazyload exclude-me a3-notlazy wp-post-image\" alt=\"\" data-no-lazy=\"1\" loading=\"eager\" \/><\/a><div class=\"lsow-image-info\"><div class=\"lsow-entry-info\"><h3 class=\"lsow-post-title\"><a href=\"https:\/\/archiv.power-shift.de\/es\/investorenschutz-und-konzernklagerechte-trotz-klimakrise-ceta-ect-und-umwelt-sind-sich-nicht-gruen\/\" title=\"\u00bfProtecci\u00f3n de los inversores y quejas corporativas a pesar de la crisis clim\u00e1tica?\" target=\"_self\" rel=\"bookmark\">\u00bfProtecci\u00f3n de los inversores y quejas corporativas a pesar de la crisis clim\u00e1tica?<\/a><\/h3><\/div><\/div><!-- .lsow-image-info --><\/div><div class=\"lsow-entry-text-wrap\"><h3 class=\"entry-title\"><a href=\"https:\/\/archiv.power-shift.de\/es\/investorenschutz-und-konzernklagerechte-trotz-klimakrise-ceta-ect-und-umwelt-sind-sich-nicht-gruen\/\" title=\"\u00bfProtecci\u00f3n de los inversores y quejas corporativas a pesar de la crisis clim\u00e1tica?\" target=\"_self\" rel=\"bookmark\">\u00bfProtecci\u00f3n de los inversores y quejas corporativas a pesar de la crisis clim\u00e1tica?<\/a><\/h3><\/div><\/article><!-- .hentry --><\/div><div data-id=\"id-20223\" class=\"lsow-grid-item lsow-portfolio-item  term-84 term-87 term-186 term-379\"><article id=\"post-20223\" class=\"post-20223 post type-post status-publish format-standard has-post-thumbnail hentry category-alle category-handels-u-investitionspolitik category-klimapolitik category-publikation tag-ceta tag-regulatorische-kooperation tag-umwelt tag-verbraucherinnen\"><div class=\"lsow-project-image\"><a href=\"https:\/\/archiv.power-shift.de\/es\/regulatorische-kooperation-in-ceta\/\" target=\"_self\"><img decoding=\"async\" width=\"550\" height=\"400\" src=\"https:\/\/archiv.power-shift.de\/wp-content\/uploads\/2020\/02\/banter-snaps-dBnHBccZikY-unsplash-1920x2880-Kopie2-550x400.jpg\" class=\"lsow-image skip-lazy no-lazyload exclude-me a3-notlazy wp-post-image\" alt=\"\" data-no-lazy=\"1\" loading=\"eager\" \/><\/a><div class=\"lsow-image-info\"><div class=\"lsow-entry-info\"><h3 class=\"lsow-post-title\"><a href=\"https:\/\/archiv.power-shift.de\/es\/regulatorische-kooperation-in-ceta\/\" title=\"Cooperaci\u00f3n reglamentaria en el AECG\" target=\"_self\" rel=\"bookmark\">Cooperaci\u00f3n reglamentaria en el AECG<\/a><\/h3><\/div><\/div><!-- .lsow-image-info --><\/div><div class=\"lsow-entry-text-wrap\"><h3 class=\"entry-title\"><a href=\"https:\/\/archiv.power-shift.de\/es\/regulatorische-kooperation-in-ceta\/\" title=\"Cooperaci\u00f3n reglamentaria en el AECG\" target=\"_self\" rel=\"bookmark\">Cooperaci\u00f3n reglamentaria en el AECG<\/a><\/h3><\/div><\/article><!-- .hentry --><\/div><div data-id=\"id-19082\" class=\"lsow-grid-item lsow-portfolio-item  term-84 term-87 term-379\"><article id=\"post-19082\" class=\"post-19082 post type-post status-publish format-standard has-post-thumbnail hentry category-alle category-handels-u-investitionspolitik category-publikation\"><div class=\"lsow-project-image\"><a href=\"https:\/\/archiv.power-shift.de\/es\/wie-regulatorische-kooperation-den-verbraucher-und-umweltschutz-gefaehrdet\/\" target=\"_self\"><img decoding=\"async\" width=\"550\" height=\"400\" src=\"https:\/\/archiv.power-shift.de\/wp-content\/uploads\/2019\/05\/international-regulatory-cooperation-550x400.jpg\" class=\"lsow-image skip-lazy no-lazyload exclude-me a3-notlazy wp-post-image\" alt=\"\" data-no-lazy=\"1\" loading=\"eager\" \/><\/a><div class=\"lsow-image-info\"><div class=\"lsow-entry-info\"><h3 class=\"lsow-post-title\"><a href=\"https:\/\/archiv.power-shift.de\/es\/wie-regulatorische-kooperation-den-verbraucher-und-umweltschutz-gefaehrdet\/\" title=\"La cooperaci\u00f3n internacional en materia de reglamentaci\u00f3n y el bien com\u00fan\" target=\"_self\" rel=\"bookmark\">La cooperaci\u00f3n internacional en materia de reglamentaci\u00f3n y el bien com\u00fan<\/a><\/h3><\/div><\/div><!-- .lsow-image-info --><\/div><div class=\"lsow-entry-text-wrap\"><h3 class=\"entry-title\"><a href=\"https:\/\/archiv.power-shift.de\/es\/wie-regulatorische-kooperation-den-verbraucher-und-umweltschutz-gefaehrdet\/\" title=\"La cooperaci\u00f3n internacional en materia de reglamentaci\u00f3n y el bien com\u00fan\" target=\"_self\" rel=\"bookmark\">La cooperaci\u00f3n internacional en materia de reglamentaci\u00f3n y el bien com\u00fan<\/a><\/h3><\/div><\/article><!-- .hentry --><\/div><div data-id=\"id-8251\" class=\"lsow-grid-item lsow-portfolio-item  term-84 term-87\"><article id=\"post-8251\" class=\"post-8251 post type-post status-publish format-standard hentry category-alle category-handels-u-investitionspolitik\"><div class=\"lsow-entry-text-wrap  nothumbnail\"><h3 class=\"entry-title\"><a href=\"https:\/\/archiv.power-shift.de\/es\/ceta-und-die-oeffentliche-gesundheit-ceta-risiken-und-nebenwirkungen\/\" title=\"CETA: Riesgos y efectos secundarios\" target=\"_self\" rel=\"bookmark\">CETA: Riesgos y efectos secundarios<\/a><\/h3><\/div><\/article><!-- .hentry --><\/div><\/div><!-- .lsow-portfolio --><\/div><!-- .lsow-portfolio-wrap --><\/div><\/div><div id=\"panel-84239-0-0-2\" class=\"so-panel widget widget_lsow-portfolio panel-last-child\" data-index=\"2\" ><div\n\t\t\t\n\t\t\tclass=\"so-widget-lsow-portfolio so-widget-lsow-portfolio-default-1398c7c9e37b-8251\"\n\t\t\t\n\t\t><h3 class=\"widget-title\">Nuestros podcasts<\/h3><div class=\"lsow-portfolio-wrap lsow-gapless-grid\"><div id=\"lsow-portfolio-69ffcca37c9dc\" class=\"lsow-portfolio js-isotope lsow-fitRows lsow-grid-container  lsow-grid-desktop-3 lsow-grid-tablet-2 lsow-grid-mobile-1\" data-isotope-options='{ \"itemSelector\": \".lsow-portfolio-item\", \"layoutMode\": \"fitRows\"}'><div data-id=\"id-88337\" class=\"lsow-grid-item lsow-portfolio-item\"><article id=\"post-88337\" class=\"post-88337 beitrag_medien type-beitrag_medien status-publish has-post-thumbnail hentry media_kategorie-handels-und-investitionspolitik media_kategorie-podcasts\"><div class=\"lsow-project-image\"><a href=\"https:\/\/archiv.power-shift.de\/es\/media\/ceta-bilanz\/\" target=\"_self\"><img decoding=\"async\" width=\"550\" height=\"400\" src=\"https:\/\/archiv.power-shift.de\/wp-content\/uploads\/2024\/04\/PowerShift-Podcast-Handelspolitik-CETA-550x400.png\" class=\"lsow-image skip-lazy no-lazyload exclude-me a3-notlazy wp-post-image\" alt=\"PowerShift Podcast Pol\u00edtica comercial\" data-no-lazy=\"1\" loading=\"eager\" \/><\/a><div class=\"lsow-image-info\"><div class=\"lsow-entry-info\"><h3 class=\"lsow-post-title\"><a href=\"https:\/\/archiv.power-shift.de\/es\/media\/ceta-bilanz\/\" title=\"Balance del CETA: C\u00f3mo impulsa el acuerdo el comercio perjudicial para el clima\" target=\"_self\" rel=\"bookmark\">Balance del CETA: C\u00f3mo impulsa el acuerdo el comercio perjudicial para el clima<\/a><\/h3><\/div><\/div><!-- .lsow-image-info --><\/div><div class=\"lsow-entry-text-wrap\"><h3 class=\"entry-title\"><a href=\"https:\/\/archiv.power-shift.de\/es\/media\/ceta-bilanz\/\" title=\"Balance del CETA: C\u00f3mo impulsa el acuerdo el comercio perjudicial para el clima\" target=\"_self\" rel=\"bookmark\">Balance del CETA: C\u00f3mo impulsa el acuerdo el comercio perjudicial para el clima<\/a><\/h3><\/div><\/article><!-- .hentry --><\/div><div data-id=\"id-21399\" class=\"lsow-grid-item lsow-portfolio-item  term-84 term-87\"><article id=\"post-21399\" class=\"post-21399 beitrag_medien type-beitrag_medien status-publish has-post-thumbnail hentry media_kategorie-handels-und-investitionspolitik media_kategorie-podcasts\"><div class=\"lsow-project-image\"><a href=\"https:\/\/archiv.power-shift.de\/es\/media\/podcast-folge-2-klimakrise-konzernklagen-ausbeutung-die-negativen-folgen-der-eu-handelspolitik\/\" target=\"_self\"><img decoding=\"async\" width=\"550\" height=\"400\" src=\"https:\/\/archiv.power-shift.de\/wp-content\/uploads\/2020\/01\/Design-ohne-Titel1-550x400.png\" class=\"lsow-image skip-lazy no-lazyload exclude-me a3-notlazy wp-post-image\" alt=\"\" data-no-lazy=\"1\" loading=\"eager\" \/><\/a><div class=\"lsow-image-info\"><div class=\"lsow-entry-info\"><h3 class=\"lsow-post-title\"><a href=\"https:\/\/archiv.power-shift.de\/es\/media\/podcast-folge-2-klimakrise-konzernklagen-ausbeutung-die-negativen-folgen-der-eu-handelspolitik\/\" title=\"Podcast \u2013 episodio 2: Crisis clim\u00e1tica, demandas empresariales, explotaci\u00f3n: consecuencias negativas de la pol\u00edtica comercial de la UE\" target=\"_self\" rel=\"bookmark\">Podcast \u2013 episodio 2: Crisis clim\u00e1tica, demandas empresariales, explotaci\u00f3n: consecuencias negativas de la pol\u00edtica comercial de la UE<\/a><\/h3><\/div><\/div><!-- .lsow-image-info --><\/div><div class=\"lsow-entry-text-wrap\"><h3 class=\"entry-title\"><a href=\"https:\/\/archiv.power-shift.de\/es\/media\/podcast-folge-2-klimakrise-konzernklagen-ausbeutung-die-negativen-folgen-der-eu-handelspolitik\/\" title=\"Podcast \u2013 episodio 2: Crisis clim\u00e1tica, demandas empresariales, explotaci\u00f3n: consecuencias negativas de la pol\u00edtica comercial de la UE\" target=\"_self\" rel=\"bookmark\">Podcast \u2013 episodio 2: Crisis clim\u00e1tica, demandas empresariales, explotaci\u00f3n: consecuencias negativas de la pol\u00edtica comercial de la UE<\/a><\/h3><\/div><\/article><!-- .hentry --><\/div><\/div><!-- .lsow-portfolio --><\/div><!-- .lsow-portfolio-wrap --><\/div><\/div><\/div><\/div><\/div>","protected":false},"excerpt":{"rendered":"<p>En 2015\/16, cientos de miles de ciudadanos salieron a las calles para manifestarse contra los acuerdos comerciales neoliberales TTIP y CETA. En ese momento, al parecer, la pol\u00edtica hab\u00eda escuchado y prometido mejoras. Sin embargo, [...]<\/p>","protected":false},"author":11,"featured_media":80492,"parent":0,"menu_order":0,"comment_status":"closed","ping_status":"closed","template":"","meta":{"episode_type":"","audio_file":"","cover_image":"","cover_image_id":"","duration":"","filesize":"","date_recorded":"","explicit":"","block":"","itunes_episode_number":"","itunes_title":"","itunes_season_number":"","itunes_episode_type":"","filesize_raw":"","footnotes":""},"ppma_author":[235],"class_list":["post-84239","page","type-page","status-publish","has-post-thumbnail","hentry"],"_links":{"self":[{"href":"https:\/\/archiv.power-shift.de\/es\/wp-json\/wp\/v2\/pages\/84239","targetHints":{"allow":["GET"]}}],"collection":[{"href":"https:\/\/archiv.power-shift.de\/es\/wp-json\/wp\/v2\/pages"}],"about":[{"href":"https:\/\/archiv.power-shift.de\/es\/wp-json\/wp\/v2\/types\/page"}],"author":[{"embeddable":true,"href":"https:\/\/archiv.power-shift.de\/es\/wp-json\/wp\/v2\/users\/11"}],"replies":[{"embeddable":true,"href":"https:\/\/archiv.power-shift.de\/es\/wp-json\/wp\/v2\/comments?post=84239"}],"version-history":[{"count":0,"href":"https:\/\/archiv.power-shift.de\/es\/wp-json\/wp\/v2\/pages\/84239\/revisions"}],"wp:featuredmedia":[{"embeddable":true,"href":"https:\/\/archiv.power-shift.de\/es\/wp-json\/wp\/v2\/media\/80492"}],"wp:attachment":[{"href":"https:\/\/archiv.power-shift.de\/es\/wp-json\/wp\/v2\/media?parent=84239"}],"wp:term":[{"taxonomy":"author","embeddable":true,"href":"https:\/\/archiv.power-shift.de\/es\/wp-json\/wp\/v2\/ppma_author?post=84239"}],"curies":[{"name":"wp","href":"https:\/\/api.w.org\/{rel}","templated":true}]}}