{"id":76492,"date":"2021-06-03T15:49:06","date_gmt":"2021-06-03T13:49:06","guid":{"rendered":"https:\/\/power-shift.de\/?page_id=76492"},"modified":"2021-06-14T17:23:13","modified_gmt":"2021-06-14T15:23:13","slug":"eu-mercosur-abkommen-der-weg-in-die-umweltkatastrophe","status":"publish","type":"page","link":"https:\/\/archiv.power-shift.de\/es\/eu-mercosur-abkommen-der-weg-in-die-umweltkatastrophe\/","title":{"rendered":"Acuerdo UE-Mercosur - El camino hacia la cat\u00e1strofe medioambiental"},"content":{"rendered":"<div id=\"pl-76492\"  class=\"panel-layout\" ><div id=\"pg-76492-0\"  class=\"panel-grid panel-no-style\" ><div id=\"pgc-76492-0-0\"  class=\"panel-grid-cell\" ><div id=\"panel-76492-0-0-0\" class=\"so-panel widget widget_sow-editor panel-first-child\" data-index=\"0\" ><div\n\t\t\t\n\t\t\tclass=\"so-widget-sow-editor so-widget-sow-editor-base\"\n\t\t\t\n\t\t>\n<div class=\"siteorigin-widget-tinymce textwidget\">\n\t<p>\tEl acuerdo comercial UE-Mercosur con Argentina, Brasil, Paraguay y Uruguay representa una pol\u00edtica comercial del siglo pasado que nos ha llevado al borde de la crisis clim\u00e1tica. <strong>El a\u00f1o pasado, gracias a las amplias y abrumadoras cr\u00edticas de la sociedad civil, pudimos impedir la firma del acuerdo en el Consejo de la UE.<\/strong> Pero la Comisi\u00f3n de la UE, y tambi\u00e9n el Gobierno Federal alem\u00e1n, se adhieren al acuerdo a pesar de todas las cr\u00edticas. Actualmente se est\u00e1 trabajando en un documento adicional destinado a lograr la unidad entre los Estados miembros. Pero un mal negocio no se convierte repentinamente en uno bueno solo porque algunos tornillos est\u00e1n apretados. Sigue siendo un mal acuerdo que debemos evitar. <strong>Forme parte de un amplio movimiento internacional y \u00fanase a nosotros para detener el acuerdo comercial entre la UE y Mercosur.<\/strong> \u00a1Apoya nuestro trabajo hoy!<\/p>\n<\/div>\n<\/div><\/div><div id=\"panel-76492-0-0-1\" class=\"so-panel widget widget_mo-button\" data-index=\"1\" ><div\n\t\t\t\n\t\t\tclass=\"so-widget-mo-button so-widget-mo-button-default-d75171398898-76492\"\n\t\t\t\n\t\t><div class=\"button-wrap\" style=\"text-align:center;float:center;\"><a class= \"button  default large\" href=\"https:\/\/archiv.power-shift.de\/es\/spende\/\" target=\"_blank\">\u00a1Dona ahora!<\/a><\/div><\/div><\/div><div id=\"panel-76492-0-0-2\" class=\"so-panel widget widget_sow-editor\" data-index=\"2\" ><div\n\t\t\t\n\t\t\tclass=\"so-widget-sow-editor so-widget-sow-editor-base\"\n\t\t\t\n\t\t>\n<div class=\"siteorigin-widget-tinymce textwidget\">\n\t<p><strong>Nuestro trabajo funciona<\/strong><\/p>\n<p>La protecci\u00f3n del medio ambiente y del clima y su importancia para una coexistencia sana han vuelto a quedar claras como consecuencia de la pandemia de coronavirus. Sin embargo, y a pesar de las promesas plenas, los pa\u00edses de la UE siguen celebrando acuerdos comerciales que da\u00f1an el medio ambiente y el clima. PowerShift, junto con otras 450 organizaciones de la sociedad civil de la UE y Am\u00e9rica del Sur, puso en marcha una alianza transatl\u00e1ntica contra el Acuerdo UE-Mercosur en marzo de 2021. Total <strong>M\u00e1s de dos millones de personas ya lo han hecho <a href=\"https:\/\/stopeumercosur.org\/\">peticiones<\/a> Firm\u00f3 la alianza.<\/strong> La presi\u00f3n sobre los responsables est\u00e1 creciendo. Juntos tenemos la oportunidad de <strong>el Acuerdo<\/strong> <strong>Det\u00e9ngase por completo este a\u00f1o. Para hacer esto, \u00a1necesitamos expandir nuestro trabajo de alianza y generar a\u00fan m\u00e1s publicidad!<\/strong> \u00a1Para ello dependemos de tu ayuda!<\/p>\n<\/div>\n<\/div><\/div><div id=\"panel-76492-0-0-3\" class=\"so-panel widget widget_mo-button\" data-index=\"3\" ><div\n\t\t\t\n\t\t\tclass=\"so-widget-mo-button so-widget-mo-button-default-d75171398898-76492\"\n\t\t\t\n\t\t><div class=\"button-wrap\" style=\"text-align:center;float:center;\"><a class= \"button  default large\" href=\"https:\/\/archiv.power-shift.de\/es\/spende\/\" target=\"_blank\">\u00a1Dona ahora!<\/a><\/div><\/div><\/div><div id=\"panel-76492-0-0-4\" class=\"so-panel widget widget_sow-editor\" data-index=\"4\" ><div\n\t\t\t\n\t\t\tclass=\"so-widget-sow-editor so-widget-sow-editor-base\"\n\t\t\t\n\t\t>\n<div class=\"siteorigin-widget-tinymce textwidget\">\n\t<p><strong>Servicio de labios puros<\/strong><\/p>\n<p>Si bien la Comisi\u00f3n Europea hace promesas de gran alcance para un futuro clim\u00e1ticamente neutro y la reducci\u00f3n del uso de pesticidas en la agricultura con su Pacto Verde, tambi\u00e9n est\u00e1 impulsando un acuerdo comercial que contrarresta estos planes. Este acuerdo es un mal negocio para los agricultores y el clima global. Los agricultores europeos se enfrentan a una mayor presi\u00f3n sobre los precios. No puede mantenerse al d\u00eda con el precio de los productos agr\u00edcolas del Mercosur producidos en grandes \u00e1reas y bajo bajos requisitos ambientales. Los problemas ambientales est\u00e1n aumentando y no disminuyendo y se est\u00e1n trasladando a otros pa\u00edses. <strong>En lugar de m\u00e1s granjas que producen bajo est\u00e1ndares ecol\u00f3gicos y en inter\u00e9s del bienestar animal, tendr\u00edamos a\u00fan menos. <\/strong>Ay\u00fadanos a detener el trato.<strong><br \/>\n<\/strong><\/p>\n<\/div>\n<\/div><\/div><div id=\"panel-76492-0-0-5\" class=\"so-panel widget widget_mo-button\" data-index=\"5\" ><div\n\t\t\t\n\t\t\tclass=\"so-widget-mo-button so-widget-mo-button-default-d75171398898-76492\"\n\t\t\t\n\t\t><div class=\"button-wrap\" style=\"text-align:center;float:center;\"><a class= \"button  default large\" href=\"https:\/\/archiv.power-shift.de\/es\/spende\/\" target=\"_blank\">\u00a1Dona ahora!<\/a><\/div><\/div><\/div><div id=\"panel-76492-0-0-6\" class=\"so-panel widget widget_sow-editor\" data-index=\"6\" ><div\n\t\t\t\n\t\t\tclass=\"so-widget-sow-editor so-widget-sow-editor-base\"\n\t\t\t\n\t\t>\n<div class=\"siteorigin-widget-tinymce textwidget\">\n\t<p><strong>UE-Mercosur - A toda velocidad ante la cat\u00e1strofe medioambiental<\/strong><\/p>\n<p>El acuerdo comercial con Mercosur <strong>Violaciones de los derechos humanos, la destrucci\u00f3n de la selva amaz\u00f3nica, la expansi\u00f3n de los monocultivos contaminados con pesticidas y el incumplimiento de los objetivos clim\u00e1ticos<\/strong> plomo.<\/p>\n<p>La expulsi\u00f3n de los pueblos ind\u00edgenas y los peque\u00f1os agricultores est\u00e1 en la agenda en Brasil. Los activistas ambientales y los defensores de la tierra est\u00e1n siendo asesinados. La demanda de m\u00e1s y m\u00e1s tierra para la agricultura conducir\u00e1 a una violencia a\u00fan mayor. Las \u00e1reas de cultivo de monocultivos, como la soja y la ca\u00f1a de az\u00facar, as\u00ed como las \u00e1reas de pastoreo para el ganado en el Mercosur ya son inmensas. El acuerdo comercial UE-Mercosur acelerar\u00eda a\u00fan m\u00e1s la expansi\u00f3n de las tierras agr\u00edcolas y, a menudo, la deforestaci\u00f3n ilegal.<\/p>\n<p>Con el Acuerdo UE-Mercosur, la UE se\u00f1ala que: \u00abWeiter-So\u00bb no era un problema. <strong>\u00a1Creemos que no se debe firmar un acuerdo comercial que ponga en peligro a las personas y ponga en riesgo nuestro medio ambiente y clima!<\/strong><\/p>\n<p>Por eso debemos <strong>intensificar nuestras actividades de campa\u00f1a y cabildeo, y <a href=\"https:\/\/archiv.power-shift.de\/es\/campaign\/stopp-eu-mercosur\/\">t\u00edtulos de cr\u00e9dito<\/a> Haz que tu voz sea escuchada<\/strong>. No es demasiado tarde para detener el acuerdo UE-Mercosur. Pero para eso necesitamos tu ayuda.<\/p>\n<\/div>\n<\/div><\/div><div id=\"panel-76492-0-0-7\" class=\"so-panel widget widget_mo-button\" data-index=\"7\" ><div\n\t\t\t\n\t\t\tclass=\"so-widget-mo-button so-widget-mo-button-default-d75171398898-76492\"\n\t\t\t\n\t\t><div class=\"button-wrap\" style=\"text-align:center;float:center;\"><a class= \"button  default large\" href=\"https:\/\/archiv.power-shift.de\/es\/spende\/\" target=\"_blank\">\u00a1Dona ahora!<\/a><\/div><\/div><\/div><div id=\"panel-76492-0-0-8\" class=\"so-panel widget widget_mo-button panel-last-child\" data-index=\"8\" ><div\n\t\t\t\n\t\t\tclass=\"so-widget-mo-button so-widget-mo-button-default-d75171398898-76492\"\n\t\t\t\n\t\t><div class=\"button-wrap\" style=\"text-align:center;float:center;\"><a class= \"button  default large\" href=\"https:\/\/archiv.power-shift.de\/es\/campaign\/stopp-eu-mercosur\/\" target=\"_blank\">trasfondo<\/a><\/div><\/div><\/div><\/div><\/div><\/div>","protected":false},"excerpt":{"rendered":"<p>Das EU-Mercosur Handelsabkommen mit Argentinien, Brasilien, Paraguay und Uruguay steht f\u00fcr eine Handelspolitik aus dem letzten Jahrhundert, die uns an den Rand der Klimakrise getrieben hat. Im letzten Jahr konnten [&hellip;]<\/p>","protected":false},"author":11,"featured_media":76497,"parent":0,"menu_order":26,"comment_status":"closed","ping_status":"closed","template":"","meta":{"episode_type":"","audio_file":"","cover_image":"","cover_image_id":"","duration":"","filesize":"","date_recorded":"","explicit":"","block":"","itunes_episode_number":"","itunes_title":"","itunes_season_number":"","itunes_episode_type":"","filesize_raw":"","footnotes":""},"ppma_author":[235],"class_list":["post-76492","page","type-page","status-publish","has-post-thumbnail","hentry"],"_links":{"self":[{"href":"https:\/\/archiv.power-shift.de\/es\/wp-json\/wp\/v2\/pages\/76492","targetHints":{"allow":["GET"]}}],"collection":[{"href":"https:\/\/archiv.power-shift.de\/es\/wp-json\/wp\/v2\/pages"}],"about":[{"href":"https:\/\/archiv.power-shift.de\/es\/wp-json\/wp\/v2\/types\/page"}],"author":[{"embeddable":true,"href":"https:\/\/archiv.power-shift.de\/es\/wp-json\/wp\/v2\/users\/11"}],"replies":[{"embeddable":true,"href":"https:\/\/archiv.power-shift.de\/es\/wp-json\/wp\/v2\/comments?post=76492"}],"version-history":[{"count":0,"href":"https:\/\/archiv.power-shift.de\/es\/wp-json\/wp\/v2\/pages\/76492\/revisions"}],"wp:featuredmedia":[{"embeddable":true,"href":"https:\/\/archiv.power-shift.de\/es\/wp-json\/wp\/v2\/media\/76497"}],"wp:attachment":[{"href":"https:\/\/archiv.power-shift.de\/es\/wp-json\/wp\/v2\/media?parent=76492"}],"wp:term":[{"taxonomy":"author","embeddable":true,"href":"https:\/\/archiv.power-shift.de\/es\/wp-json\/wp\/v2\/ppma_author?post=76492"}],"curies":[{"name":"wp","href":"https:\/\/api.w.org\/{rel}","templated":true}]}}