{"id":19366,"date":"2019-05-29T16:00:49","date_gmt":"2019-05-29T14:00:49","guid":{"rendered":"https:\/\/neu.power-shift.de\/?page_id=19366"},"modified":"2021-05-10T15:35:25","modified_gmt":"2021-05-10T13:35:25","slug":"press-releases","status":"publish","type":"page","link":"https:\/\/archiv.power-shift.de\/es\/press-releases\/","title":{"rendered":"Comunicados de prensa"},"content":{"rendered":"<div id=\"pl-19366\"  class=\"panel-layout\" ><div id=\"pg-19366-0\"  class=\"panel-grid panel-no-style\" ><div id=\"pgc-19366-0-0\"  class=\"panel-grid-cell\" ><div id=\"panel-19366-0-0-0\" class=\"so-panel widget widget_lsow-portfolio panel-first-child panel-last-child\" data-index=\"0\" ><div\n\t\t\t\n\t\t\tclass=\"so-widget-lsow-portfolio so-widget-lsow-portfolio-default-1398c7c9e37b-19366\"\n\t\t\t\n\t\t><div class=\"lsow-portfolio-wrap lsow-gapless-grid\"><div id=\"lsow-portfolio-6a071a39cacc1\" class=\"lsow-portfolio js-isotope lsow-fitRows lsow-grid-container  lsow-grid-desktop-3 lsow-grid-tablet-2 lsow-grid-mobile-1\" data-isotope-options='{ \"itemSelector\": \".lsow-portfolio-item\", \"layoutMode\": \"fitRows\"}'><div data-id=\"id-83537\" class=\"lsow-grid-item lsow-portfolio-item  term-216 term-209 term-196\"><article id=\"post-83537\" class=\"post-83537 post type-post status-publish format-standard has-post-thumbnail hentry category-artikel-und-stellungnahmen category-press-release category-pressemitteilung\"><div class=\"lsow-project-image\"><a href=\"https:\/\/archiv.power-shift.de\/es\/pm-inflation-reduction-act\/\" target=\"_self\"><img fetchpriority=\"high\" decoding=\"async\" width=\"522\" height=\"400\" src=\"https:\/\/archiv.power-shift.de\/wp-content\/uploads\/2022\/11\/guillaume-perigois-HL4LEIyGEYU-unsplash-scaled.jpg\" class=\"lsow-image skip-lazy no-lazyload exclude-me a3-notlazy wp-post-image\" alt=\"Banderas de la UE\" data-no-lazy=\"1\" loading=\"eager\" srcset=\"https:\/\/archiv.power-shift.de\/wp-content\/uploads\/2022\/11\/guillaume-perigois-HL4LEIyGEYU-unsplash-scaled.jpg 2560w, https:\/\/archiv.power-shift.de\/wp-content\/uploads\/2022\/11\/guillaume-perigois-HL4LEIyGEYU-unsplash-scaled-600x460.jpg 600w\" sizes=\"(max-width: 522px) 100vw, 522px\" \/><\/a><div class=\"lsow-image-info\"><div class=\"lsow-entry-info\"><h3 class=\"lsow-post-title\"><a href=\"https:\/\/archiv.power-shift.de\/es\/pm-inflation-reduction-act\/\" title=\"PM: Defensores de la UE y Estados Unidos piden a la UE que renuncie a las amenazas a la Ley de Reducci\u00f3n de la Inflaci\u00f3n\" target=\"_self\" rel=\"bookmark\">PM: Defensores de la UE y Estados Unidos piden a la UE que renuncie a las amenazas a la Ley de Reducci\u00f3n de la Inflaci\u00f3n<\/a><\/h3><\/div><\/div><!-- .lsow-image-info --><\/div><div class=\"lsow-entry-text-wrap\"><h3 class=\"entry-title\"><a href=\"https:\/\/archiv.power-shift.de\/es\/pm-inflation-reduction-act\/\" title=\"PM: Defensores de la UE y Estados Unidos piden a la UE que renuncie a las amenazas a la Ley de Reducci\u00f3n de la Inflaci\u00f3n\" target=\"_self\" rel=\"bookmark\">PM: Defensores de la UE y Estados Unidos piden a la UE que renuncie a las amenazas a la Ley de Reducci\u00f3n de la Inflaci\u00f3n<\/a><\/h3><div class=\"lsow-entry-meta\"><span class=\"author vcard\">By <a class=\"url fn n\" href=\"https:\/\/archiv.power-shift.de\/es\/author\/fabian-flues\/\" title=\"Grifos fabianos\">Grifos fabianos<\/a><\/span><\/div><div class=\"entry-summary\">WASHINGTON \u2013 Antes de las reuniones de alto nivel de los Estados Unidos y la UE para debatir el desacuerdo en curso sobre los cr\u00e9ditos fiscales para veh\u00edculos limpios en la Ley de Reducci\u00f3n de la Inflaci\u00f3n (IRA), destacados [...]<\/div><\/div><\/article><!-- .hentry --><\/div><div data-id=\"id-79520\" class=\"lsow-grid-item lsow-portfolio-item  term-209\"><article id=\"post-79520\" class=\"post-79520 post type-post status-publish format-standard has-post-thumbnail hentry category-press-release\"><div class=\"lsow-project-image\"><a href=\"https:\/\/archiv.power-shift.de\/es\/press-release-european-union-rules-for-batteries-should-cover-bauxite-copper-iron\/\" target=\"_self\"><img decoding=\"async\" width=\"550\" height=\"400\" src=\"https:\/\/archiv.power-shift.de\/wp-content\/uploads\/2022\/04\/roberto-sorin-ZZ3qxWFZNRg-unsplash-550x400.jpg\" class=\"lsow-image skip-lazy no-lazyload exclude-me a3-notlazy wp-post-image\" alt=\"bater\u00edas\" data-no-lazy=\"1\" loading=\"eager\" \/><\/a><div class=\"lsow-image-info\"><div class=\"lsow-entry-info\"><h3 class=\"lsow-post-title\"><a href=\"https:\/\/archiv.power-shift.de\/es\/press-release-european-union-rules-for-batteries-should-cover-bauxite-copper-iron\/\" title=\"Comunicado de prensa: Uni\u00f3n Europea: Las reglas para las bater\u00edas deben cubrir la bauxita, el cobre y el hierro\" target=\"_self\" rel=\"bookmark\">Comunicado de prensa: Uni\u00f3n Europea: Las reglas para las bater\u00edas deben cubrir la bauxita, el cobre y el hierro<\/a><\/h3><\/div><\/div><!-- .lsow-image-info --><\/div><div class=\"lsow-entry-text-wrap\"><h3 class=\"entry-title\"><a href=\"https:\/\/archiv.power-shift.de\/es\/press-release-european-union-rules-for-batteries-should-cover-bauxite-copper-iron\/\" title=\"Comunicado de prensa: Uni\u00f3n Europea: Las reglas para las bater\u00edas deben cubrir la bauxita, el cobre y el hierro\" target=\"_self\" rel=\"bookmark\">Comunicado de prensa: Uni\u00f3n Europea: Las reglas para las bater\u00edas deben cubrir la bauxita, el cobre y el hierro<\/a><\/h3><div class=\"lsow-entry-meta\"><span class=\"author vcard\">By <a class=\"url fn n\" href=\"https:\/\/archiv.power-shift.de\/es\/author\/vanessa-fischer\/\" title=\"Vanessa Fischer\">Vanessa Fischer<\/a><\/span><\/div><div class=\"entry-summary\">(Bruselas, 28 de abril de 2022) -- El reglamento de bater\u00edas propuesto por la Uni\u00f3n Europea deber\u00eda exigir a los importadores y fabricantes que obtengan la bauxita, el cobre y el hierro utilizados en las bater\u00edas de manera responsable, una coalici\u00f3n de [...]<\/div><\/div><\/article><!-- .hentry --><\/div><div data-id=\"id-76648\" class=\"lsow-grid-item lsow-portfolio-item  term-216 term-209\"><article id=\"post-76648\" class=\"post-76648 post type-post status-publish format-standard has-post-thumbnail hentry category-artikel-und-stellungnahmen category-press-release\"><div class=\"lsow-project-image\"><a href=\"https:\/\/archiv.power-shift.de\/es\/press-release-yet-another-step-toward-intransparent-undemocratic-trade\/\" target=\"_self\"><img decoding=\"async\" width=\"550\" height=\"400\" src=\"https:\/\/archiv.power-shift.de\/wp-content\/uploads\/2021\/06\/jorge-aguilar-vZ9TqSm9ZsQ-unsplash-1-550x400.jpg\" class=\"lsow-image skip-lazy no-lazyload exclude-me a3-notlazy wp-post-image\" alt=\"\" data-no-lazy=\"1\" loading=\"eager\" \/><\/a><div class=\"lsow-image-info\"><div class=\"lsow-entry-info\"><h3 class=\"lsow-post-title\"><a href=\"https:\/\/archiv.power-shift.de\/es\/press-release-yet-another-step-toward-intransparent-undemocratic-trade\/\" title=\"Comunicado de prensa: Otro paso hacia un comercio antidemocr\u00e1tico opaco\" target=\"_self\" rel=\"bookmark\">Comunicado de prensa: Otro paso hacia un comercio antidemocr\u00e1tico opaco<\/a><\/h3><\/div><\/div><!-- .lsow-image-info --><\/div><div class=\"lsow-entry-text-wrap\"><h3 class=\"entry-title\"><a href=\"https:\/\/archiv.power-shift.de\/es\/press-release-yet-another-step-toward-intransparent-undemocratic-trade\/\" title=\"Comunicado de prensa: Otro paso hacia un comercio antidemocr\u00e1tico opaco\" target=\"_self\" rel=\"bookmark\">Comunicado de prensa: Otro paso hacia un comercio antidemocr\u00e1tico opaco<\/a><\/h3><div class=\"lsow-entry-meta\"><span class=\"author vcard\">By <a class=\"url fn n\" href=\"https:\/\/archiv.power-shift.de\/es\/author\/jerry\/\" title=\"Jeremy Oestreich\">Jeremy Oestreich<\/a><\/span><\/div><div class=\"entry-summary\">La Comisi\u00f3n propondr\u00e1 dividir el ya problem\u00e1tico acuerdo comercial UE-M\u00e9xico el 30 de junio de 2021, Bruselas, Berl\u00edn, Madrid y \u00c1msterdam: Informaci\u00f3n sobre una propuesta de la Comisi\u00f3n Europea que se ha filtrado a [...]<\/div><\/div><\/article><!-- .hentry --><\/div><div data-id=\"id-22329\" class=\"lsow-grid-item lsow-portfolio-item  term-209\"><article id=\"post-22329\" class=\"post-22329 post type-post status-publish format-standard has-post-thumbnail hentry category-press-release\"><div class=\"lsow-project-image\"><a href=\"https:\/\/archiv.power-shift.de\/es\/civil-society-calls-for-transparency-on-the-companies-subjected-to-the-european-unions-regulation-on-the-supply-of-3tg-minerals\/\" target=\"_self\"><img decoding=\"async\" width=\"550\" height=\"400\" src=\"https:\/\/archiv.power-shift.de\/wp-content\/uploads\/2020\/03\/Fairphone_Flickr_Washing-the-copper-core-550x400.jpg\" class=\"lsow-image skip-lazy no-lazyload exclude-me a3-notlazy wp-post-image\" alt=\"\" data-no-lazy=\"1\" loading=\"eager\" \/><\/a><div class=\"lsow-image-info\"><div class=\"lsow-entry-info\"><h3 class=\"lsow-post-title\"><a href=\"https:\/\/archiv.power-shift.de\/es\/civil-society-calls-for-transparency-on-the-companies-subjected-to-the-european-unions-regulation-on-the-supply-of-3tg-minerals\/\" title=\"La sociedad civil pide transparencia sobre las empresas sujetas al Reglamento de la Uni\u00f3n Europea sobre el suministro de minerales 3TG\" target=\"_self\" rel=\"bookmark\">La sociedad civil pide transparencia sobre las empresas sujetas al Reglamento de la Uni\u00f3n Europea sobre el suministro de minerales 3TG<\/a><\/h3><\/div><\/div><!-- .lsow-image-info --><\/div><div class=\"lsow-entry-text-wrap\"><h3 class=\"entry-title\"><a href=\"https:\/\/archiv.power-shift.de\/es\/civil-society-calls-for-transparency-on-the-companies-subjected-to-the-european-unions-regulation-on-the-supply-of-3tg-minerals\/\" title=\"La sociedad civil pide transparencia sobre las empresas sujetas al Reglamento de la Uni\u00f3n Europea sobre el suministro de minerales 3TG\" target=\"_self\" rel=\"bookmark\">La sociedad civil pide transparencia sobre las empresas sujetas al Reglamento de la Uni\u00f3n Europea sobre el suministro de minerales 3TG<\/a><\/h3><div class=\"lsow-entry-meta\"><span class=\"author vcard\">By <a class=\"url fn n\" href=\"https:\/\/archiv.power-shift.de\/es\/author\/vanessa-fischer\/\" title=\"Vanessa Fischer\">Vanessa Fischer<\/a><\/span><\/div><div class=\"entry-summary\">(Bruselas, BE) El Reglamento de la UE sobre el suministro responsable de esta\u00f1o, wolframio, tantalio y oro (3TG) procedentes de zonas de conflicto y de alto riesgo (CAHRA) es un primer paso crucial hacia las cadenas de suministro [...]<\/div><\/div><\/article><!-- .hentry --><\/div><\/div><!-- .lsow-portfolio --><\/div><!-- .lsow-portfolio-wrap --><\/div><\/div><\/div><\/div><\/div>","protected":false},"excerpt":{"rendered":"<p>PM: EU and U.S. Advocates Call on EU to Stand Down on Threats to Inflation Reduction ActPM: EU and U.S. Advocates Call on EU to Stand Down on Threats to [&hellip;]<\/p>","protected":false},"author":11,"featured_media":0,"parent":0,"menu_order":55,"comment_status":"closed","ping_status":"closed","template":"","meta":{"episode_type":"","audio_file":"","cover_image":"","cover_image_id":"","duration":"","filesize":"","date_recorded":"","explicit":"","block":"","itunes_episode_number":"","itunes_title":"","itunes_season_number":"","itunes_episode_type":"","filesize_raw":"","footnotes":""},"ppma_author":[235],"class_list":["post-19366","page","type-page","status-publish","hentry"],"_links":{"self":[{"href":"https:\/\/archiv.power-shift.de\/es\/wp-json\/wp\/v2\/pages\/19366","targetHints":{"allow":["GET"]}}],"collection":[{"href":"https:\/\/archiv.power-shift.de\/es\/wp-json\/wp\/v2\/pages"}],"about":[{"href":"https:\/\/archiv.power-shift.de\/es\/wp-json\/wp\/v2\/types\/page"}],"author":[{"embeddable":true,"href":"https:\/\/archiv.power-shift.de\/es\/wp-json\/wp\/v2\/users\/11"}],"replies":[{"embeddable":true,"href":"https:\/\/archiv.power-shift.de\/es\/wp-json\/wp\/v2\/comments?post=19366"}],"version-history":[{"count":0,"href":"https:\/\/archiv.power-shift.de\/es\/wp-json\/wp\/v2\/pages\/19366\/revisions"}],"wp:attachment":[{"href":"https:\/\/archiv.power-shift.de\/es\/wp-json\/wp\/v2\/media?parent=19366"}],"wp:term":[{"taxonomy":"author","embeddable":true,"href":"https:\/\/archiv.power-shift.de\/es\/wp-json\/wp\/v2\/ppma_author?post=19366"}],"curies":[{"name":"wp","href":"https:\/\/api.w.org\/{rel}","templated":true}]}}