{"id":19359,"date":"2019-05-29T15:49:39","date_gmt":"2019-05-29T13:49:39","guid":{"rendered":"https:\/\/neu.power-shift.de\/?page_id=19359"},"modified":"2024-07-16T12:00:28","modified_gmt":"2024-07-16T10:00:28","slug":"data-protection-declaration","status":"publish","type":"page","link":"https:\/\/archiv.power-shift.de\/es\/data-protection-declaration\/","title":{"rendered":"Declaraci\u00f3n de protecci\u00f3n de datos"},"content":{"rendered":"<p>PowerShift e.V. se toma muy en serio la protecci\u00f3n de los datos personales. Por lo tanto, nos gustar\u00eda que supiera qu\u00e9 datos se almacenan y c\u00f3mo se utilizan.<br \/>\nCon esta declaraci\u00f3n de protecci\u00f3n de datos, le informamos sobre el tipo, la extensi\u00f3n y la finalidad de la toma y el uso de datos personales.<br \/>\nComo organizaci\u00f3n sin \u00e1nimo de lucro, PowerShift e.V. est\u00e1 sujeta a las disposiciones de la legislaci\u00f3n europea. <span class=\"st\">Reglamento General de Protecci\u00f3n de Datos (RGPD)<\/span>, la Ley federal alemana de protecci\u00f3n de datos (BDSG) y la Ley alemana de servicios digitales (DDG).<\/p>\n<p><strong>\u00bfQui\u00e9n es responsable del tratamiento de datos en PowerShift e.V. y a qui\u00e9n puedo contactar?<\/strong><\/p>\n<p>El responsable del tratamiento de los datos personales es: PowerShift e.V., Greifswalder Str. 4, 10405 Berl\u00edn<br \/>\nP\u00f3ngase en contacto con nosotros a trav\u00e9s de: <a href=\"mailto:info@power-shift.de\">info@power-shift.de<\/a>, +49 (0)30 2787 5736<br \/>\nTal como se establece en el RGPD, puede considerarse que: Peter Fuchs (Consejo de Administraci\u00f3n)<\/p>\n<p><strong>\u00bfQu\u00e9 fuentes y datos utilizamos?<\/strong><\/p>\n<p>Recopilamos datos personales cuando realizamos eventos y campa\u00f1as, por ejemplo, en Internet y a trav\u00e9s de nuestro sitio web. Los datos personales relevantes incluyen: Nombre y correo electr\u00f3nico.<br \/>\nEn caso de donaciones, tambi\u00e9n el monto de la donaci\u00f3n, la fecha de d\u00e9bito y el IBAN y BIC (si est\u00e1 en el extranjero) o si elige transferir por PayPal, solo recibimos su nombre. Si desea recibir un recibo de donaci\u00f3n tambi\u00e9n su direcci\u00f3n. En caso de eventos, por lo que la fecha del evento, hora y lugar.<\/p>\n<p><strong>\u00bfPara qu\u00e9 utilizamos los datos personales y sobre qu\u00e9 base legal?<\/strong><\/p>\n<p>Procesamos sus datos personales solo con su aprobaci\u00f3n (\u00a76 GDPR).<br \/>\nUtilizamos sus datos para enviar <strong>boletines informativos, informaci\u00f3n sobre nuestro trabajo, incluidas las convocatorias de donaci\u00f3n: <\/strong>Estos incluyen informaci\u00f3n sobre eventos y publicaciones de PowerShift y nuestras organizaciones asociadas.<br \/>\nEn caso de que desee recibir esta informaci\u00f3n, necesitamos su nombre y apellidos, as\u00ed como una direcci\u00f3n de correo electr\u00f3nico v\u00e1lida. No se recopilar\u00e1n m\u00e1s datos. Solo utilizamos esos datos para difundir informaci\u00f3n sobre nuestro trabajo y no los transmitimos a terceros. Al suscribirse al bolet\u00edn, guardamos la fecha y, por lo tanto, documentamos su aprobaci\u00f3n para tomar estos datos personales.<br \/>\nEn caso de que quieras hacer una donaci\u00f3n, necesitamos tu: Nombre y apellidos, correo electr\u00f3nico, cantidad de su donaci\u00f3n, fecha de d\u00e9bito, IBAN y BIC (si est\u00e1 en el extranjero), o si elige transferir por PayPal, solo recibimos su nombre. Si desea recibir un recibo de donaci\u00f3n tambi\u00e9n necesita su direcci\u00f3n. No se recopilar\u00e1n m\u00e1s datos. Solo utilizamos esos datos para fines de administraci\u00f3n de donaciones y recaudaci\u00f3n de fondos, y no los transmitimos a terceros.<br \/>\nPara recopilar los datos mencionados anteriormente, utilizamos CiviCRM. <a href=\"https:\/\/civicrm.org\/\">https:\/\/civicrm.org\/<\/a><\/p>\n<p><strong>\u00bfQu\u00e9 datos de nuestro sitio web se analizar\u00e1n?<\/strong><\/p>\n<p>Utilizamos YouTube para incrustar videos en nuestro sitio web. Como la mayor\u00eda de los sitios web, YouTube tambi\u00e9n utiliza cookies para recopilar m\u00e1s datos de sus visitantes. YouTube utiliza estos, entre otros, con el fin de recopilar estad\u00edsticas de v\u00eddeo, evitar el fraude y mejorar la facilidad de uso. Esto tambi\u00e9n se conecta con la red de Google DoubleClick. Cuando inicia un video, se puede activar un procesamiento de datos adicional, en el que no tenemos ninguna influencia. Puede encontrar m\u00e1s informaci\u00f3n sobre la protecci\u00f3n de datos en YouTube y su declaraci\u00f3n de protecci\u00f3n de datos aqu\u00ed: <a href=\"http:\/\/www.youtube.com\/t\/privacy_at_youtube\">http:\/\/www.youtube.com\/t\/privacy_at_youtube<\/a><br \/>\nUtilizamos Proca de Fix The Status Quo un widget para peticiones de la plataforma Fix The Status Quo. Si participa en una de nuestras peticiones, sus datos se enviar\u00e1n a Fix The Status Quo, que los almacenar\u00e1 y procesar\u00e1. Los datos enviados incluyen su nombre y correo electr\u00f3nico, as\u00ed como otros datos necesarios para los medios de la petici\u00f3n, entre otras cosas, el momento de su participaci\u00f3n y la URL de la p\u00e1gina, que utiliz\u00f3 para participar en la petici\u00f3n. <span lang=\"en\">Los administradores de la base de datos no pueden utilizar su informaci\u00f3n personal para fines distintos de los solicitados por nosotros. <\/span>Puede encontrar sus directrices de protecci\u00f3n de datos aqu\u00ed: <a href=\"https:\/\/fixthestatusquo.com\/privacy_policy\/\">https:\/\/fixthestatusquo.com\/privacy_policy\/<\/a><br \/>\nNo analizamos ning\u00fan otro dato.<\/p>\n<p><strong>Estad\u00edsticas<\/strong><\/p>\n<p>Para nuestro sitio web utilizamos Matomo, una herramienta que analiza el n\u00famero de visitantes en nuestro sitio web. Matomo (<a href=\"https:\/\/matomo.org\/\">https:\/\/matomo.org\/<\/a>), anteriormente conocido como Piwik, es un proyecto com\u00fan de los miembros del Equipo Matomo, as\u00ed como de muchos seguidores en todo el mundo. Matomo tambi\u00e9n procesa datos personales, esp. la direcci\u00f3n IP, que es interrumpida por el \u00faltimo octeto.<\/p>\n<p><strong>\u00bfQui\u00e9n puede acceder a mis datos?<\/strong><\/p>\n<p>Solo los miembros del equipo de PowerShift tienen acceso a sus datos. No se transmite a terceros.<\/p>\n<p><strong>\u00bfSe transmitir\u00e1n los datos a un tercer pa\u00eds o a organizaciones internacionales?<\/strong><\/p>\n<p>No.<\/p>\n<p><strong>\u00bfQu\u00e9 derechos de protecci\u00f3n de datos tengo?<\/strong><\/p>\n<p>Todos nuestros usuarios tienen los derechos que se mencionan en el <span class=\"st\">GDPR y<\/span> BDSG, en particular: informaci\u00f3n sobre cualquier dato almacenado por PowerShift, correcci\u00f3n de datos almacenados sobre usted. Puede solicitar la eliminaci\u00f3n de sus datos y tiene derecho a oponerse al almacenamiento y procesamiento de sus datos.<br \/>\nPara hacerlo, simplemente env\u00ede un correo electr\u00f3nico a <a href=\"mailto:info@power-shift.de\">info@power-shift.de.<\/a><br \/>\nPuede revocar las declaraciones realizadas a PowerShift en cualquier momento utilizando el enlace en nuestros boletines informativos y enviando un correo electr\u00f3nico a <a href=\"mailto:info@power-shift.de\">info@power-shift.de<\/a>.<br \/>\nTambi\u00e9n tiene derecho a apelar ante la autoridad supervisora responsable: Oficina de protecci\u00f3n de datos y libertad de informaci\u00f3n de Berl\u00edn, Friedrichstr. 219, 10969 Berl\u00edn, Alemania.<\/p>\n<p><strong>\u00bfDurante cu\u00e1nto tiempo se almacenar\u00e1n mis datos?<\/strong><\/p>\n<p>Sus datos ser\u00e1n almacenados durante el tiempo que usted est\u00e9 de acuerdo. Puede revocar su acuerdo en cualquier momento.Puede revocar las declaraciones hechas a PowerShift en cualquier momento utilizando el enlace en nuestros boletines de noticias y enviando un correo electr\u00f3nico a <a href=\"mailto:info@power-shift.de\">info@power-shift.de<\/a>.<\/p>","protected":false},"excerpt":{"rendered":"<p>PowerShift e.V. takes the protection of personal data very seriously. We would therefore like you to know what data is stored and how it is being used. With this data [&hellip;]<\/p>","protected":false},"author":11,"featured_media":0,"parent":0,"menu_order":64,"comment_status":"closed","ping_status":"closed","template":"","meta":{"episode_type":"","audio_file":"","cover_image":"","cover_image_id":"","duration":"","filesize":"","date_recorded":"","explicit":"","block":"","itunes_episode_number":"","itunes_title":"","itunes_season_number":"","itunes_episode_type":"","filesize_raw":"","footnotes":""},"ppma_author":[235],"class_list":["post-19359","page","type-page","status-publish","hentry"],"_links":{"self":[{"href":"https:\/\/archiv.power-shift.de\/es\/wp-json\/wp\/v2\/pages\/19359","targetHints":{"allow":["GET"]}}],"collection":[{"href":"https:\/\/archiv.power-shift.de\/es\/wp-json\/wp\/v2\/pages"}],"about":[{"href":"https:\/\/archiv.power-shift.de\/es\/wp-json\/wp\/v2\/types\/page"}],"author":[{"embeddable":true,"href":"https:\/\/archiv.power-shift.de\/es\/wp-json\/wp\/v2\/users\/11"}],"replies":[{"embeddable":true,"href":"https:\/\/archiv.power-shift.de\/es\/wp-json\/wp\/v2\/comments?post=19359"}],"version-history":[{"count":0,"href":"https:\/\/archiv.power-shift.de\/es\/wp-json\/wp\/v2\/pages\/19359\/revisions"}],"wp:attachment":[{"href":"https:\/\/archiv.power-shift.de\/es\/wp-json\/wp\/v2\/media?parent=19359"}],"wp:term":[{"taxonomy":"author","embeddable":true,"href":"https:\/\/archiv.power-shift.de\/es\/wp-json\/wp\/v2\/ppma_author?post=19359"}],"curies":[{"name":"wp","href":"https:\/\/api.w.org\/{rel}","templated":true}]}}