{"id":19211,"date":"2019-05-27T16:58:08","date_gmt":"2019-05-27T14:58:08","guid":{"rendered":"https:\/\/neu.power-shift.de\/?page_id=19211"},"modified":"2022-06-14T10:35:11","modified_gmt":"2022-06-14T08:35:11","slug":"home-en","status":"publish","type":"page","link":"https:\/\/archiv.power-shift.de\/es\/home-en\/","title":{"rendered":"PowerShift &#8211; EN"},"content":{"rendered":"<div id=\"pl-19211\"  class=\"panel-layout\" ><div id=\"pg-19211-0\"  class=\"panel-grid panel-has-style\" ><div class=\"lsow-row siteorigin-panels-stretch panel-row-style panel-row-style-for-19211-0\" data-stretch-type=\"full\" id=\"charity-intro\" ><div id=\"pgc-19211-0-0\"  class=\"panel-grid-cell\" ><div id=\"panel-19211-0-0-0\" class=\"so-panel widget widget_siteorigin-panels-builder panel-first-child\" data-index=\"0\" ><div class=\"panel-widget-style panel-widget-style-for-19211-0-0-0\" ><div id=\"pl-w5cece62dd757e\"  class=\"panel-layout\" ><div id=\"pg-w5cece62dd757e-0\"  class=\"panel-grid panel-no-style\" ><div id=\"pgc-w5cece62dd757e-0-0\"  class=\"panel-grid-cell\" ><div id=\"panel-w5cece62dd757e-0-0-0\" class=\"so-panel widget widget_mo-hero-section panel-first-child panel-last-child\" data-index=\"0\" ><div class=\"panel-widget-style panel-widget-style-for-w5cece62dd757e-0-0-0\" ><div\n\t\t\t\n\t\t\tclass=\"so-widget-mo-hero-section so-widget-mo-hero-section-default-d75171398898\"\n\t\t\t\n\t\t><div  class=\"segment\"  style=\"background-color:#e2e2e2;\"><div class=\"segment-content\"><div class=\"heading center\"><p class=\"pitch\">Nuestro objetivo es una econom\u00eda mundial ecol\u00f3gica y m\u00e1s justa. Para ello, aplicamos nuestra experiencia en comercio internacional, materias primas y pol\u00edtica clim\u00e1tica: Con una investigaci\u00f3n exhaustiva, examinamos los procesos pol\u00edticos, identificamos los problemas de un sistema econ\u00f3mico injusto y desarrollamos alternativas pol\u00edticas. Nuestro equipo forja fuertes alianzas con otras organizaciones, movimientos sociales y ciudadanos para alcanzar nuestras metas. Sabemos que somos m\u00e1s fuertes juntos de lo que podemos estar solos.<\/p><\/div>\n<\/div><\/div><!-- .segment--><\/div><\/div><\/div><\/div><\/div><\/div><\/div><\/div><div id=\"panel-19211-0-0-1\" class=\"so-panel widget widget_mo-heading\" data-index=\"1\" ><div class=\"panel-widget-style panel-widget-style-for-19211-0-0-1\" ><div\n\t\t\t\n\t\t\tclass=\"so-widget-mo-heading so-widget-mo-heading-default-d75171398898-19211\"\n\t\t\t\n\t\t>\n<div class=\"heading center dashed\"><h3 class=\"title\">\u00daltimas publicaciones<\/h3><\/div><\/div><\/div><\/div><div id=\"panel-19211-0-0-2\" class=\"so-panel widget widget_lsow-portfolio\" data-index=\"2\" ><div\n\t\t\t\n\t\t\tclass=\"so-widget-lsow-portfolio so-widget-lsow-portfolio-default-1398c7c9e37b-19211\"\n\t\t\t\n\t\t><div class=\"lsow-portfolio-wrap lsow-gapless-grid\"><div id=\"lsow-portfolio-6a06f566eda04\" class=\"lsow-portfolio js-isotope lsow-fitRows lsow-grid-container  lsow-grid-desktop-4 lsow-grid-tablet-2 lsow-grid-mobile-1\" data-isotope-options='{ \"itemSelector\": \".lsow-portfolio-item\", \"layoutMode\": \"fitRows\"}'><div data-id=\"id-93983\" class=\"lsow-grid-item lsow-portfolio-item  term-84 term-87 term-199\"><article id=\"post-93983\" class=\"post-93983 post type-post status-publish format-standard has-post-thumbnail hentry category-alle category-handels-u-investitionspolitik category-publication tag-eu tag-eu-mercosur tag-free-trade-agreements tag-freihandel tag-freihandelsabkommen tag-handelspolitik-de tag-klimakrise tag-menschenrechte tag-umweltzerstoerung\"><div class=\"lsow-project-image\"><a href=\"https:\/\/archiv.power-shift.de\/es\/briefing-eu-mercosur-vs-eudr\/\" target=\"_self\"><img fetchpriority=\"high\" decoding=\"async\" width=\"550\" height=\"400\" src=\"https:\/\/archiv.power-shift.de\/wp-content\/uploads\/2025\/06\/PowerShift_Handeslpolitik_EUDR_Mercosur_legalBrief_Titelbild-550x400.jpg\" class=\"lsow-image skip-lazy no-lazyload exclude-me a3-notlazy wp-post-image\" alt=\"Wald vor dunklem HImmel\" data-no-lazy=\"1\" loading=\"eager\" srcset=\"https:\/\/archiv.power-shift.de\/wp-content\/uploads\/2025\/06\/PowerShift_Handeslpolitik_EUDR_Mercosur_legalBrief_Titelbild-550x400.jpg 550w, https:\/\/archiv.power-shift.de\/wp-content\/uploads\/2025\/06\/PowerShift_Handeslpolitik_EUDR_Mercosur_legalBrief_Titelbild-18x12.jpg 18w\" sizes=\"(max-width: 550px) 100vw, 550px\" \/><\/a><div class=\"lsow-image-info\"><div class=\"lsow-entry-info\"><h3 class=\"lsow-post-title\"><a href=\"https:\/\/archiv.power-shift.de\/es\/briefing-eu-mercosur-vs-eudr\/\" title=\"Briefing: EU-Mercosur vs. the EU Deforestation Regulation\" target=\"_self\" rel=\"bookmark\">Briefing: EU-Mercosur vs. the EU Deforestation Regulation<\/a><\/h3><\/div><\/div><!-- .lsow-image-info --><\/div><div class=\"lsow-entry-text-wrap\"><h3 class=\"entry-title\"><a href=\"https:\/\/archiv.power-shift.de\/es\/briefing-eu-mercosur-vs-eudr\/\" title=\"Briefing: EU-Mercosur vs. the EU Deforestation Regulation\" target=\"_self\" rel=\"bookmark\">Briefing: EU-Mercosur vs. the EU Deforestation Regulation<\/a><\/h3><\/div><\/article><!-- .hentry --><\/div><div data-id=\"id-93836\" class=\"lsow-grid-item lsow-portfolio-item  term-199 term-86\"><article id=\"post-93836\" class=\"post-93836 post type-post status-publish format-standard has-post-thumbnail hentry category-publication category-rohstoffpolitik tag-batterien tag-bergbau tag-kritische-rohstoffe tag-lieferketten tag-lieferkettengesetz tag-menschenrechte tag-rohstoffe-de tag-rohstoffpolitik tag-rohstoffwende tag-umwelt tag-umweltzerstoerung tag-verkehrswende\"><div class=\"lsow-project-image\"><a href=\"https:\/\/archiv.power-shift.de\/es\/clean-cars-dirty-nickel\/\" target=\"_self\"><img decoding=\"async\" width=\"550\" height=\"400\" src=\"https:\/\/archiv.power-shift.de\/wp-content\/uploads\/2025\/06\/PowerShift_Rohstoffpolitik_Clean_Cars_Dirty_Nickel_Titelbild-550x400.jpg\" class=\"lsow-image skip-lazy no-lazyload exclude-me a3-notlazy wp-post-image\" alt=\"Lastwagen in Miene in Indonesien\" data-no-lazy=\"1\" loading=\"eager\" srcset=\"https:\/\/archiv.power-shift.de\/wp-content\/uploads\/2025\/06\/PowerShift_Rohstoffpolitik_Clean_Cars_Dirty_Nickel_Titelbild-550x400.jpg 550w, https:\/\/archiv.power-shift.de\/wp-content\/uploads\/2025\/06\/PowerShift_Rohstoffpolitik_Clean_Cars_Dirty_Nickel_Titelbild-18x12.jpg 18w\" sizes=\"(max-width: 550px) 100vw, 550px\" \/><\/a><div class=\"lsow-image-info\"><div class=\"lsow-entry-info\"><h3 class=\"lsow-post-title\"><a href=\"https:\/\/archiv.power-shift.de\/es\/clean-cars-dirty-nickel\/\" title=\"Clean Cars, Dirty Nickel: Mapping the Indonesia\u2013China\u2013Germany nickel supply chain for EV batteries\" target=\"_self\" rel=\"bookmark\">Clean Cars, Dirty Nickel: Mapping the Indonesia\u2013China\u2013Germany nickel supply chain for EV batteries<\/a><\/h3><\/div><\/div><!-- .lsow-image-info --><\/div><div class=\"lsow-entry-text-wrap\"><h3 class=\"entry-title\"><a href=\"https:\/\/archiv.power-shift.de\/es\/clean-cars-dirty-nickel\/\" title=\"Clean Cars, Dirty Nickel: Mapping the Indonesia\u2013China\u2013Germany nickel supply chain for EV batteries\" target=\"_self\" rel=\"bookmark\">Clean Cars, Dirty Nickel: Mapping the Indonesia\u2013China\u2013Germany nickel supply chain for EV batteries<\/a><\/h3><\/div><\/article><!-- .hentry --><\/div><div data-id=\"id-89443\" class=\"lsow-grid-item lsow-portfolio-item  term-199\"><article id=\"post-89443\" class=\"post-89443 post type-post status-publish format-standard has-post-thumbnail hentry category-publication\"><div class=\"lsow-project-image\"><a href=\"https:\/\/archiv.power-shift.de\/es\/suggestions-for-the-raw-materials-transition\/\" target=\"_self\"><img decoding=\"async\" width=\"550\" height=\"400\" src=\"https:\/\/archiv.power-shift.de\/wp-content\/uploads\/2024\/03\/Rohstoffreduktion_Verkehrssektor-550x400.png\" class=\"lsow-image skip-lazy no-lazyload exclude-me a3-notlazy wp-post-image\" alt=\"Retorno de la materia prima\" data-no-lazy=\"1\" loading=\"eager\" \/><\/a><div class=\"lsow-image-info\"><div class=\"lsow-entry-info\"><h3 class=\"lsow-post-title\"><a href=\"https:\/\/archiv.power-shift.de\/es\/suggestions-for-the-raw-materials-transition\/\" title=\"Reducci\u00f3n del consumo de metales: Sugerencias pr\u00e1cticas para la transici\u00f3n de las materias primas\" target=\"_self\" rel=\"bookmark\">Reducci\u00f3n del consumo de metales: Sugerencias pr\u00e1cticas para la transici\u00f3n de las materias primas<\/a><\/h3><\/div><\/div><!-- .lsow-image-info --><\/div><div class=\"lsow-entry-text-wrap\"><h3 class=\"entry-title\"><a href=\"https:\/\/archiv.power-shift.de\/es\/suggestions-for-the-raw-materials-transition\/\" title=\"Reducci\u00f3n del consumo de metales: Sugerencias pr\u00e1cticas para la transici\u00f3n de las materias primas\" target=\"_self\" rel=\"bookmark\">Reducci\u00f3n del consumo de metales: Sugerencias pr\u00e1cticas para la transici\u00f3n de las materias primas<\/a><\/h3><\/div><\/article><!-- .hentry --><\/div><div data-id=\"id-88410\" class=\"lsow-grid-item lsow-portfolio-item  term-199\"><article id=\"post-88410\" class=\"post-88410 post type-post status-publish format-standard has-post-thumbnail hentry category-publication\"><div class=\"lsow-project-image\"><a href=\"https:\/\/archiv.power-shift.de\/es\/ceta-climate-impact\/\" target=\"_self\"><img decoding=\"async\" width=\"550\" height=\"400\" src=\"https:\/\/archiv.power-shift.de\/wp-content\/uploads\/2024\/03\/PowerShift_CETA_Oilsands_Kris-Krueg_CClicense-550x400.jpg\" class=\"lsow-image skip-lazy no-lazyload exclude-me a3-notlazy wp-post-image\" alt=\"Refiner\u00eda de petr\u00f3leo de arenas alquitranadas en el norte de Alberta, Canad\u00e1\" data-no-lazy=\"1\" loading=\"eager\" \/><\/a><div class=\"lsow-image-info\"><div class=\"lsow-entry-info\"><h3 class=\"lsow-post-title\"><a href=\"https:\/\/archiv.power-shift.de\/es\/ceta-climate-impact\/\" title=\"An\u00e1lisis del impacto clim\u00e1tico del AECG\" target=\"_self\" rel=\"bookmark\">An\u00e1lisis del impacto clim\u00e1tico del AECG<\/a><\/h3><\/div><\/div><!-- .lsow-image-info --><\/div><div class=\"lsow-entry-text-wrap\"><h3 class=\"entry-title\"><a href=\"https:\/\/archiv.power-shift.de\/es\/ceta-climate-impact\/\" title=\"An\u00e1lisis del impacto clim\u00e1tico del AECG\" target=\"_self\" rel=\"bookmark\">An\u00e1lisis del impacto clim\u00e1tico del AECG<\/a><\/h3><\/div><\/article><!-- .hentry --><\/div><\/div><!-- .lsow-portfolio --><\/div><!-- .lsow-portfolio-wrap --><\/div><\/div><div id=\"panel-19211-0-0-3\" class=\"so-panel widget widget_mo-button panel-last-child\" data-index=\"3\" ><div\n\t\t\t\n\t\t\tclass=\"so-widget-mo-button so-widget-mo-button-default-d75171398898-88410\"\n\t\t\t\n\t\t><div class=\"button-wrap\" style=\"text-align:center;float:center;\"><a class= \"button  default large\" style=\"text-align:center\" href=\"https:\/\/archiv.power-shift.de\/es\/all-publications\/\" target=\"_blank\">Todas las publicaciones<\/a><\/div><\/div><\/div><\/div><\/div><\/div><div id=\"pg-19211-1\"  class=\"panel-grid panel-has-style\" ><div class=\"siteorigin-panels-stretch panel-row-style panel-row-style-for-19211-1\" data-stretch-type=\"full\" ><div id=\"pgc-19211-1-0\"  class=\"panel-grid-cell\" ><div id=\"panel-19211-1-0-0\" class=\"so-panel widget widget_mo-hero-section panel-first-child\" data-index=\"4\" ><div class=\"panel-widget-style panel-widget-style-for-19211-1-0-0\" ><div\n\t\t\t\n\t\t\tclass=\"so-widget-mo-hero-section so-widget-mo-hero-section-default-d75171398898-88410\"\n\t\t\t\n\t\t><div id=\"giving-quote\" class=\"segment dark-bg slogan parallax-banner\"  style=\"background-color:#31333a;\"><div class=\"parallax-bg\" style=\"background-image:url(https:\/\/archiv.power-shift.de\/wp-content\/uploads\/2019\/05\/imre-tomosvari-712872-unsplash-1.jpg);\"><\/div><div class=\"segment-content\"><h4 style=\"text-align: center;\">Ap\u00f3yanos con una donaci\u00f3n, contribuyendo as\u00ed a nuestra lucha contra la desigualdad global, la cat\u00e1strofe clim\u00e1tica y la explotaci\u00f3n de los seres humanos y la naturaleza.<\/h4>\n<div class=\"button-wrap\" style=\"text-align:center;float:center;\"><a class= \"button  black small\" href=\"https:\/\/archiv.power-shift.de\/es\/spende\/\" target=\"_self\">Donar<\/a><\/div>\n<\/div><\/div><!-- .segment--><\/div><\/div><\/div><div id=\"panel-19211-1-0-1\" class=\"so-panel widget widget_mo-hero-section panel-last-child\" data-index=\"5\" ><div\n\t\t\t\n\t\t\tclass=\"so-widget-mo-hero-section so-widget-mo-hero-section-default-d75171398898-88410\"\n\t\t\t\n\t\t><div  class=\"segment dark-bg\"  style=\"background-color:#abb241;\"><div class=\"segment-content\"><h4 style=\"text-align: center;\">Descubra las \u00faltimas noticias en nuestro bolet\u00edn de noticias en alem\u00e1n<\/h4>\n<div class=\"button-wrap\" style=\"text-align:center;float:center;\"><a class= \"button  black small\" href=\"https:\/\/archiv.power-shift.de\/es\/newsletter-bestellen\/\" target=\"_self\">Suscribirse<\/a><\/div><\/div><\/div><!-- .segment--><\/div><\/div><\/div><\/div><\/div><\/div>","protected":false},"excerpt":{"rendered":"<p>Our goal is an ecological and fairer world economy. To this end, we apply our expertise in international trade, raw materials and climate policy: With comprehensive research, we examine political [&hellip;]<\/p>","protected":false},"author":9,"featured_media":0,"parent":0,"menu_order":65,"comment_status":"closed","ping_status":"closed","template":"template-1c.php","meta":{"episode_type":"","audio_file":"","cover_image":"","cover_image_id":"","duration":"","filesize":"","date_recorded":"","explicit":"","block":"","itunes_episode_number":"","itunes_title":"","itunes_season_number":"","itunes_episode_type":"","filesize_raw":"","footnotes":""},"ppma_author":[237],"class_list":["post-19211","page","type-page","status-publish","hentry"],"_links":{"self":[{"href":"https:\/\/archiv.power-shift.de\/es\/wp-json\/wp\/v2\/pages\/19211","targetHints":{"allow":["GET"]}}],"collection":[{"href":"https:\/\/archiv.power-shift.de\/es\/wp-json\/wp\/v2\/pages"}],"about":[{"href":"https:\/\/archiv.power-shift.de\/es\/wp-json\/wp\/v2\/types\/page"}],"author":[{"embeddable":true,"href":"https:\/\/archiv.power-shift.de\/es\/wp-json\/wp\/v2\/users\/9"}],"replies":[{"embeddable":true,"href":"https:\/\/archiv.power-shift.de\/es\/wp-json\/wp\/v2\/comments?post=19211"}],"version-history":[{"count":0,"href":"https:\/\/archiv.power-shift.de\/es\/wp-json\/wp\/v2\/pages\/19211\/revisions"}],"wp:attachment":[{"href":"https:\/\/archiv.power-shift.de\/es\/wp-json\/wp\/v2\/media?parent=19211"}],"wp:term":[{"taxonomy":"author","embeddable":true,"href":"https:\/\/archiv.power-shift.de\/es\/wp-json\/wp\/v2\/ppma_author?post=19211"}],"curies":[{"name":"wp","href":"https:\/\/api.w.org\/{rel}","templated":true}]}}