{"id":19188,"date":"2019-05-27T12:13:04","date_gmt":"2019-05-27T10:13:04","guid":{"rendered":"https:\/\/neu.power-shift.de\/?page_id=19188"},"modified":"2025-09-25T15:47:55","modified_gmt":"2025-09-25T13:47:55","slug":"initiative-transparente-zivilgesellschaft","status":"publish","type":"page","link":"https:\/\/archiv.power-shift.de\/es\/initiative-transparente-zivilgesellschaft\/","title":{"rendered":"Iniciativa de la Sociedad Civil Transparente"},"content":{"rendered":"<div id=\"pl-19188\"  class=\"panel-layout\" ><div id=\"pg-19188-0\"  class=\"panel-grid panel-no-style\" ><div id=\"pgc-19188-0-0\"  class=\"panel-grid-cell\" ><div id=\"panel-19188-0-0-0\" class=\"so-panel widget widget_sow-editor panel-first-child panel-last-child\" data-index=\"0\" ><div\n\t\t\t\n\t\t\tclass=\"so-widget-sow-editor so-widget-sow-editor-base\"\n\t\t\t\n\t\t>\n<div class=\"siteorigin-widget-tinymce textwidget\">\n\t<p><img loading=\"lazy\" decoding=\"async\" class=\"size-medium wp-image-9455 alignleft\" src=\"https:\/\/archiv.power-shift.de\/wp-content\/uploads\/2018\/11\/Transparente_ZivilgesellschaftPNG-300x82.png\" sizes=\"auto, (max-width: 300px) 100vw, 300px\" srcset=\"https:\/\/archiv.power-shift.de\/wp-content\/uploads\/2018\/11\/Transparente_ZivilgesellschaftPNG-300x82.png 300w, https:\/\/archiv.power-shift.de\/wp-content\/uploads\/2018\/11\/Transparente_ZivilgesellschaftPNG-600x163.png 600w, https:\/\/archiv.power-shift.de\/wp-content\/uploads\/2018\/11\/Transparente_ZivilgesellschaftPNG.png 735w\" alt=\"\" width=\"300\" height=\"82\" \/><\/p>\n<p class=\"bodytext\"><b>Soportes de PowerShift <a title=\"www.transparente-zivilgesellschaft.de\" href=\"http:\/\/www.transparente-zivilgesellschaft.de\/\" target=\"_blank\" rel=\"noopener\">Iniciativa de la Sociedad Civil Transparente<\/a>, una iniciativa en favor de la transparencia entre las organizaciones sin \u00e1nimo de lucro. Aqu\u00ed hay diez puntos de informaci\u00f3n sobre los objetivos de PowerShift, de d\u00f3nde provienen los fondos, c\u00f3mo se utilizan y qui\u00e9nes son los tomadores de decisiones:<\/b><\/p>\n<p>&nbsp;<\/p>\n<h3><\/h3>\n<h3 class=\"bodytext\">1. Nombre, domicilio social, direcci\u00f3n y a\u00f1o de fundaci\u00f3n<\/h3>\n<ul class=\"contentlist_ul\">\n<li>PowerShift e.V. Greifswalderstr. 4, 10405 Berl\u00edn, Alemania. M\u00e1s informaci\u00f3n en: <a href=\"https:\/\/archiv.power-shift.de\/es\/impressum\/\">descargo<\/a> \/ <a href=\"https:\/\/archiv.power-shift.de\/es\/kontakt\/\">Formulario de contacto<\/a><\/li>\n<li>PowerShift fue fundada en Berl\u00edn en 2010.<\/li>\n<\/ul>\n<h3>2. Estatutos y objetivos de la organizaci\u00f3n<\/h3>\n<ul class=\"contentlist_ul\">\n<li>Los estatutos de PowerShift e.V. pueden ser <a href=\"https:\/\/power-shift.de\/wp-content\/uploads\/2025\/06\/PowerShift-Satzung_Neu_Juni-2023.pdf\">aqu\u00ed<\/a> verla.<\/li>\n<li>Puede encontrar informaci\u00f3n general sobre PowerShift y nuestras principales \u00e1reas de trabajo aqu\u00ed: <a href=\"https:\/\/archiv.power-shift.de\/es\/ueber-uns\/\">Acerca de nosotros<\/a><\/li>\n<li><a href=\"https:\/\/archiv.power-shift.de\/es\/ueber-uns\/\">Aqu\u00ed<\/a> Encontrar\u00e1 una descripci\u00f3n de nuestra propia imagen, nuestros objetivos y las prioridades establecidas para el a\u00f1o respectivo.<\/li>\n<li>La informaci\u00f3n detallada sobre los temas, campa\u00f1as y publicaciones en las que trabajamos se puede encontrar en las principales \u00e1reas de trabajo respectivas: <a href=\"https:\/\/archiv.power-shift.de\/es\/handels-und-investitionspolitik\/\">Pol\u00edtica de comercio e inversi\u00f3n<\/a>, <a href=\"https:\/\/archiv.power-shift.de\/es\/rohstoffpolitik\/\">Pol\u00edtica de materias primas<\/a>, <a href=\"https:\/\/archiv.power-shift.de\/es\/klimapolitik\/\">Pol\u00edtica energ\u00e9tica.<\/a><\/li>\n<\/ul>\n<h3>3. Informaci\u00f3n sobre la ventaja fiscal<\/h3>\n<ul class=\"contentlist_ul\">\n<li>Somos responsables de la promoci\u00f3n de la ciencia y la investigaci\u00f3n, as\u00ed como de la promoci\u00f3n de la educaci\u00f3n y la formaci\u00f3n profesional y de las personas, incluida la asistencia a los estudiantes, de acuerdo con la \u00faltima notificaci\u00f3n de exenci\u00f3n que recibimos de la Oficina Tributaria de las Corporaciones I de Berl\u00edn, StNr. 27\/675\/55937, de 26 de octubre de 2021, exenta del impuesto sobre sociedades para los a\u00f1os 2018 a 2020 en virtud del art\u00edculo 5, apartado 1, punto 9, de la Ley del impuesto sobre sociedades y del impuesto sobre actividades econ\u00f3micas en virtud del art\u00edculo 3, apartado 6, de la Ley del impuesto sobre actividades econ\u00f3micas.<\/li>\n<li>Las cuotas de membres\u00eda son deducibles como las donaciones.<\/li>\n<\/ul>\n<h3>4. Nombre y funci\u00f3n de los principales responsables de la toma de decisiones<\/h3>\n<ul class=\"contentlist_ul\">\n<li>Im Vorstand von PowerShift e.V. sind Tine Laufer (gesch\u00e4ftsf\u00fchrende Vorst\u00e4ndin), Merle Groneweg, Nelly Grotefendt und Bernd Brouns. Beisitzer*innen sind Regine Richter, Michael Reckordt sowie Alessa Hartmann.<\/li>\n<\/ul>\n<h3>5. Informe de actividad<\/h3>\n<ul class=\"contentlist_ul\">\n<li>En el <a href=\"https:\/\/archiv.power-shift.de\/es\/\">p\u00e1gina de inicio<\/a> Encuentre una visi\u00f3n general de las actividades, publicaciones y noticias de PowerShift. Puede encontrar m\u00e1s informaci\u00f3n en nuestros informes anuales: <a href=\"https:\/\/archiv.power-shift.de\/wp-content\/uploads\/2025\/01\/PowerShift_Jahresbericht-2024.pdf\">2024<\/a> \/ <a href=\"https:\/\/archiv.power-shift.de\/wp-content\/uploads\/2024\/07\/Jahresbericht-2023.pdf\">2023<\/a> \/\u00a0<a href=\"https:\/\/archiv.power-shift.de\/wp-content\/uploads\/2023\/06\/Jahresbericht-2022.pdf\">2022<\/a> \/ <a href=\"https:\/\/archiv.power-shift.de\/wp-content\/uploads\/2022\/02\/Jahresbericht-2021.pdf\">2021<\/a> \/\u00a0<a href=\"https:\/\/archiv.power-shift.de\/wp-content\/uploads\/2021\/09\/Jahresbericht-2020.pdf\">2020<\/a> \/ <a href=\"https:\/\/archiv.power-shift.de\/wp-content\/uploads\/2020\/04\/Jahresbericht-2019.docx.pdf\">2019<\/a> \/ <a href=\"https:\/\/archiv.power-shift.de\/wp-content\/uploads\/2019\/06\/Jahrebericht-2018.pdf\">2018<\/a> \/\u00a0<a href=\"https:\/\/archiv.power-shift.de\/wp-content\/uploads\/2019\/05\/Jahrebericht-2017-1.pdf\">2017<\/a> \/ <a href=\"https:\/\/archiv.power-shift.de\/wp-content\/uploads\/2019\/05\/Jahrebericht-2016.pdf\">2016<\/a><\/li>\n<li>Tambi\u00e9n est\u00e1n nuestros <a href=\"https:\/\/archiv.power-shift.de\/es\/powershift-in-den-medien\/\">Revisi\u00f3n de prensa<\/a>, y <a href=\"https:\/\/archiv.power-shift.de\/es\/presse\/\">lanzamientos<\/a> por PowerShift.<\/li>\n<\/ul>\n<h3>6. Estructura del personal<\/h3>\n<ul class=\"contentlist_ul\">\n<li>2024 setzte sich das Team von PowerShift aus 14 Teilzeitkr\u00e4ften zwischen 25 % und 75 % zusammen (umgerechnet 8,5Vollzeitstellen) und wurde unterst\u00fctzt durch f\u00fcnf freie Mitarbeiter*innen. Zeitweise kommen auch Praktikant*innen hinzu: <a title=\"El equipo de foodwatch\" href=\"https:\/\/archiv.power-shift.de\/es\/ueber-uns\/\">equipo<\/a><\/li>\n<\/ul>\n<h3>7\/8. Informaci\u00f3n sobre el origen y la utilizaci\u00f3n de los fondos<\/h3>\n<p>PowerShift es una asociaci\u00f3n independiente, sin fines de lucro y financia una gran parte de los proyectos de las ollas de trabajo de educaci\u00f3n pol\u00edtica y fundaciones privadas, as\u00ed como de las contribuciones de los miembros patrocinadores, donaciones y fondos de la fundaci\u00f3n.<\/p>\n<h4><strong>Einnahmen 2024<\/strong><\/h4>\n<p>Die Einnahmen im Berichtsjahr 2024 betrugen insgesamt 849.773,27 \u20ac Euro. 90 % davon stammen aus projektabh\u00e4ngigen F\u00f6rdermitteln. So bezieht der Handelsbereich ein Gro\u00dfteil der F\u00f6rderung von der Landesstelle f\u00fcr Entwicklungszusammenarbeit (LEZ), von den Fundern for Fair Trade sowie durch Kofinanzierung \u00fcber Kooperationspartner*innen. Der Energie- und Klimabereich finanziert sich vorwiegend \u00fcber die LEZ. Der Bereich Rohstoffe wird\u00a0 aus Mitteln des F\u00f6rderprogramms entwicklungspolitische Bildung (FEB) sowie einer F\u00f6rderung durch die OLIN gGmbH\u00a0 und der European Climate Foundation (ECF) finanziert. Eine Liste aller Organisationen, die bisher Mittel zur Verf\u00fcgung gestellt haben, finden Sie unter \"Partner*innen\" in der Rubrik <a href=\"https:\/\/archiv.power-shift.de\/es\/ueber-uns\/\">Acerca de nosotros<\/a>. Ca. 73.000 Euro konnten wir \u00fcber Spenden, F\u00f6rdermitgliegschaften, Mitgliederbeitr\u00e4ge und Bu\u00dfgelder generieren. Die restlichen Einnahmen entstanden durch Publikationsverkauf, Teilnehmer*innenbeitrage und sonstige betriebliche Ertr\u00e4ge, wie Erstattungen \u00fcber das Aufwendungsausgleichsgesetz oder aus R\u00fccklagen.<\/p>\n<p><img loading=\"lazy\" decoding=\"async\" class=\"alignnone size-full wp-image-94129\" src=\"https:\/\/archiv.power-shift.de\/wp-content\/uploads\/2025\/07\/Einnahmen-2024.jpg\" alt=\"\" width=\"471\" height=\"288\" srcset=\"https:\/\/archiv.power-shift.de\/wp-content\/uploads\/2025\/07\/Einnahmen-2024.jpg 471w, https:\/\/archiv.power-shift.de\/wp-content\/uploads\/2025\/07\/Einnahmen-2024-18x12.jpg 18w\" sizes=\"auto, (max-width: 471px) 100vw, 471px\" \/><\/p>\n<h4><strong>Ausgaben 2024<\/strong><\/h4>\n<p>Die Ausgaben betrugen im Jahr 2024 insgesamt entsprechend der Einnahmen 849.773,27 \u20ac. Der gr\u00f6\u00dfte Posten im Gesamtbudget war mit etwa 67 % der Personalaufwand. 2024 wurden davon 14 Mitarbeiter*innen in Teilzeit finanziert. Etwa 22 % der Ausgaben ging in projektabh\u00e4ngige Ausgaben wie Honorare f\u00fcr freie Mitarbeiter*innen, Sach- und Reisekosten. Die restlichen 11 % wurden f\u00fcr allgemeine Sach- und Vereinskosten, wie Miete, B\u00fcrobedarf, etc. verwendet.<\/p>\n<p><img loading=\"lazy\" decoding=\"async\" class=\"alignnone size-full wp-image-94130\" src=\"https:\/\/archiv.power-shift.de\/wp-content\/uploads\/2025\/07\/Ausgaben-2024.jpg\" alt=\"\" width=\"475\" height=\"286\" srcset=\"https:\/\/archiv.power-shift.de\/wp-content\/uploads\/2025\/07\/Ausgaben-2024.jpg 475w, https:\/\/archiv.power-shift.de\/wp-content\/uploads\/2025\/07\/Ausgaben-2024-18x12.jpg 18w\" sizes=\"auto, (max-width: 475px) 100vw, 475px\" \/><\/p>\n<p>Encontrar\u00e1 una declaraci\u00f3n de ingresos detallada <a href=\"https:\/\/archiv.power-shift.de\/wp-content\/uploads\/2024\/07\/PowerShift-Bilanz-GuV_web.pdf\">aqu\u00ed.<\/a><\/p>\n<h3><\/h3>\n<h3>9. Afiliaci\u00f3n al Derecho de sociedades con terceros<\/h3>\n<ul class=\"contentlist_ul\">\n<li>PowerShift e.V. es una asociaci\u00f3n independiente sin \u00e1nimo de lucro que no est\u00e1 vinculada a terceros en virtud del Derecho de sociedades.<\/li>\n<\/ul>\n<h3>10. Los donantes m\u00e1s grandes<\/h3>\n<ul>\n<li>PowerShift e.V. recibe contribuciones financieras de las siguientes instituciones\/organizaciones, cada una de las cuales recibe m\u00e1s de 10% de los ingresos anuales: Programa de Educaci\u00f3n para la Pol\u00edtica de Desarrollo (FEB). Puede encontrar una lista de todas las organizaciones financieras hasta ahora en Nuestros socios en <a href=\"https:\/\/archiv.power-shift.de\/es\/ueber-uns\/\">Sobre nosotros.<\/a><\/li>\n<li>Donaciones de individuos u organizaciones que tienen m\u00e1s de 10% No se recibieron los ingresos anuales.<\/li>\n<\/ul>\n<\/div>\n<\/div><\/div><\/div><\/div><\/div>","protected":false},"excerpt":{"rendered":"<p>PowerShift unterst\u00fctzt die Initiative Transparente Zivilgesellschaft, eine Initiative f\u00fcr Transparenz bei gemeinn\u00fctzigen Organisationen. Hier finden Sie in zehn Punkten Informationen \u00fcber die Ziele von PowerShift, woher die Mittel stammen, wie [&hellip;]<\/p>","protected":false},"author":11,"featured_media":0,"parent":0,"menu_order":67,"comment_status":"closed","ping_status":"closed","template":"","meta":{"episode_type":"","audio_file":"","cover_image":"","cover_image_id":"","duration":"","filesize":"","date_recorded":"","explicit":"","block":"","itunes_episode_number":"","itunes_title":"","itunes_season_number":"","itunes_episode_type":"","filesize_raw":"","footnotes":""},"ppma_author":[235],"class_list":["post-19188","page","type-page","status-publish","hentry"],"_links":{"self":[{"href":"https:\/\/archiv.power-shift.de\/es\/wp-json\/wp\/v2\/pages\/19188","targetHints":{"allow":["GET"]}}],"collection":[{"href":"https:\/\/archiv.power-shift.de\/es\/wp-json\/wp\/v2\/pages"}],"about":[{"href":"https:\/\/archiv.power-shift.de\/es\/wp-json\/wp\/v2\/types\/page"}],"author":[{"embeddable":true,"href":"https:\/\/archiv.power-shift.de\/es\/wp-json\/wp\/v2\/users\/11"}],"replies":[{"embeddable":true,"href":"https:\/\/archiv.power-shift.de\/es\/wp-json\/wp\/v2\/comments?post=19188"}],"version-history":[{"count":3,"href":"https:\/\/archiv.power-shift.de\/es\/wp-json\/wp\/v2\/pages\/19188\/revisions"}],"predecessor-version":[{"id":94395,"href":"https:\/\/archiv.power-shift.de\/es\/wp-json\/wp\/v2\/pages\/19188\/revisions\/94395"}],"wp:attachment":[{"href":"https:\/\/archiv.power-shift.de\/es\/wp-json\/wp\/v2\/media?parent=19188"}],"wp:term":[{"taxonomy":"author","embeddable":true,"href":"https:\/\/archiv.power-shift.de\/es\/wp-json\/wp\/v2\/ppma_author?post=19188"}],"curies":[{"name":"wp","href":"https:\/\/api.w.org\/{rel}","templated":true}]}}