{"id":13174,"date":"2016-02-18T05:50:20","date_gmt":"2016-02-18T05:50:20","guid":{"rendered":"http:\/\/localhost\/wp32dev\/peak\/?page_id=13174"},"modified":"2025-09-25T15:44:14","modified_gmt":"2025-09-25T13:44:14","slug":"home-1-2-2","status":"publish","type":"page","link":"https:\/\/archiv.power-shift.de\/es\/","title":{"rendered":"PowerShift"},"content":{"rendered":"<div id=\"pl-13174\"  class=\"panel-layout\" ><div id=\"pg-13174-0\"  class=\"panel-grid panel-no-style\" ><div id=\"pgc-13174-0-0\"  class=\"panel-grid-cell\" ><div id=\"panel-13174-0-0-0\" class=\"so-panel widget widget_mo-heading panel-first-child panel-last-child\" data-index=\"0\" ><div\n\t\t\t\n\t\t\tclass=\"so-widget-mo-heading so-widget-mo-heading-default-d75171398898-13174\"\n\t\t\t\n\t\t>\n<div class=\"heading center\"><h3 class=\"title\">Con nuestra experiencia en comercio, materias primas y pol\u00edtica energ\u00e9tica, mostramos formas de salir de la crisis clim\u00e1tica<\/h3><\/div><\/div><\/div><\/div><\/div><div id=\"pg-13174-1\"  class=\"panel-grid panel-no-style\" ><div id=\"pgc-13174-1-0\"  class=\"panel-grid-cell\" ><div id=\"panel-13174-1-0-0\" class=\"so-panel widget widget_sow-image panel-first-child\" data-index=\"1\" ><div\n\t\t\t\n\t\t\tclass=\"so-widget-sow-image so-widget-sow-image-default-1b8513c5f0f2-13174\"\n\t\t\t\n\t\t>\n<div class=\"sow-image-container\">\n\t\t\t<a href=\"https:\/\/archiv.power-shift.de\/es\/handels-und-investitionspolitik\/\"\n\t\t\t\t\t>\n\t\t\t<img \n\tsrc=\"https:\/\/archiv.power-shift.de\/wp-content\/uploads\/2024\/10\/PowerShift-Handelspolitik-550x367.webp\" width=\"360\" height=\"240\" srcset=\"https:\/\/archiv.power-shift.de\/wp-content\/uploads\/2024\/10\/PowerShift-Handelspolitik-550x367.webp 550w, https:\/\/archiv.power-shift.de\/wp-content\/uploads\/2024\/10\/PowerShift-Handelspolitik-1024x682.webp 1024w, https:\/\/archiv.power-shift.de\/wp-content\/uploads\/2024\/10\/PowerShift-Handelspolitik-768x512.webp 768w, https:\/\/archiv.power-shift.de\/wp-content\/uploads\/2024\/10\/PowerShift-Handelspolitik-1536x1024.webp 1536w, https:\/\/archiv.power-shift.de\/wp-content\/uploads\/2024\/10\/PowerShift-Handelspolitik-2048x1365.webp 2048w, https:\/\/archiv.power-shift.de\/wp-content\/uploads\/2024\/10\/PowerShift-Handelspolitik-1920x1280.webp 1920w, https:\/\/archiv.power-shift.de\/wp-content\/uploads\/2024\/10\/PowerShift-Handelspolitik-600x400.webp 600w, https:\/\/archiv.power-shift.de\/wp-content\/uploads\/2024\/10\/PowerShift-Handelspolitik-272x182.webp 272w\" sizes=\"(max-width: 360px) 100vw, 360px\" style=\"width: 360px; height: 240px;\" title=\"Pol\u00edtica comercial de PowerShift\" alt=\"Terminal de contenedores\" \t\tclass=\"so-widget-image\"\/>\n\t\t\t<\/a><\/div>\n\n<\/div><\/div><div id=\"panel-13174-1-0-1\" class=\"so-panel widget widget_sow-editor panel-last-child\" data-index=\"2\" ><div\n\t\t\t\n\t\t\tclass=\"so-widget-sow-editor so-widget-sow-editor-base\"\n\t\t\t\n\t\t><h3 class=\"widget-title\">Pol\u00edtica de comercio e inversi\u00f3n<\/h3>\n<div class=\"siteorigin-widget-tinymce textwidget\">\n\t<p>La pol\u00edtica global de comercio e inversi\u00f3n tiene un gran impacto en c\u00f3mo se ve nuestro mundo. Con demasiada frecuencia, la pol\u00edtica negocia de una manera no transparente y en inter\u00e9s de las corporaciones globales. Ignora a los grupos de inter\u00e9s social y pone el crecimiento de las exportaciones por encima de los est\u00e1ndares ambientales y de derechos humanos. Estamos comprometidos con un comercio mundial solidario-ambiental y con la justicia clim\u00e1tica. Para limitar la crisis clim\u00e1tica, debemos luchar por una pol\u00edtica comercial y de inversi\u00f3n m\u00e1s justa desde el punto de vista medioambiental y social.<\/p>\n<p><a href=\"https:\/\/archiv.power-shift.de\/es\/handels-und-investitionspolitik\/\">M\u00e1s informaci\u00f3n sobre nuestro trabajo en materia de pol\u00edtica comercial<\/a><\/p>\n<\/div>\n<\/div><\/div><\/div><div id=\"pgc-13174-1-1\"  class=\"panel-grid-cell\" ><div id=\"panel-13174-1-1-0\" class=\"so-panel widget widget_sow-image panel-first-child\" data-index=\"3\" ><div\n\t\t\t\n\t\t\tclass=\"so-widget-sow-image so-widget-sow-image-default-1b8513c5f0f2-13174\"\n\t\t\t\n\t\t>\n<div class=\"sow-image-container\">\n\t\t\t<a href=\"https:\/\/archiv.power-shift.de\/es\/rohstoffpolitik\/\"\n\t\t\t\t\t>\n\t\t\t<img \n\tsrc=\"https:\/\/archiv.power-shift.de\/wp-content\/uploads\/2019\/05\/Rohstoffbild-e1676898043703-550x389.jpg\" width=\"360\" height=\"240\" srcset=\"https:\/\/archiv.power-shift.de\/wp-content\/uploads\/2019\/05\/Rohstoffbild-e1676898043703-550x389.jpg 550w, https:\/\/archiv.power-shift.de\/wp-content\/uploads\/2019\/05\/Rohstoffbild-e1676898043703-768x543.jpg 768w, https:\/\/archiv.power-shift.de\/wp-content\/uploads\/2019\/05\/Rohstoffbild-e1676898043703-600x424.jpg 600w, https:\/\/archiv.power-shift.de\/wp-content\/uploads\/2019\/05\/Rohstoffbild-e1676898043703.jpg 899w\" sizes=\"(max-width: 339px) 100vw, 339px\" style=\"width: 360px; height: 240px;\" title=\"Vista de la miner\u00eda a cielo abierto\" alt=\"Vista de la miner\u00eda a cielo abierto\" \t\tclass=\"so-widget-image\"\/>\n\t\t\t<\/a><\/div>\n\n<\/div><\/div><div id=\"panel-13174-1-1-1\" class=\"so-panel widget widget_sow-editor panel-last-child\" data-index=\"4\" ><div\n\t\t\t\n\t\t\tclass=\"so-widget-sow-editor so-widget-sow-editor-base\"\n\t\t\t\n\t\t><h3 class=\"widget-title\">Pol\u00edtica de materias primas<\/h3>\n<div class=\"siteorigin-widget-tinymce textwidget\">\n\t<p>La miner\u00eda y el procesamiento de metales y minerales causan enormes problemas ambientales y de derechos humanos. Si bien los riesgos y problemas de la extracci\u00f3n de materias primas a menudo ocurren en los pa\u00edses del Sur Global, la mayor\u00eda de los productos y ganancias fluyen hacia el Norte Global. Ponemos la cuesti\u00f3n de las materias primas en la agenda pol\u00edtica m\u00e1s all\u00e1 del discurso industrial sobre la \u00abseguridad del suministro\u00bb. Para proteger el medio ambiente, el clima y los derechos humanos, debemos iniciar una transici\u00f3n de las materias primas.<\/p>\n<p><a href=\"https:\/\/archiv.power-shift.de\/es\/rohstoffpolitik\/\">M\u00e1s informaci\u00f3n sobre nuestro trabajo en materia de pol\u00edtica de materias primas<\/a><\/p>\n<\/div>\n<\/div><\/div><\/div><div id=\"pgc-13174-1-2\"  class=\"panel-grid-cell\" ><div id=\"panel-13174-1-2-0\" class=\"so-panel widget widget_sow-image panel-first-child\" data-index=\"5\" ><div\n\t\t\t\n\t\t\tclass=\"so-widget-sow-image so-widget-sow-image-default-1b8513c5f0f2-13174\"\n\t\t\t\n\t\t>\n<div class=\"sow-image-container\">\n\t\t\t<a href=\"https:\/\/archiv.power-shift.de\/es\/klimapolitik\/\"\n\t\t\t\t\t>\n\t\t\t<img \n\tsrc=\"https:\/\/archiv.power-shift.de\/wp-content\/uploads\/2022\/12\/SLS_Liquid_Hydrogen_Fuel_Tank-550x367.jpg\" width=\"360\" height=\"240\" srcset=\"https:\/\/archiv.power-shift.de\/wp-content\/uploads\/2022\/12\/SLS_Liquid_Hydrogen_Fuel_Tank-550x367.jpg 550w, https:\/\/archiv.power-shift.de\/wp-content\/uploads\/2022\/12\/SLS_Liquid_Hydrogen_Fuel_Tank-600x400.jpg 600w, https:\/\/archiv.power-shift.de\/wp-content\/uploads\/2022\/12\/SLS_Liquid_Hydrogen_Fuel_Tank-768x512.jpg 768w, https:\/\/archiv.power-shift.de\/wp-content\/uploads\/2022\/12\/SLS_Liquid_Hydrogen_Fuel_Tank-272x182.jpg 272w, https:\/\/archiv.power-shift.de\/wp-content\/uploads\/2022\/12\/SLS_Liquid_Hydrogen_Fuel_Tank.jpg 1024w\" sizes=\"(max-width: 360px) 100vw, 360px\" style=\"width: 360px; height: 240px;\" title=\"Aqu\u00ed, un enorme tanque de hidr\u00f3geno l\u00edquido se mueve a trav\u00e9s de una nave industrial. \" alt=\"Tanque de hidr\u00f3geno\" \t\tclass=\"so-widget-image\"\/>\n\t\t\t<\/a><\/div>\n\n<\/div><\/div><div id=\"panel-13174-1-2-1\" class=\"so-panel widget widget_sow-editor panel-last-child\" data-index=\"6\" ><div\n\t\t\t\n\t\t\tclass=\"so-widget-sow-editor so-widget-sow-editor-base\"\n\t\t\t\n\t\t><h3 class=\"widget-title\">Pol\u00edtica energ\u00e9tica<\/h3>\n<div class=\"siteorigin-widget-tinymce textwidget\">\n\t<p>Nuestra movilidad y consumo de energ\u00eda tienen una dimensi\u00f3n de desarrollo. Por ejemplo, las materias primas para los procesos de cambio necesarios en el Norte Global a menudo se extraen bajo est\u00e1ndares ecol\u00f3gicos y de derechos humanos deficientes en el Sur Global. Nos ocupamos de la demanda demasiado alta de materias primas y mostramos c\u00f3mo el cambio puede tener \u00e9xito a largo plazo. Brindamos apoyo cr\u00edtico para el desarrollo de la infraestructura de hidr\u00f3geno. En aras de la justicia clim\u00e1tica, debemos iniciar una transici\u00f3n energ\u00e9tica y de movilidad.<\/p>\n<p><a href=\"https:\/\/archiv.power-shift.de\/es\/klimapolitik\/\">M\u00e1s informaci\u00f3n sobre nuestro trabajo en materia de pol\u00edtica energ\u00e9tica<\/a><\/p>\n<\/div>\n<\/div><\/div><\/div><\/div><div id=\"pg-13174-2\"  class=\"panel-grid panel-has-style\" ><div class=\"lsow-row panel-row-style panel-row-style-for-13174-2\" id=\"charity-intro\" ><div id=\"pgc-13174-2-0\"  class=\"panel-grid-cell\" ><div id=\"panel-13174-2-0-0\" class=\"so-panel widget widget_mo-heading panel-first-child\" data-index=\"7\" ><div class=\"panel-widget-style panel-widget-style-for-13174-2-0-0\" ><div\n\t\t\t\n\t\t\tclass=\"so-widget-mo-heading so-widget-mo-heading-default-d75171398898-13174\"\n\t\t\t\n\t\t>\n<div class=\"heading center dashed\"><h3 class=\"title\">\u00bfQu\u00e9 novedades hay en el comercio, las materias primas y la pol\u00edtica energ\u00e9tica?<\/h3><\/div><\/div><\/div><\/div><div id=\"panel-13174-2-0-1\" class=\"so-panel widget widget_mo-button\" data-index=\"8\" ><div\n\t\t\t\n\t\t\tclass=\"so-widget-mo-button so-widget-mo-button-default-d75171398898-13174\"\n\t\t\t\n\t\t><div class=\"button-wrap\" style=\"text-align:center;float:center;\"><a class= \"button  default large\" href=\"https:\/\/archiv.power-shift.de\/es\/webserie-basta-feministische-stimmen-zu-eu-handelsabkommen-mit-lateinamerika\/\" target=\"_blank\">Serie web: \u00a1BASTA! \u2013 Voces feministas sobre los acuerdos comerciales de la UE con Am\u00e9rica Latina<\/a><\/div><\/div><\/div><div id=\"panel-13174-2-0-2\" class=\"so-panel widget widget_lsow-portfolio\" data-index=\"9\" ><div\n\t\t\t\n\t\t\tclass=\"so-widget-lsow-portfolio so-widget-lsow-portfolio-default-f15dd5c1a211-13174\"\n\t\t\t\n\t\t><div class=\"lsow-portfolio-wrap lsow-gapless-grid\"><div id=\"lsow-portfolio-69fb0688152e3\" class=\"lsow-portfolio js-isotope lsow-fitRows lsow-grid-container  lsow-grid-desktop-4 lsow-grid-tablet-2 lsow-grid-mobile-1\" data-isotope-options='{ \"itemSelector\": \".lsow-portfolio-item\", \"layoutMode\": \"fitRows\"}'><div data-id=\"id-94359\" class=\"lsow-grid-item lsow-portfolio-item  term-87 term-379\"><article id=\"post-94359\" class=\"post-94359 post type-post status-publish format-standard has-post-thumbnail hentry category-handels-u-investitionspolitik category-publikation tag-investitionsschutz tag-isds tag-konzernklagen tag-schiedsklagen\"><div class=\"lsow-project-image\"><a href=\"https:\/\/archiv.power-shift.de\/es\/konzernklagen_hebeln_demokratien_aus\/\" target=\"_self\"><img fetchpriority=\"high\" decoding=\"async\" width=\"550\" height=\"400\" src=\"https:\/\/archiv.power-shift.de\/wp-content\/uploads\/2025\/09\/Oel_Raffinerie-550x400.jpg\" class=\"lsow-image skip-lazy no-lazyload exclude-me a3-notlazy wp-post-image\" alt=\"\u00d6l Raffinerie\" data-no-lazy=\"1\" loading=\"eager\" srcset=\"https:\/\/archiv.power-shift.de\/wp-content\/uploads\/2025\/09\/Oel_Raffinerie-550x400.jpg 550w, https:\/\/archiv.power-shift.de\/wp-content\/uploads\/2025\/09\/Oel_Raffinerie-18x12.jpg 18w\" sizes=\"(max-width: 550px) 100vw, 550px\" \/><\/a><div class=\"lsow-image-info\"><div class=\"lsow-entry-info\"><h3 class=\"lsow-post-title\"><a href=\"https:\/\/archiv.power-shift.de\/es\/konzernklagen_hebeln_demokratien_aus\/\" title=\"Neue Studie: 10 Beispiele wie Konzernklagen die Demokratie aushebeln\" target=\"_self\" rel=\"bookmark\">Neue Studie: 10 Beispiele wie Konzernklagen die Demokratie aushebeln<\/a><\/h3><\/div><\/div><!-- .lsow-image-info --><\/div><div class=\"lsow-entry-text-wrap\"><h3 class=\"entry-title\"><a href=\"https:\/\/archiv.power-shift.de\/es\/konzernklagen_hebeln_demokratien_aus\/\" title=\"Neue Studie: 10 Beispiele wie Konzernklagen die Demokratie aushebeln\" target=\"_self\" rel=\"bookmark\">Neue Studie: 10 Beispiele wie Konzernklagen die Demokratie aushebeln<\/a><\/h3><\/div><\/article><!-- .hentry --><\/div><div data-id=\"id-94349\" class=\"lsow-grid-item lsow-portfolio-item  term-196\"><article id=\"post-94349\" class=\"post-94349 post type-post status-publish format-standard has-post-thumbnail hentry category-pressemitteilung tag-investor-staat-schiedsverfahren tag-isds tag-konzernklagen tag-konzernmacht\"><div class=\"lsow-project-image\"><a href=\"https:\/\/archiv.power-shift.de\/es\/isds_klagen_hebeln_demokratie_aus\/\" target=\"_self\"><img decoding=\"async\" width=\"550\" height=\"400\" src=\"https:\/\/archiv.power-shift.de\/wp-content\/uploads\/2025\/09\/Konzerne-550x400.jpg\" class=\"lsow-image skip-lazy no-lazyload exclude-me a3-notlazy wp-post-image\" alt=\"Konzerngeb\u00e4ude von au\u00dfen.\" data-no-lazy=\"1\" loading=\"eager\" \/><\/a><div class=\"lsow-image-info\"><div class=\"lsow-entry-info\"><h3 class=\"lsow-post-title\"><a href=\"https:\/\/archiv.power-shift.de\/es\/isds_klagen_hebeln_demokratie_aus\/\" title=\"Neue Studie: 10 Beispiele wie Konzernklagen die Demokratie aushebeln\" target=\"_self\" rel=\"bookmark\">Neue Studie: 10 Beispiele wie Konzernklagen die Demokratie aushebeln<\/a><\/h3><\/div><\/div><!-- .lsow-image-info --><\/div><div class=\"lsow-entry-text-wrap\"><h3 class=\"entry-title\"><a href=\"https:\/\/archiv.power-shift.de\/es\/isds_klagen_hebeln_demokratie_aus\/\" title=\"Neue Studie: 10 Beispiele wie Konzernklagen die Demokratie aushebeln\" target=\"_self\" rel=\"bookmark\">Neue Studie: 10 Beispiele wie Konzernklagen die Demokratie aushebeln<\/a><\/h3><\/div><\/article><!-- .hentry --><\/div><div data-id=\"id-94333\" class=\"lsow-grid-item lsow-portfolio-item  term-196\"><article id=\"post-94333\" class=\"post-94333 post type-post status-publish format-standard has-post-thumbnail hentry category-pressemitteilung tag-eu tag-handelsabkommen tag-mercosur tag-mexiko\"><div class=\"lsow-project-image\"><a href=\"https:\/\/archiv.power-shift.de\/es\/kampagne_gegen_eu_lateinamerika_handelsabkommen\/\" target=\"_self\"><img decoding=\"async\" width=\"550\" height=\"400\" src=\"https:\/\/archiv.power-shift.de\/wp-content\/uploads\/2025\/09\/Wald_abgeholzt-550x400.jpg\" class=\"lsow-image skip-lazy no-lazyload exclude-me a3-notlazy wp-post-image\" alt=\"Abgeholzter Wald\" data-no-lazy=\"1\" loading=\"eager\" \/><\/a><div class=\"lsow-image-info\"><div class=\"lsow-entry-info\"><h3 class=\"lsow-post-title\"><a href=\"https:\/\/archiv.power-shift.de\/es\/kampagne_gegen_eu_lateinamerika_handelsabkommen\/\" title=\"\u201eStoppt giftigen Handel!\u201c \u2013 \u00dcber 50 Organisationen starten Kampagne gegen Handelsabkommen zwischen EU &#038; Lateinamerika\" target=\"_self\" rel=\"bookmark\">\u201eStoppt giftigen Handel!\u201c \u2013 \u00dcber 50 Organisationen starten Kampagne gegen Handelsabkommen zwischen EU &#038; Lateinamerika<\/a><\/h3><\/div><\/div><!-- .lsow-image-info --><\/div><div class=\"lsow-entry-text-wrap\"><h3 class=\"entry-title\"><a href=\"https:\/\/archiv.power-shift.de\/es\/kampagne_gegen_eu_lateinamerika_handelsabkommen\/\" title=\"\u201eStoppt giftigen Handel!\u201c \u2013 \u00dcber 50 Organisationen starten Kampagne gegen Handelsabkommen zwischen EU &#038; Lateinamerika\" target=\"_self\" rel=\"bookmark\">\u201eStoppt giftigen Handel!\u201c \u2013 \u00dcber 50 Organisationen starten Kampagne gegen Handelsabkommen zwischen EU &#038; Lateinamerika<\/a><\/h3><\/div><\/article><!-- .hentry --><\/div><div data-id=\"id-94322\" class=\"lsow-grid-item lsow-portfolio-item  term-196\"><article id=\"post-94322\" class=\"post-94322 post type-post status-publish format-standard has-post-thumbnail hentry category-pressemitteilung tag-ccs tag-kohlendioxid tag-kspg\"><div class=\"lsow-project-image\"><a href=\"https:\/\/archiv.power-shift.de\/es\/powershift-kritisiert-kohlendioxidspeicherungsgesetz-entwurf\/\" target=\"_self\"><img decoding=\"async\" width=\"550\" height=\"400\" src=\"https:\/\/archiv.power-shift.de\/wp-content\/uploads\/2025\/09\/Pipelines-550x400.jpg\" class=\"lsow-image skip-lazy no-lazyload exclude-me a3-notlazy wp-post-image\" alt=\"Pipelines\" data-no-lazy=\"1\" loading=\"eager\" \/><\/a><div class=\"lsow-image-info\"><div class=\"lsow-entry-info\"><h3 class=\"lsow-post-title\"><a href=\"https:\/\/archiv.power-shift.de\/es\/powershift-kritisiert-kohlendioxidspeicherungsgesetz-entwurf\/\" title=\"PowerShift kritisiert Kohlendioxidspeicherungsgesetz-Entwurf\" target=\"_self\" rel=\"bookmark\">PowerShift kritisiert Kohlendioxidspeicherungsgesetz-Entwurf<\/a><\/h3><\/div><\/div><!-- .lsow-image-info --><\/div><div class=\"lsow-entry-text-wrap\"><h3 class=\"entry-title\"><a href=\"https:\/\/archiv.power-shift.de\/es\/powershift-kritisiert-kohlendioxidspeicherungsgesetz-entwurf\/\" title=\"PowerShift kritisiert Kohlendioxidspeicherungsgesetz-Entwurf\" target=\"_self\" rel=\"bookmark\">PowerShift kritisiert Kohlendioxidspeicherungsgesetz-Entwurf<\/a><\/h3><\/div><\/article><!-- .hentry --><\/div><\/div><!-- .lsow-portfolio --><\/div><!-- .lsow-portfolio-wrap --><\/div><\/div><div id=\"panel-13174-2-0-3\" class=\"so-panel widget widget_mo-button\" data-index=\"10\" ><div\n\t\t\t\n\t\t\tclass=\"so-widget-mo-button so-widget-mo-button-default-d75171398898-94322\"\n\t\t\t\n\t\t><div class=\"button-wrap\" style=\"text-align:center;float:center;\"><a class= \"button  default large\" style=\"text-align:center\" href=\"https:\/\/archiv.power-shift.de\/es\/alle-beitraege\/\" target=\"_blank\">Todos los mensajes<\/a><\/div><\/div><\/div><div id=\"panel-13174-2-0-4\" class=\"so-panel widget widget_mo-heading\" data-index=\"11\" ><div class=\"panel-widget-style panel-widget-style-for-13174-2-0-4\" ><div\n\t\t\t\n\t\t\tclass=\"so-widget-mo-heading so-widget-mo-heading-default-d75171398898-94322\"\n\t\t\t\n\t\t>\n<div class=\"heading center dashed\"><h3 class=\"title\">Fechas actuales - hora de las preguntas<\/h3><\/div><\/div><\/div><\/div><div id=\"panel-13174-2-0-5\" class=\"widget_text so-panel widget widget_custom_html\" data-index=\"12\" ><div class=\"widget_text homepage-events panel-widget-style panel-widget-style-for-13174-2-0-5\" ><div class=\"textwidget custom-html-widget\"><div id=\"ect-no-events\"><p>Keine kommenden Termine vorhanden<\/p><\/div><\/div><\/div><\/div><div id=\"panel-13174-2-0-6\" class=\"so-panel widget widget_mo-button panel-last-child\" data-index=\"13\" ><div\n\t\t\t\n\t\t\tclass=\"so-widget-mo-button so-widget-mo-button-default-d75171398898-94322\"\n\t\t\t\n\t\t><div class=\"button-wrap\" style=\"text-align:center;float:center;\"><a class= \"button  default large\" href=\"https:\/\/archiv.power-shift.de\/es\/termine\/\" target=\"_blank\">Todas las fechas<\/a><\/div><\/div><\/div><\/div><\/div><\/div><div id=\"pg-13174-3\"  class=\"panel-grid panel-no-style\" ><div id=\"pgc-13174-3-0\"  class=\"panel-grid-cell\" ><div id=\"panel-13174-3-0-0\" class=\"so-panel widget widget_mo-heading panel-first-child panel-last-child\" data-index=\"14\" ><div class=\"panel-widget-style panel-widget-style-for-13174-3-0-0\" ><div\n\t\t\t\n\t\t\tclass=\"so-widget-mo-heading so-widget-mo-heading-default-d75171398898-94322\"\n\t\t\t\n\t\t>\n<div class=\"heading center dashed\"><h3 class=\"title\">\u00bfTe gustar\u00eda apoyarnos? \u00a1Estamos buscando refuerzos!<\/h3><\/div><\/div><\/div><\/div><\/div><\/div><div id=\"pg-13174-4\"  class=\"panel-grid panel-no-style\" ><div id=\"pgc-13174-4-0\"  class=\"panel-grid-cell\" ><div id=\"panel-13174-4-0-0\" class=\"so-panel widget widget_sow-editor panel-first-child\" data-index=\"15\" ><div\n\t\t\t\n\t\t\tclass=\"so-widget-sow-editor so-widget-sow-editor-base\"\n\t\t\t\n\t\t>\n<div class=\"siteorigin-widget-tinymce textwidget\">\n\t<p>Wir suchen ein*e Werkstudent*in f\u00fcr unser Klimateam ab dem 1. September. Wir freuen uns auf aussagekr\u00e4ftige Bewerbungen. Einfach auf die Ausschreibung schauen und bewerben.<\/p>\n<\/div>\n<\/div><\/div><div id=\"panel-13174-4-0-1\" class=\"so-panel widget widget_mo-button\" data-index=\"16\" ><div\n\t\t\t\n\t\t\tclass=\"so-widget-mo-button so-widget-mo-button-default-d75171398898-94322\"\n\t\t\t\n\t\t><div class=\"button-wrap\" style=\"text-align:center;float:center;\"><a class= \"button  default large\" href=\"https:\/\/archiv.power-shift.de\/es\/ausschreibung-werkstudentin-bodengerechtigkeit\/\" target=\"_blank\">Werkstudent*in im Bereich Klimapolitik ab 1. September<\/a><\/div><\/div><\/div><div id=\"panel-13174-4-0-2\" class=\"so-panel widget widget_sow-editor\" data-index=\"17\" ><div\n\t\t\t\n\t\t\tclass=\"so-widget-sow-editor so-widget-sow-editor-base\"\n\t\t\t\n\t\t>\n<div class=\"siteorigin-widget-tinymce textwidget\">\n\t<p>Wir suchen ein*e Praktikant*in f\u00fcr unser Rohstoffteam ab dem 1. September. Wir freuen uns auf aussagekr\u00e4ftige Bewerbungen. Einfach auf die Ausschreibung schauen und bewerben.<\/p>\n<\/div>\n<\/div><\/div><div id=\"panel-13174-4-0-3\" class=\"so-panel widget widget_mo-button\" data-index=\"18\" ><div\n\t\t\t\n\t\t\tclass=\"so-widget-mo-button so-widget-mo-button-default-d75171398898-94322\"\n\t\t\t\n\t\t><div class=\"button-wrap\" style=\"text-align:center;float:center;\"><a class= \"button  default large\" href=\"https:\/\/archiv.power-shift.de\/es\/ausschreibung-praktikum-rohstoffpolitik-september-2025\/\" target=\"_blank\">Praktikum im Bereich Rohstoffpolitik ab 1. September<\/a><\/div><\/div><\/div><div id=\"panel-13174-4-0-4\" class=\"so-panel widget widget_sow-editor\" data-index=\"19\" ><div\n\t\t\t\n\t\t\tclass=\"so-widget-sow-editor so-widget-sow-editor-base\"\n\t\t\t\n\t\t>\n<div class=\"siteorigin-widget-tinymce textwidget\">\n\t<p>Estamos buscando pasantes para apoyar a nuestros equipos. Esperamos recibir solicitudes significativas. No hay fecha l\u00edmite de solicitud. Basta con mirar la convocatoria de solicitudes y aplicar.<\/p>\n<\/div>\n<\/div><\/div><div id=\"panel-13174-4-0-5\" class=\"so-panel widget widget_mo-button\" data-index=\"20\" ><div\n\t\t\t\n\t\t\tclass=\"so-widget-mo-button so-widget-mo-button-default-d75171398898-94322\"\n\t\t\t\n\t\t><div class=\"button-wrap\" style=\"text-align:center;float:center;\"><a class= \"button  default large\" href=\"https:\/\/archiv.power-shift.de\/es\/praktikum\/\" target=\"_blank\">Ir a la pasant\u00eda de PowerShift<\/a><\/div><\/div><\/div><div id=\"panel-13174-4-0-6\" class=\"so-panel widget widget_sow-editor\" data-index=\"21\" ><div\n\t\t\t\n\t\t\tclass=\"so-widget-sow-editor so-widget-sow-editor-base\"\n\t\t\t\n\t\t>\n<div class=\"siteorigin-widget-tinymce textwidget\">\n\t<p>Estamos buscando voluntarios para nuestro equipo de voluntarios de redes sociales. \u00a1Estamos luchando contra las noticias falsas sobre el clima contigo! No hay fecha l\u00edmite de solicitud. Basta con mirar la convocatoria de solicitudes y aplicar.<\/p>\n<\/div>\n<\/div><\/div><div id=\"panel-13174-4-0-7\" class=\"so-panel widget widget_mo-button panel-last-child\" data-index=\"22\" ><div\n\t\t\t\n\t\t\tclass=\"so-widget-mo-button so-widget-mo-button-default-d75171398898-94322\"\n\t\t\t\n\t\t><div class=\"button-wrap\" style=\"text-align:center;float:center;\"><a class= \"button  default large\" href=\"https:\/\/archiv.power-shift.de\/wp-content\/uploads\/2024\/07\/Freiwilligensuche_PowerShift.pdf\" target=\"_blank\">Inscr\u00edbete ahora<\/a><\/div><\/div><\/div><\/div><\/div><div id=\"pg-13174-5\"  class=\"panel-grid panel-has-style\" ><div class=\"siteorigin-panels-stretch panel-row-style panel-row-style-for-13174-5\" data-stretch-type=\"full\" ><div id=\"pgc-13174-5-0\"  class=\"panel-grid-cell\" ><div id=\"panel-13174-5-0-0\" class=\"so-panel widget widget_sow-image panel-first-child panel-last-child\" data-index=\"23\" ><div\n\t\t\t\n\t\t\tclass=\"so-widget-sow-image so-widget-sow-image-default-8b5b6f678277-94322\"\n\t\t\t\n\t\t>\n<div class=\"sow-image-container\">\n\t\t\t<a href=\"https:\/\/archiv.power-shift.de\/es\/newsletter-bestellen\/\"\n\t\t\t\t\t>\n\t\t\t<img \n\tsrc=\"https:\/\/archiv.power-shift.de\/wp-content\/uploads\/2024\/08\/PowerShift-Newsletter.png\" width=\"1366\" height=\"768\" srcset=\"https:\/\/archiv.power-shift.de\/wp-content\/uploads\/2024\/08\/PowerShift-Newsletter.png 1366w, https:\/\/archiv.power-shift.de\/wp-content\/uploads\/2024\/08\/PowerShift-Newsletter-550x309.png 550w, https:\/\/archiv.power-shift.de\/wp-content\/uploads\/2024\/08\/PowerShift-Newsletter-1024x576.png 1024w, https:\/\/archiv.power-shift.de\/wp-content\/uploads\/2024\/08\/PowerShift-Newsletter-768x432.png 768w, https:\/\/archiv.power-shift.de\/wp-content\/uploads\/2024\/08\/PowerShift-Newsletter-600x337.png 600w\" sizes=\"(max-width: 1366px) 100vw, 1366px\" title=\"Bolet\u00edn de noticias de PowerShift\" alt=\"Bolet\u00edn de Publicidad PowerShift Registro\" \t\tclass=\"so-widget-image\"\/>\n\t\t\t<\/a><\/div>\n\n<\/div><\/div><\/div><\/div><\/div><\/div>","protected":false},"excerpt":{"rendered":"<p>Nuestro objetivo es una econom\u00eda global m\u00e1s ecol\u00f3gica y socialmente justa. Para ello, utilizamos nuestra experiencia en comercio, materias primas y pol\u00edtica clim\u00e1tica.<\/p>","protected":false},"author":2,"featured_media":0,"parent":0,"menu_order":8,"comment_status":"closed","ping_status":"closed","template":"","meta":{"episode_type":"","audio_file":"","cover_image":"","cover_image_id":"","duration":"","filesize":"","date_recorded":"","explicit":"","block":"","itunes_episode_number":"","itunes_title":"","itunes_season_number":"","itunes_episode_type":"","filesize_raw":"","footnotes":""},"ppma_author":[264],"class_list":["post-13174","page","type-page","status-publish","hentry"],"_links":{"self":[{"href":"https:\/\/archiv.power-shift.de\/es\/wp-json\/wp\/v2\/pages\/13174","targetHints":{"allow":["GET"]}}],"collection":[{"href":"https:\/\/archiv.power-shift.de\/es\/wp-json\/wp\/v2\/pages"}],"about":[{"href":"https:\/\/archiv.power-shift.de\/es\/wp-json\/wp\/v2\/types\/page"}],"author":[{"embeddable":true,"href":"https:\/\/archiv.power-shift.de\/es\/wp-json\/wp\/v2\/users\/2"}],"replies":[{"embeddable":true,"href":"https:\/\/archiv.power-shift.de\/es\/wp-json\/wp\/v2\/comments?post=13174"}],"version-history":[{"count":6,"href":"https:\/\/archiv.power-shift.de\/es\/wp-json\/wp\/v2\/pages\/13174\/revisions"}],"predecessor-version":[{"id":93982,"href":"https:\/\/archiv.power-shift.de\/es\/wp-json\/wp\/v2\/pages\/13174\/revisions\/93982"}],"wp:attachment":[{"href":"https:\/\/archiv.power-shift.de\/es\/wp-json\/wp\/v2\/media?parent=13174"}],"wp:term":[{"taxonomy":"author","embeddable":true,"href":"https:\/\/archiv.power-shift.de\/es\/wp-json\/wp\/v2\/ppma_author?post=13174"}],"curies":[{"name":"wp","href":"https:\/\/api.w.org\/{rel}","templated":true}]}}