{"id":80413,"date":"2022-08-16T12:30:41","date_gmt":"2022-08-16T10:30:41","guid":{"rendered":"https:\/\/power-shift.de\/?post_type=product&#038;p=80413"},"modified":"2025-09-25T12:23:06","modified_gmt":"2025-09-25T10:23:06","slug":"teilnahmeticket-pck-schwedt-tour","status":"publish","type":"product","link":"https:\/\/archiv.power-shift.de\/en\/product\/teilnahmeticket-pck-schwedt-tour\/","title":{"rendered":"Registration for the Infotour PCK Schwedt\/Unteres Odertal Fr. 26.8.2022"},"content":{"rendered":"","protected":false},"excerpt":{"rendered":"<p>Bitte melden Sie sich hier an.\u00a0 Schlie\u00dfen Sie Ihre Anmeldung bitte im &#8220;Warenkorb&#8221; ab.<br \/>\nBitte vermerken Sie in den Anmerkungen, ob Sie die Fahrradtour von Angerm\u00fcnde bis Schwedt mitfahren und\/oder wann Sie ggf. sonst zur Tour dazu sto\u00dfen m\u00f6chten.<\/p>\n<p>Eine Abrechnung des TN-Beitrages erfolgt gesondert! Teilen Sie uns aber ggf. schon mit, ob Sie eine Erm\u00e4\u00dfigung beim TN-Beitrag ben\u00f6tigen. Am Geld soll&#8217;s nicht scheitern!<\/p>","protected":false},"featured_media":80410,"template":"","meta":{"episode_type":"","audio_file":"","cover_image":"","cover_image_id":"","duration":"","filesize":"","date_recorded":"","explicit":"","block":"","itunes_episode_number":"","itunes_title":"","itunes_season_number":"","itunes_episode_type":"","filesize_raw":""},"product_brand":[],"product_cat":[38],"product_tag":[],"class_list":{"0":"post-80413","1":"product","2":"type-product","3":"status-publish","4":"has-post-thumbnail","6":"product_cat-sonstiges","8":"first","9":"outofstock","10":"shipping-taxable","11":"purchasable","12":"product-type-simple"},"_links":{"self":[{"href":"https:\/\/archiv.power-shift.de\/en\/wp-json\/wp\/v2\/product\/80413","targetHints":{"allow":["GET"]}}],"collection":[{"href":"https:\/\/archiv.power-shift.de\/en\/wp-json\/wp\/v2\/product"}],"about":[{"href":"https:\/\/archiv.power-shift.de\/en\/wp-json\/wp\/v2\/types\/product"}],"wp:featuredmedia":[{"embeddable":true,"href":"https:\/\/archiv.power-shift.de\/en\/wp-json\/wp\/v2\/media\/80410"}],"wp:attachment":[{"href":"https:\/\/archiv.power-shift.de\/en\/wp-json\/wp\/v2\/media?parent=80413"}],"wp:term":[{"taxonomy":"product_brand","embeddable":true,"href":"https:\/\/archiv.power-shift.de\/en\/wp-json\/wp\/v2\/product_brand?post=80413"},{"taxonomy":"product_cat","embeddable":true,"href":"https:\/\/archiv.power-shift.de\/en\/wp-json\/wp\/v2\/product_cat?post=80413"},{"taxonomy":"product_tag","embeddable":true,"href":"https:\/\/archiv.power-shift.de\/en\/wp-json\/wp\/v2\/product_tag?post=80413"}],"curies":[{"name":"wp","href":"https:\/\/api.w.org\/{rel}","templated":true}]}}