{"id":77548,"date":"2021-10-28T12:04:15","date_gmt":"2021-10-28T10:04:15","guid":{"rendered":"https:\/\/power-shift.de\/?post_type=product&#038;p=77548"},"modified":"2025-09-25T12:23:13","modified_gmt":"2025-09-25T10:23:13","slug":"veraenderungsurkunde","status":"publish","type":"product","link":"https:\/\/archiv.power-shift.de\/en\/product\/veraenderungsurkunde\/","title":{"rendered":"Document of change"},"content":{"rendered":"<p>Global inequality, climate disaster, exploitation of people and nature \u2013 the problems are huge. PowerShift is a non-profit association. We have been fighting for a more ecologically and socially just global economy since 2010. With a donation or membership, you too can support our commitment to a fairer global economy. Help us to continue the fight.<\/p>\n<p>For your donation you will receive a certificate in PDF format to print or send yourself.<\/p>","protected":false},"excerpt":{"rendered":"<p>Globale Ungleichheit, Klimakatastrophe, Ausbeutung von Mensch und Natur \u2013 die Probleme sind gro\u00df. PowerShift ist ein gemeinn\u00fctziger Verein. Wir k\u00e4mpfen seit 2010 f\u00fcr eine \u00f6kologisch und sozial gerechtere Weltwirtschaft. Mit [&hellip;]<\/p>","protected":false},"featured_media":77861,"template":"","meta":{"episode_type":"","audio_file":"","cover_image":"","cover_image_id":"","duration":"","filesize":"","date_recorded":"","explicit":"","block":"","itunes_episode_number":"","itunes_title":"","itunes_season_number":"","itunes_episode_type":"","filesize_raw":""},"product_brand":[],"product_cat":[424],"product_tag":[],"class_list":{"0":"post-77548","1":"product","2":"type-product","3":"status-publish","4":"has-post-thumbnail","6":"product_cat-spende","8":"first","9":"outofstock","10":"shipping-taxable","11":"purchasable","12":"product-type-variable"},"_links":{"self":[{"href":"https:\/\/archiv.power-shift.de\/en\/wp-json\/wp\/v2\/product\/77548","targetHints":{"allow":["GET"]}}],"collection":[{"href":"https:\/\/archiv.power-shift.de\/en\/wp-json\/wp\/v2\/product"}],"about":[{"href":"https:\/\/archiv.power-shift.de\/en\/wp-json\/wp\/v2\/types\/product"}],"wp:featuredmedia":[{"embeddable":true,"href":"https:\/\/archiv.power-shift.de\/en\/wp-json\/wp\/v2\/media\/77861"}],"wp:attachment":[{"href":"https:\/\/archiv.power-shift.de\/en\/wp-json\/wp\/v2\/media?parent=77548"}],"wp:term":[{"taxonomy":"product_brand","embeddable":true,"href":"https:\/\/archiv.power-shift.de\/en\/wp-json\/wp\/v2\/product_brand?post=77548"},{"taxonomy":"product_cat","embeddable":true,"href":"https:\/\/archiv.power-shift.de\/en\/wp-json\/wp\/v2\/product_cat?post=77548"},{"taxonomy":"product_tag","embeddable":true,"href":"https:\/\/archiv.power-shift.de\/en\/wp-json\/wp\/v2\/product_tag?post=77548"}],"curies":[{"name":"wp","href":"https:\/\/api.w.org\/{rel}","templated":true}]}}