{"id":82727,"date":"2023-02-16T00:06:12","date_gmt":"2023-02-15T23:06:12","guid":{"rendered":"https:\/\/power-shift.de\/?page_id=82727"},"modified":"2024-06-20T14:12:19","modified_gmt":"2024-06-20T12:12:19","slug":"quellen","status":"publish","type":"page","link":"https:\/\/archiv.power-shift.de\/en\/infoposter\/quellen\/","title":{"rendered":"Sources &amp; Imprint of the info poster \u201cFor Export Only\u201d: Consequences of EU trade agreements for smallholder agriculture in Latin America"},"content":{"rendered":"<div id=\"pl-82727\"  class=\"panel-layout\" ><div id=\"pg-82727-0\"  class=\"panel-grid panel-no-style\" ><div id=\"pgc-82727-0-0\"  class=\"panel-grid-cell\" ><div id=\"panel-82727-0-0-0\" class=\"so-panel widget widget_sow-editor panel-first-child panel-last-child\" data-index=\"0\" ><div\n\t\t\t\n\t\t\tclass=\"so-widget-sow-editor so-widget-sow-editor-base\"\n\t\t\t\n\t\t><h3 class=\"widget-title\">EU-Mexico sources<\/h3>\n<div class=\"siteorigin-widget-tinymce textwidget\">\n\t<p>\"In exchange\":<\/p>\n<ul>\n<li>AGRI-FOOD TRADE STATISTICAL FACTSHEET European Union \u2013 Mexico. European Commission, 16 March 2022. <a href=\"https:\/\/agriculture.ec.europa.eu\/documents_en?f%5B0%5D=document_title%3Amexico\">https:\/\/agriculture.ec.europa.eu\/documents_en?f%5B0%5D=document_title%3Amexico<\/a><\/li>\n<li>Ex-post evaluation of the implementation of the EU-Mexico Free Trade Agreement. Ecorys, February 2017. <a href=\"https:\/\/circabc.europa.eu\/ui\/group\/09242a36-a438-40fd-a7af-fe32e36cbd0e\/library\/6bb189e5-74b9-433b-87f0-26f07408d3ae\/details\">https:\/\/circabc.europa.eu\/ui\/group\/09242a36-a438-40fd-a7af-fe32e36cbd0e\/library\/6bb189e5-74b9-433b-87f0-26f07408d3ae\/details<\/a><\/li>\n<li>Sustainability Impact Assessment (SIA) in support of the negotiations of the modernisation of the trade part of the Global Agreement with Mexico. European Commission, 17 September 2019. <a href=\"https:\/\/op.europa.eu\/en\/publication-detail\/-\/publication\/7db179f8-18cc-11eb-b57e-01aa75ed71a1\">https:\/\/op.europa.eu\/en\/publication-detail\/-\/publication\/7db179f8-18cc-11eb-b57e-01aa75ed71a1<\/a><\/li>\n<\/ul>\n<p>&nbsp;<\/p>\n<p>\"In succession\":<\/p>\n<ul>\n<li>Chapter on Intellectual Property Rights of the modernized EU-Mexico FTA. European Commission, 21 April 2018. <a href=\"https:\/\/circabc.europa.eu\/ui\/group\/09242a36-a438-40fd-a7af-fe32e36cbd0e\/library\/c7f36171-c58b-4ffa-bb2c-2e5793705840\/details\">https:\/\/circabc.europa.eu\/ui\/group\/09242a36-a438-40fd-a7af-fe32e36cbd0e\/library\/c7f36171-c58b-4ffa-bb2c-2e5793705840\/details<\/a><\/li>\n<li>En busca de una soberan\u00eda alimentaria. Secretar\u00eda de Bienestar, 1 August 2019. <a href=\"https:\/\/www.gob.mx\/bienestar\/articulos\/en-busca-de-una-soberania-alimentaria\">https:\/\/www.gob.mx\/bienestar\/articulos\/en-busca-de-una-soberania-alimentaria<\/a><\/li>\n<\/ul>\n<\/div>\n<\/div><\/div><\/div><\/div><div id=\"pg-82727-1\"  class=\"panel-grid panel-no-style\" ><div id=\"pgc-82727-1-0\"  class=\"panel-grid-cell\" ><div id=\"panel-82727-1-0-0\" class=\"so-panel widget widget_sow-editor panel-first-child panel-last-child\" data-index=\"1\" ><div\n\t\t\t\n\t\t\tclass=\"so-widget-sow-editor so-widget-sow-editor-base\"\n\t\t\t\n\t\t><h3 class=\"widget-title\">Sources EU-Chile<\/h3>\n<div class=\"siteorigin-widget-tinymce textwidget\">\n\t<p>\"In exchange\":<\/p>\n<ul>\n<li>AGRI-FOOD TRADE STATISTICAL FACTSHEET European Union \u2013 Chile. European Commission, 2021 <a href=\"https:\/\/agriculture.ec.europa.eu\/documents_en?f%5B0%5D=document_title%3Achile\">https:\/\/agriculture.ec.europa.eu\/documents_en?f%5B0%5D=document_title%3Achile<\/a><\/li>\n<li>FICHA PA\u00cdS: CHILE- UNI\u00d3N EUROPEA. Direcci\u00f3n de Estudios, SUBREI, August 2022. <a href=\"https:\/\/www.subrei.gob.cl\/docs\/default-source\/estudios-y-documentos\/fichas\/union-europea-anual.pdf?sfvrsn=ee329fbc_2\">https:\/\/www.subrei.gob.cl\/docs\/default-source\/estudios-y-documentos\/fichas\/union-europea.pdf?sfvrsn=fedafb27_7<\/a><\/li>\n<li>Evaluation of the Economic Impact of the Trade Pillar of the EU-Chile Association Agreement. Final report. ITAQA SARL, 23 March 2012. <a href=\"https:\/\/circabc.europa.eu\/ui\/group\/09242a36-a438-40fd-a7af-fe32e36cbd0e\/library\/26adf029-4b73-46a9-bc16-37d260b481f9\/details\">https:\/\/circabc.europa.eu\/ui\/group\/09242a36-a438-40fd-a7af-fe32e36cbd0e\/library\/26adf029-4b73-46a9-bc16-37d260b481f9\/details<\/a><\/li>\n<li>Sustainability Impact Assessment in Support of the Negotiations for the Modernisation of the Trade Part of the Association Agreement with Chile. BKP Development Research &amp; Consulting, 07 May 2019. <a href=\"https:\/\/circabc.europa.eu\/ui\/group\/09242a36-a438-40fd-a7af-fe32e36cbd0e\/library\/1b9340d6-ce09-4be8-b501-7ec753cc70ce\/details?download=true\">https:\/\/circabc.europa.eu\/ui\/group\/09242a36-a438-40fd-a7af-fe32e36cbd0e\/library\/1b9340d6-ce09-4be8-b501-7ec753cc70ce\/details?download=true<\/a><\/li>\n<\/ul>\n<p>&nbsp;<\/p>\n<p>\"In succession\":<\/p>\n<ul>\n<li>Chile: 30 a\u00f1os de Tratados de Libre Comercio. Francisca Barriga and Andrea Sato<br \/>\nBenjam\u00edn S\u00e1ez - Caroline Stevens, Fundaci\u00f3n Sol, March 2022. <a href=\"https:\/\/fundacionsol.cl\/cl_luzit_herramientas\/static\/adjuntos\/6821\/Plataforma%20NoTLC%20Informe%20Final.pdf\">https:\/\/fundacionsol.cl\/cl_luzit_herramientas\/static\/adjuntos\/6821\/Plataforma%20NoTLC%20Informe%20Final.pdf<\/a><\/li>\n<li>Evaluation of the Economic Impact of the Trade Pillar of the EU-Chile Association Agreement. Final report. ITAQA SARL, 23 March 2012. <a href=\"https:\/\/circabc.europa.eu\/ui\/group\/09242a36-a438-40fd-a7af-fe32e36cbd0e\/library\/26adf029-4b73-46a9-bc16-37d260b481f9\/details\">https:\/\/circabc.europa.eu\/ui\/group\/09242a36-a438-40fd-a7af-fe32e36cbd0e\/library\/26adf029-4b73-46a9-bc16-37d260b481f9\/details<\/a><\/li>\n<li>Sustainability Impact Assessment in Support of the Negotiations for the Modernisation of the Trade Part of the Association Agreement with Chile. BKP Development Research &amp; Consulting, 07 May 2019. <a href=\"https:\/\/circabc.europa.eu\/ui\/group\/09242a36-a438-40fd-a7af-fe32e36cbd0e\/library\/1b9340d6-ce09-4be8-b501-7ec753cc70ce\/details?download=true\">https:\/\/circabc.europa.eu\/ui\/group\/09242a36-a438-40fd-a7af-fe32e36cbd0e\/library\/1b9340d6-ce09-4be8-b501-7ec753cc70ce\/details?download=true<\/a><\/li>\n<li>Text proposal of the Chapter on Intellectual Property Rights of the modernized EU-Chile FTA. European Commission, 6 February 2018. <a href=\"https:\/\/circabc.europa.eu\/ui\/group\/09242a36-a438-40fd-a7af-fe32e36cbd0e\/library\/48e157b8-852a-480f-a2a9-c98f636397b9\/details\">https:\/\/circabc.europa.eu\/ui\/group\/09242a36-a438-40fd-a7af-fe32e36cbd0e\/library\/48e157b8-852a-480f-a2a9-c98f636397b9\/details<\/a><\/li>\n<li>EU-Chile agreement: Documents. <a href=\"https:\/\/policy.trade.ec.europa.eu\/eu-trade-relationships-country-and-region\/countries-and-regions\/chile\/documents_en\">https:\/\/policy.trade.ec.europa.eu\/eu-trade-relationships-country-and-region\/countries-and-regions\/chile\/documents_en<\/a><\/li>\n<\/ul>\n<\/div>\n<\/div><\/div><\/div><\/div><div id=\"pg-82727-2\"  class=\"panel-grid panel-no-style\" ><div id=\"pgc-82727-2-0\"  class=\"panel-grid-cell\" ><div id=\"panel-82727-2-0-0\" class=\"so-panel widget widget_sow-editor panel-first-child panel-last-child\" data-index=\"2\" ><div\n\t\t\t\n\t\t\tclass=\"so-widget-sow-editor so-widget-sow-editor-base\"\n\t\t\t\n\t\t><h3 class=\"widget-title\">Sources EU-Mercosur<\/h3>\n<div class=\"siteorigin-widget-tinymce textwidget\">\n\t<p>\"In exchange\":<\/p>\n<ul>\n<li>AGRI-FOOD TRADE STATISTICAL FACTSHEET European Union \u2013 Mercosur. European Commission, 16 March 2022. <a href=\"https:\/\/agriculture.ec.europa.eu\/documents_en?f%5B0%5D=document_title%3Amercosur\">https:\/\/agriculture.ec.europa.eu\/documents_en?f%5B0%5D=document_title%3Amercosur<\/a><\/li>\n<li>Sustainability Impact Assessment in Support of the Association Agreement Negotiations between the European Union and Mercosur - Final Report. London School of Economics, December 2020. <a href=\"https:\/\/circabc.europa.eu\/ui\/group\/09242a36-a438-40fd-a7af-fe32e36cbd0e\/library\/abfa1190-59d1-4f59-93a5-9b9810d2b744\/details\">https:\/\/circabc.europa.eu\/ui\/group\/09242a36-a438-40fd-a7af-fe32e36cbd0e\/library\/abfa1190-59d1-4f59-93a5-9b9810d2b744\/details<\/a><\/li>\n<\/ul>\n<p>&nbsp;<\/p>\n<p>\"In succession\":<\/p>\n<ul>\n<li>EU-Mercosur \u2013 a toxic agreement. PowerShift, July 2020. <a href=\"https:\/\/archiv.power-shift.de\/wp-content\/uploads\/2020\/07\/Reisef%C3%BChrer_EU_Mercosur_Ein_giftiges_Abkommen_Juli_2020.pdf\">https:\/\/archiv.power-shift.de\/wp-content\/uploads\/2020\/07\/Reisef%C3%BChrer_EU_Mercosur_Ein_giftiges_Abkommen_Juli_2020.pdf<\/a><\/li>\n<li>Atlas del agronegocio transg\u00e9nico en el Cono Sur, Acci\u00f3n por la Biodiversidad, May 2020,\u00a0<a href=\"http:\/\/www.biodiversidadla.org\/Atlas\">http:\/\/www.biodiversidadla.org\/Atlas<\/a><\/li>\n<li>Annex of tariff elimination schedule Mercosur. European Commission, 8 September 2022. <a href=\"https:\/\/circabc.europa.eu\/ui\/group\/09242a36-a438-40fd-a7af-fe32e36cbd0e\/library\/a041f028-2c04-4f52-b1c7-b929d61d7800\/details\">https:\/\/circabc.europa.eu\/ui\/group\/09242a36-a438-40fd-a7af-fe32e36cbd0e\/library\/a041f028-2c04-4f52-b1c7-b929d61d7800\/details<\/a><\/li>\n<li>Chapter on Intellectual Property, Trade part of the EU-Mercosur Association Agreement. European Commission.<a href=\"https:\/\/circabc.europa.eu\/ui\/group\/09242a36-a438-40fd-a7af-fe32e36cbd0e\/library\/0dd13d1e-528e-455e-941b-bc280753ca00\/details\"> https:\/\/circabc.europa.eu\/ui\/group\/09242a36-a438-40fd-a7af-fe32e36cbd0e\/library\/0dd13d1e-528e-455e-941b-bc280753ca00\/details<\/a><\/li>\n<\/ul>\n<p>&nbsp;<\/p>\n<p>All sources last accessed 28.02.2023<\/p>\n<\/div>\n<\/div><\/div><\/div><\/div><div id=\"pg-82727-3\"  class=\"panel-grid panel-no-style\" ><div id=\"pgc-82727-3-0\"  class=\"panel-grid-cell\" ><div id=\"panel-82727-3-0-0\" class=\"so-panel widget widget_sow-editor panel-first-child panel-last-child\" data-index=\"3\" ><div\n\t\t\t\n\t\t\tclass=\"so-widget-sow-editor so-widget-sow-editor-base\"\n\t\t\t\n\t\t><h3 class=\"widget-title\">Disclaimer<\/h3>\n<div class=\"siteorigin-widget-tinymce textwidget\">\n\t<p>Publisher:<br \/>\nPowerShift \u2013 Association for an Ecological-Solidary Energy- &amp; World Economy e.V.<br \/>\nGreifswalder Str. 4<br \/>\n10405 Berlin<br \/>\nTel.: +49 30 42805479<br \/>\nWeb: <a href=\"https:\/\/archiv.power-shift.de\/en\/\">https:\/\/archiv.power-shift.de<\/a><br \/>\nE-mail: info@power-shift.de<\/p>\n<p>Co-editor:<br \/>\nWorking Group on Farming (AbL)<br \/>\nResearch and Documentation Centre Chile Latin America (FDCL)<br \/>\nEnvironment and Development Forum<br \/>\nNature lovers of Germany<\/p>\n<p>Author: Bettina M\u00fcller<br \/>\nEditorial staff: Bettina M\u00fcller and Anne Bundschuh<br \/>\nIllustration &amp; Layout: by Michelle Tylicky <a href=\"https:\/\/www.michelletylicki.info\/\">www.michelletylicki.info<\/a><\/p>\n<p>Berlin, December 2022<\/p>\n<\/div>\n<\/div><\/div><\/div><\/div><\/div>","protected":false},"excerpt":{"rendered":"<p>&#8220;Im Austausch&#8221;: AGRI-FOOD TRADE STATISTICAL FACTSHEET European Union \u2013 Mexico. Europ\u00e4ische Kommission, 16. M\u00e4rz 2022. https:\/\/agriculture.ec.europa.eu\/documents_en?f%5B0%5D=document_title%3Amexico Ex-post evaluation of the implementation of the EU-Mexico Free Trade Agreement. Ecorys, Februar 2017. [&hellip;]<\/p>","protected":false},"author":4,"featured_media":0,"parent":82725,"menu_order":0,"comment_status":"closed","ping_status":"closed","template":"","meta":{"episode_type":"","audio_file":"","cover_image":"","cover_image_id":"","duration":"","filesize":"","date_recorded":"","explicit":"","block":"","itunes_episode_number":"","itunes_title":"","itunes_season_number":"","itunes_episode_type":"","filesize_raw":"","footnotes":""},"ppma_author":[442],"class_list":["post-82727","page","type-page","status-publish","hentry"],"_links":{"self":[{"href":"https:\/\/archiv.power-shift.de\/en\/wp-json\/wp\/v2\/pages\/82727","targetHints":{"allow":["GET"]}}],"collection":[{"href":"https:\/\/archiv.power-shift.de\/en\/wp-json\/wp\/v2\/pages"}],"about":[{"href":"https:\/\/archiv.power-shift.de\/en\/wp-json\/wp\/v2\/types\/page"}],"author":[{"embeddable":true,"href":"https:\/\/archiv.power-shift.de\/en\/wp-json\/wp\/v2\/users\/4"}],"replies":[{"embeddable":true,"href":"https:\/\/archiv.power-shift.de\/en\/wp-json\/wp\/v2\/comments?post=82727"}],"version-history":[{"count":0,"href":"https:\/\/archiv.power-shift.de\/en\/wp-json\/wp\/v2\/pages\/82727\/revisions"}],"up":[{"embeddable":true,"href":"https:\/\/archiv.power-shift.de\/en\/wp-json\/wp\/v2\/pages\/82725"}],"wp:attachment":[{"href":"https:\/\/archiv.power-shift.de\/en\/wp-json\/wp\/v2\/media?parent=82727"}],"wp:term":[{"taxonomy":"author","embeddable":true,"href":"https:\/\/archiv.power-shift.de\/en\/wp-json\/wp\/v2\/ppma_author?post=82727"}],"curies":[{"name":"wp","href":"https:\/\/api.w.org\/{rel}","templated":true}]}}