{"id":19389,"date":"2019-05-29T17:33:22","date_gmt":"2019-05-29T15:33:22","guid":{"rendered":"https:\/\/neu.power-shift.de\/?page_id=19389"},"modified":"2025-09-25T15:49:50","modified_gmt":"2025-09-25T13:49:50","slug":"powershift-e-v-jahresberichte","status":"publish","type":"page","link":"https:\/\/archiv.power-shift.de\/en\/powershift-e-v-jahresberichte\/","title":{"rendered":"PowerShift e.V. Annual Reports"},"content":{"rendered":"<div id=\"pl-19389\"  class=\"panel-layout\" ><div id=\"pg-19389-0\"  class=\"panel-grid panel-no-style\" ><div id=\"pgc-19389-0-0\"  class=\"panel-grid-cell\" ><div id=\"panel-19389-0-0-0\" class=\"so-panel widget widget_mo-heading panel-first-child\" data-index=\"0\" ><div\n\t\t\t\n\t\t\tclass=\"so-widget-mo-heading so-widget-mo-heading-default-d75171398898-19389\"\n\t\t\t\n\t\t>\n<div class=\"heading center\"><h3 class=\"title\">Our annual reports<\/h3><\/div><\/div><\/div><div id=\"panel-19389-0-0-1\" class=\"so-panel widget widget_sow-editor panel-last-child\" data-index=\"1\" ><div\n\t\t\t\n\t\t\tclass=\"so-widget-sow-editor so-widget-sow-editor-base\"\n\t\t\t\n\t\t>\n<div class=\"siteorigin-widget-tinymce textwidget\">\n\t<p>Immerse yourself in our activities, publications and educational offers and learn how we are committed to a world of solidarity and ecology.<\/p>\n<h2>Jahresbericht 2024<\/h2>\n<div class=\"button-wrap\" style=\"text-align:none;float:none;\"><a class= \"button  default small\" href=\"https:\/\/archiv.power-shift.de\/wp-content\/uploads\/2025\/01\/PowerShift_Jahresbericht-2024.pdf\" target=\"_self\">Download PDF<\/a><\/div>\n<h2>2023 Annual Report<\/h2>\n<div class=\"button-wrap\" style=\"text-align:none;float:none;\"><a class= \"button  default small\" href=\"https:\/\/archiv.power-shift.de\/wp-content\/uploads\/2024\/02\/Jahresbericht-2023.pdf\" target=\"_self\">Download PDF<\/a><\/div>\n<h2>2022 Annual Report<\/h2>\n<div class=\"button-wrap\" style=\"text-align:none;float:none;\"><a class= \"button  default small\" href=\"https:\/\/archiv.power-shift.de\/wp-content\/uploads\/2023\/01\/Jahresbericht-2022.pdf\" target=\"_self\">Download PDF<\/a><\/div>\n<h2>Annual Report 2021<\/h2>\n<div class=\"button-wrap\" style=\"text-align:none;float:none;\"><a class= \"button  default small\" href=\"https:\/\/archiv.power-shift.de\/wp-content\/uploads\/2022\/02\/Jahresbericht-2021.pdf\" target=\"_self\">Download PDF<\/a><\/div>\n<h2>Annual report 2020<\/h2>\n<div class=\"button-wrap\" style=\"text-align:none;float:none;\"><a class= \"button  default small\" href=\"https:\/\/archiv.power-shift.de\/wp-content\/uploads\/2022\/01\/Jahresbericht-2020.pdf\" target=\"_self\">Download PDF<\/a><\/div>\n<h2>Annual report 2019<\/h2>\n<div class=\"button-wrap\" style=\"text-align:none;float:none;\"><a class= \"button  default small\" href=\"https:\/\/archiv.power-shift.de\/wp-content\/uploads\/2020\/04\/Jahresbericht-2019.docx.pdf\" target=\"_self\">Download PDF<\/a><\/div>\n<h2>Annual report 2018<\/h2>\n<div class=\"button-wrap\" style=\"text-align:none;float:none;\"><a class= \"button  default small\" href=\"https:\/\/archiv.power-shift.de\/wp-content\/uploads\/2019\/06\/Jahrebericht-2018.pdf\" target=\"_self\">Download PDF<\/a><\/div>\n<h2>Annual report 2017<\/h2>\n<div class=\"button-wrap\" style=\"text-align:none;float:none;\"><a class= \"button  default small\" href=\"https:\/\/archiv.power-shift.de\/wp-content\/uploads\/2019\/05\/Jahrebericht-2017-1.pdf\" target=\"_self\">Download PDF<\/a><\/div>\n<h2>Annual Report 2016<\/h2>\n<div class=\"button-wrap\" style=\"text-align:none;float:none;\"><a class= \"button  default small\" href=\"https:\/\/archiv.power-shift.de\/wp-content\/uploads\/2019\/05\/Jahrebericht-2016.pdf\" target=\"_self\">Download PDF<\/a><\/div>\n<\/div>\n<\/div><\/div><\/div><\/div><\/div>","protected":false},"excerpt":{"rendered":"<p>Tauchen Sie ein in unsere Aktivit\u00e4ten, Publikationen und Bildungsangebote und erfahren Sie, wie wir uns f\u00fcr eine solidarisch-\u00f6kologische Welt einsetzen. Jahresbericht 2024 Jahresbericht 2023 Jahresbericht 2022 Jahresbericht 2021 Jahresbericht 2020 [&hellip;]<\/p>","protected":false},"author":11,"featured_media":19391,"parent":0,"menu_order":62,"comment_status":"closed","ping_status":"closed","template":"","meta":{"episode_type":"","audio_file":"","cover_image":"","cover_image_id":"","duration":"","filesize":"","date_recorded":"","explicit":"","block":"","itunes_episode_number":"","itunes_title":"","itunes_season_number":"","itunes_episode_type":"","filesize_raw":"","footnotes":""},"ppma_author":[235],"class_list":["post-19389","page","type-page","status-publish","has-post-thumbnail","hentry"],"_links":{"self":[{"href":"https:\/\/archiv.power-shift.de\/en\/wp-json\/wp\/v2\/pages\/19389","targetHints":{"allow":["GET"]}}],"collection":[{"href":"https:\/\/archiv.power-shift.de\/en\/wp-json\/wp\/v2\/pages"}],"about":[{"href":"https:\/\/archiv.power-shift.de\/en\/wp-json\/wp\/v2\/types\/page"}],"author":[{"embeddable":true,"href":"https:\/\/archiv.power-shift.de\/en\/wp-json\/wp\/v2\/users\/11"}],"replies":[{"embeddable":true,"href":"https:\/\/archiv.power-shift.de\/en\/wp-json\/wp\/v2\/comments?post=19389"}],"version-history":[{"count":1,"href":"https:\/\/archiv.power-shift.de\/en\/wp-json\/wp\/v2\/pages\/19389\/revisions"}],"predecessor-version":[{"id":94396,"href":"https:\/\/archiv.power-shift.de\/en\/wp-json\/wp\/v2\/pages\/19389\/revisions\/94396"}],"wp:featuredmedia":[{"embeddable":true,"href":"https:\/\/archiv.power-shift.de\/en\/wp-json\/wp\/v2\/media\/19391"}],"wp:attachment":[{"href":"https:\/\/archiv.power-shift.de\/en\/wp-json\/wp\/v2\/media?parent=19389"}],"wp:term":[{"taxonomy":"author","embeddable":true,"href":"https:\/\/archiv.power-shift.de\/en\/wp-json\/wp\/v2\/ppma_author?post=19389"}],"curies":[{"name":"wp","href":"https:\/\/api.w.org\/{rel}","templated":true}]}}