{"id":19188,"date":"2019-05-27T12:13:04","date_gmt":"2019-05-27T10:13:04","guid":{"rendered":"https:\/\/neu.power-shift.de\/?page_id=19188"},"modified":"2025-09-25T15:47:55","modified_gmt":"2025-09-25T13:47:55","slug":"initiative-transparente-zivilgesellschaft","status":"publish","type":"page","link":"https:\/\/archiv.power-shift.de\/en\/initiative-transparente-zivilgesellschaft\/","title":{"rendered":"Transparent Civil Society Initiative"},"content":{"rendered":"<div id=\"pl-19188\"  class=\"panel-layout\" ><div id=\"pg-19188-0\"  class=\"panel-grid panel-no-style\" ><div id=\"pgc-19188-0-0\"  class=\"panel-grid-cell\" ><div id=\"panel-19188-0-0-0\" class=\"so-panel widget widget_sow-editor panel-first-child panel-last-child\" data-index=\"0\" ><div\n\t\t\t\n\t\t\tclass=\"so-widget-sow-editor so-widget-sow-editor-base\"\n\t\t\t\n\t\t>\n<div class=\"siteorigin-widget-tinymce textwidget\">\n\t<p><img loading=\"lazy\" decoding=\"async\" class=\"size-medium wp-image-9455 alignleft\" src=\"https:\/\/archiv.power-shift.de\/wp-content\/uploads\/2018\/11\/Transparente_ZivilgesellschaftPNG-300x82.png\" sizes=\"auto, (max-width: 300px) 100vw, 300px\" srcset=\"https:\/\/archiv.power-shift.de\/wp-content\/uploads\/2018\/11\/Transparente_ZivilgesellschaftPNG-300x82.png 300w, https:\/\/archiv.power-shift.de\/wp-content\/uploads\/2018\/11\/Transparente_ZivilgesellschaftPNG-600x163.png 600w, https:\/\/archiv.power-shift.de\/wp-content\/uploads\/2018\/11\/Transparente_ZivilgesellschaftPNG.png 735w\" alt=\"\" width=\"300\" height=\"82\" \/><\/p>\n<p class=\"bodytext\"><b>PowerShift supports <a title=\"www.transparente-zivilgesellschaft.de\" href=\"http:\/\/www.transparente-zivilgesellschaft.de\/\" target=\"_blank\" rel=\"noopener\">Transparent Civil Society Initiative<\/a>, an initiative for transparency among non-profit organisations. Here are ten points of information about PowerShift's goals, where the funds come from, how they are used, and who the decision makers are:<\/b><\/p>\n<p>&nbsp;<\/p>\n<h3><\/h3>\n<h3 class=\"bodytext\">1. Name, registered office, address and year of foundation<\/h3>\n<ul class=\"contentlist_ul\">\n<li>PowerShift e.V. Greifswalderstr. 4, 10405 Berlin, Germany. More information at: <a href=\"https:\/\/archiv.power-shift.de\/en\/impressum\/\">Disclaimer<\/a> \/ <a href=\"https:\/\/archiv.power-shift.de\/en\/kontakt\/\">Contact form<\/a><\/li>\n<li>PowerShift was founded in Berlin in 2010.<\/li>\n<\/ul>\n<h3>2. Statutes and objectives of the organization<\/h3>\n<ul class=\"contentlist_ul\">\n<li>The statutes of PowerShift e.V. can be <a href=\"https:\/\/power-shift.de\/wp-content\/uploads\/2025\/06\/PowerShift-Satzung_Neu_Juni-2023.pdf\">here<\/a> see it.<\/li>\n<li>General information about PowerShift and our main areas of work can be found here: <a href=\"https:\/\/archiv.power-shift.de\/en\/ueber-uns\/\">About us<\/a><\/li>\n<li><a href=\"https:\/\/archiv.power-shift.de\/en\/ueber-uns\/\">Here<\/a> You will find a description of our self-image, our goals and the priorities set for the respective year.<\/li>\n<li>Detailed information on the topics, campaigns and publications we work on can be found under the respective main areas of work: <a href=\"https:\/\/archiv.power-shift.de\/en\/handels-und-investitionspolitik\/\">Trade and investment policy<\/a>, <a href=\"https:\/\/archiv.power-shift.de\/en\/rohstoffpolitik\/\">Raw materials policy<\/a>, <a href=\"https:\/\/archiv.power-shift.de\/en\/klimapolitik\/\">Energy policy.<\/a><\/li>\n<\/ul>\n<h3>3. Information on the tax advantage<\/h3>\n<ul class=\"contentlist_ul\">\n<li>We are responsible for the promotion of science and research as well as the promotion of people's and vocational education and training, including student assistance, according to the last exemption notice we received from the Tax Office for Corporations I Berlin, StNr. 27\/675\/55937 of 26 October 2021 exempted from corporation tax for the years 2018 to 2020 pursuant to Paragraph 5(1)(9) of the Law on corporation tax and from business tax pursuant to Paragraph 3(6) of the Law on trade tax.<\/li>\n<li>Membership fees are deductible like donations.<\/li>\n<\/ul>\n<h3>4. Name and function of key decision makers<\/h3>\n<ul class=\"contentlist_ul\">\n<li>Im Vorstand von PowerShift e.V. sind Tine Laufer (gesch\u00e4ftsf\u00fchrende Vorst\u00e4ndin), Merle Groneweg, Nelly Grotefendt und Bernd Brouns. Beisitzer*innen sind Regine Richter, Michael Reckordt sowie Alessa Hartmann.<\/li>\n<\/ul>\n<h3>5. Activity report<\/h3>\n<ul class=\"contentlist_ul\">\n<li>On the <a href=\"https:\/\/archiv.power-shift.de\/en\/\">homepage<\/a> Find an overview of PowerShift's activities, publications and news. More information can be found in our annual reports: <a href=\"https:\/\/archiv.power-shift.de\/wp-content\/uploads\/2025\/01\/PowerShift_Jahresbericht-2024.pdf\">2024<\/a> \/ <a href=\"https:\/\/archiv.power-shift.de\/wp-content\/uploads\/2024\/07\/Jahresbericht-2023.pdf\">2023<\/a> \/\u00a0<a href=\"https:\/\/archiv.power-shift.de\/wp-content\/uploads\/2023\/06\/Jahresbericht-2022.pdf\">2022<\/a> \/ <a href=\"https:\/\/archiv.power-shift.de\/wp-content\/uploads\/2022\/02\/Jahresbericht-2021.pdf\">2021<\/a> \/\u00a0<a href=\"https:\/\/archiv.power-shift.de\/wp-content\/uploads\/2021\/09\/Jahresbericht-2020.pdf\">2020<\/a> \/ <a href=\"https:\/\/archiv.power-shift.de\/wp-content\/uploads\/2020\/04\/Jahresbericht-2019.docx.pdf\">2019<\/a> \/ <a href=\"https:\/\/archiv.power-shift.de\/wp-content\/uploads\/2019\/06\/Jahrebericht-2018.pdf\">2018<\/a> \/\u00a0<a href=\"https:\/\/archiv.power-shift.de\/wp-content\/uploads\/2019\/05\/Jahrebericht-2017-1.pdf\">2017<\/a> \/ <a href=\"https:\/\/archiv.power-shift.de\/wp-content\/uploads\/2019\/05\/Jahrebericht-2016.pdf\">2016<\/a><\/li>\n<li>There are also our <a href=\"https:\/\/archiv.power-shift.de\/en\/powershift-in-den-medien\/\">Press review<\/a>, and <a href=\"https:\/\/archiv.power-shift.de\/en\/presse\/\">releases<\/a> by PowerShift.<\/li>\n<\/ul>\n<h3>6. Staff structure<\/h3>\n<ul class=\"contentlist_ul\">\n<li>2024 setzte sich das Team von PowerShift aus 14 Teilzeitkr\u00e4ften zwischen 25 % und 75 % zusammen (umgerechnet 8,5Vollzeitstellen) und wurde unterst\u00fctzt durch f\u00fcnf freie Mitarbeiter*innen. Zeitweise kommen auch Praktikant*innen hinzu: <a title=\"The foodwatch team\" href=\"https:\/\/archiv.power-shift.de\/en\/ueber-uns\/\">team<\/a><\/li>\n<\/ul>\n<h3>7\/8. Information on the origin and use of funds<\/h3>\n<p>PowerShift is an independent, non-profit association and finances a large part of the projects from pots of political education work and private foundations, as well as from the contributions of the sponsoring members, donations and foundation funds.<\/p>\n<h4><strong>Einnahmen 2024<\/strong><\/h4>\n<p>Die Einnahmen im Berichtsjahr 2024 betrugen insgesamt 849.773,27 \u20ac Euro. 90 % davon stammen aus projektabh\u00e4ngigen F\u00f6rdermitteln. So bezieht der Handelsbereich ein Gro\u00dfteil der F\u00f6rderung von der Landesstelle f\u00fcr Entwicklungszusammenarbeit (LEZ), von den Fundern for Fair Trade sowie durch Kofinanzierung \u00fcber Kooperationspartner*innen. Der Energie- und Klimabereich finanziert sich vorwiegend \u00fcber die LEZ. Der Bereich Rohstoffe wird\u00a0 aus Mitteln des F\u00f6rderprogramms entwicklungspolitische Bildung (FEB) sowie einer F\u00f6rderung durch die OLIN gGmbH\u00a0 und der European Climate Foundation (ECF) finanziert. Eine Liste aller Organisationen, die bisher Mittel zur Verf\u00fcgung gestellt haben, finden Sie unter \"Partner*innen\" in der Rubrik <a href=\"https:\/\/archiv.power-shift.de\/en\/ueber-uns\/\">About us<\/a>. Ca. 73.000 Euro konnten wir \u00fcber Spenden, F\u00f6rdermitgliegschaften, Mitgliederbeitr\u00e4ge und Bu\u00dfgelder generieren. Die restlichen Einnahmen entstanden durch Publikationsverkauf, Teilnehmer*innenbeitrage und sonstige betriebliche Ertr\u00e4ge, wie Erstattungen \u00fcber das Aufwendungsausgleichsgesetz oder aus R\u00fccklagen.<\/p>\n<p><img loading=\"lazy\" decoding=\"async\" class=\"alignnone size-full wp-image-94129\" src=\"https:\/\/archiv.power-shift.de\/wp-content\/uploads\/2025\/07\/Einnahmen-2024.jpg\" alt=\"\" width=\"471\" height=\"288\" srcset=\"https:\/\/archiv.power-shift.de\/wp-content\/uploads\/2025\/07\/Einnahmen-2024.jpg 471w, https:\/\/archiv.power-shift.de\/wp-content\/uploads\/2025\/07\/Einnahmen-2024-18x12.jpg 18w\" sizes=\"auto, (max-width: 471px) 100vw, 471px\" \/><\/p>\n<h4><strong>Ausgaben 2024<\/strong><\/h4>\n<p>Die Ausgaben betrugen im Jahr 2024 insgesamt entsprechend der Einnahmen 849.773,27 \u20ac. Der gr\u00f6\u00dfte Posten im Gesamtbudget war mit etwa 67 % der Personalaufwand. 2024 wurden davon 14 Mitarbeiter*innen in Teilzeit finanziert. Etwa 22 % der Ausgaben ging in projektabh\u00e4ngige Ausgaben wie Honorare f\u00fcr freie Mitarbeiter*innen, Sach- und Reisekosten. Die restlichen 11 % wurden f\u00fcr allgemeine Sach- und Vereinskosten, wie Miete, B\u00fcrobedarf, etc. verwendet.<\/p>\n<p><img loading=\"lazy\" decoding=\"async\" class=\"alignnone size-full wp-image-94130\" src=\"https:\/\/archiv.power-shift.de\/wp-content\/uploads\/2025\/07\/Ausgaben-2024.jpg\" alt=\"\" width=\"475\" height=\"286\" srcset=\"https:\/\/archiv.power-shift.de\/wp-content\/uploads\/2025\/07\/Ausgaben-2024.jpg 475w, https:\/\/archiv.power-shift.de\/wp-content\/uploads\/2025\/07\/Ausgaben-2024-18x12.jpg 18w\" sizes=\"auto, (max-width: 475px) 100vw, 475px\" \/><\/p>\n<p>You will find a detailed income statement <a href=\"https:\/\/archiv.power-shift.de\/wp-content\/uploads\/2024\/07\/PowerShift-Bilanz-GuV_web.pdf\">here.<\/a><\/p>\n<h3><\/h3>\n<h3>9. Company law affiliation with third parties<\/h3>\n<ul class=\"contentlist_ul\">\n<li>PowerShift e.V. is an independent, non-profit association that is not bound to third parties under company law.<\/li>\n<\/ul>\n<h3>10. Largest donors<\/h3>\n<ul>\n<li>PowerShift e.V. receives financial contributions from the following institutions\/organizations, each of which receives more than 10% of annual income: Development Policy Education (FEB) programme. You can find a list of all financial organizations so far at Our Partners at <a href=\"https:\/\/archiv.power-shift.de\/en\/ueber-uns\/\">About us.<\/a><\/li>\n<li>Donations from individuals or organizations that have more than 10% The annual income was not received.<\/li>\n<\/ul>\n<\/div>\n<\/div><\/div><\/div><\/div><\/div>","protected":false},"excerpt":{"rendered":"<p>PowerShift unterst\u00fctzt die Initiative Transparente Zivilgesellschaft, eine Initiative f\u00fcr Transparenz bei gemeinn\u00fctzigen Organisationen. Hier finden Sie in zehn Punkten Informationen \u00fcber die Ziele von PowerShift, woher die Mittel stammen, wie [&hellip;]<\/p>","protected":false},"author":11,"featured_media":0,"parent":0,"menu_order":67,"comment_status":"closed","ping_status":"closed","template":"","meta":{"episode_type":"","audio_file":"","cover_image":"","cover_image_id":"","duration":"","filesize":"","date_recorded":"","explicit":"","block":"","itunes_episode_number":"","itunes_title":"","itunes_season_number":"","itunes_episode_type":"","filesize_raw":"","footnotes":""},"ppma_author":[235],"class_list":["post-19188","page","type-page","status-publish","hentry"],"_links":{"self":[{"href":"https:\/\/archiv.power-shift.de\/en\/wp-json\/wp\/v2\/pages\/19188","targetHints":{"allow":["GET"]}}],"collection":[{"href":"https:\/\/archiv.power-shift.de\/en\/wp-json\/wp\/v2\/pages"}],"about":[{"href":"https:\/\/archiv.power-shift.de\/en\/wp-json\/wp\/v2\/types\/page"}],"author":[{"embeddable":true,"href":"https:\/\/archiv.power-shift.de\/en\/wp-json\/wp\/v2\/users\/11"}],"replies":[{"embeddable":true,"href":"https:\/\/archiv.power-shift.de\/en\/wp-json\/wp\/v2\/comments?post=19188"}],"version-history":[{"count":3,"href":"https:\/\/archiv.power-shift.de\/en\/wp-json\/wp\/v2\/pages\/19188\/revisions"}],"predecessor-version":[{"id":94395,"href":"https:\/\/archiv.power-shift.de\/en\/wp-json\/wp\/v2\/pages\/19188\/revisions\/94395"}],"wp:attachment":[{"href":"https:\/\/archiv.power-shift.de\/en\/wp-json\/wp\/v2\/media?parent=19188"}],"wp:term":[{"taxonomy":"author","embeddable":true,"href":"https:\/\/archiv.power-shift.de\/en\/wp-json\/wp\/v2\/ppma_author?post=19188"}],"curies":[{"name":"wp","href":"https:\/\/api.w.org\/{rel}","templated":true}]}}